{"id":21311,"date":"2026-03-29T17:48:50","date_gmt":"2026-03-29T16:48:50","guid":{"rendered":"https:\/\/bigbuy.tupique.com\/produto\/perforating-hammer-bosch-850-w-1300-rpm\/"},"modified":"2026-05-11T20:00:50","modified_gmt":"2026-05-11T18:00:50","slug":"perforating-hammer-bosch-850-w-1300-rpm","status":"publish","type":"product","link":"https:\/\/bigbuy.tupique.com\/en\/produto\/perforating-hammer-bosch-850-w-1300-rpm\/","title":{"rendered":"Marteau perforateur BOSCH 850 W 1300 rpm"},"content":{"rendered":"<p>Si vous aimez prendre soin de chaque d\u00e9tail de votre maison et d&#8217;\u00eatre \u00e0 la derni\u00e8re mode en mati\u00e8re de produits qui vous rendront la vie plus facile, achetez <b>Marteau perforateur BOSCH 850 W 1300 rpm<\/b> au meilleur prix.<\/p>\n<ul>\n<li>Produit \u00e0 brancher: Oui<\/li>\n<li>Type de prise: Prise EU<\/li>\n<li>Couleur:\n<ul>\n<li>Noir<\/li>\n<li>Bleu<\/li>\n<\/ul>\n<\/li>\n<li>Bloc d\u2019Alimentation:\n<ul>\n<li>r\u00e9seau \u00e9lectrique<\/li>\n<li>Batterie<\/li>\n<li>Batterie rechargeable<\/li>\n<\/ul>\n<\/li>\n<li>Caract\u00e9ristiques:\n<ul>\n<li>Lumi\u00e8re LED<\/li>\n<li>Interrupteur marche\/arr\u00eat<\/li>\n<li>Adh\u00e9sion douce<\/li>\n<li>Double poign\u00e9e<\/li>\n<\/ul>\n<\/li>\n<li>Tension: 18 V<\/li>\n<li>puissance: 850 W<\/li>\n<li>vitesse: 1300 rpm<\/li>\n<li>Inclut: Housse de transport<\/li>\n<li>Type de batterie: Litio Ion<\/li>\n<li>Type d&#8217;ancrage: SDS Plus<\/li>\n<\/ul>","protected":false},"excerpt":{"rendered":"<p>Si vous aimez prendre soin de chaque d\u00e9tail de votre maison et d&#8217;\u00eatre \u00e0 la derni\u00e8re mode en mati\u00e8re de produits qui vous rendront la vie plus facile, achetez Marteau perforateur BOSCH 850 W 1300 rpm au meilleur prix. Produit \u00e0 brancher: Oui Type de prise: Prise EU Couleur: Noir Bleu Bloc d\u2019Alimentation: r\u00e9seau \u00e9lectrique [&hellip;]<\/p>\n","protected":false},"featured_media":21308,"comment_status":"open","ping_status":"closed","template":"","meta":[],"product_brand":[162],"product_cat":[613,239],"product_tag":[59,210],"class_list":{"0":"post-21311","1":"product","2":"type-product","3":"status-publish","4":"has-post-thumbnail","6":"product_brand-brandp_959","7":"product_cat-bricolage-et-materiel","8":"product_cat-maison-jardin","9":"product_tag-tag_1304","10":"product_tag-tag_25","12":"first","13":"instock","14":"taxable","15":"shipping-taxable","16":"purchasable","17":"product-type-simple"},"_links":{"self":[{"href":"https:\/\/bigbuy.tupique.com\/en\/wp-json\/wp\/v2\/product\/21311","targetHints":{"allow":["GET"]}}],"collection":[{"href":"https:\/\/bigbuy.tupique.com\/en\/wp-json\/wp\/v2\/product"}],"about":[{"href":"https:\/\/bigbuy.tupique.com\/en\/wp-json\/wp\/v2\/types\/product"}],"replies":[{"embeddable":true,"href":"https:\/\/bigbuy.tupique.com\/en\/wp-json\/wp\/v2\/comments?post=21311"}],"wp:featuredmedia":[{"embeddable":true,"href":"https:\/\/bigbuy.tupique.com\/en\/wp-json\/wp\/v2\/media\/21308"}],"wp:attachment":[{"href":"https:\/\/bigbuy.tupique.com\/en\/wp-json\/wp\/v2\/media?parent=21311"}],"wp:term":[{"taxonomy":"product_brand","embeddable":true,"href":"https:\/\/bigbuy.tupique.com\/en\/wp-json\/wp\/v2\/product_brand?post=21311"},{"taxonomy":"product_cat","embeddable":true,"href":"https:\/\/bigbuy.tupique.com\/en\/wp-json\/wp\/v2\/product_cat?post=21311"},{"taxonomy":"product_tag","embeddable":true,"href":"https:\/\/bigbuy.tupique.com\/en\/wp-json\/wp\/v2\/product_tag?post=21311"}],"curies":[{"name":"wp","href":"https:\/\/api.w.org\/{rel}","templated":true}]}}