{"id":21214,"date":"2026-03-29T17:46:25","date_gmt":"2026-03-29T16:46:25","guid":{"rendered":"https:\/\/bigbuy.tupique.com\/produto\/jet-wash-gardena-aquabrush\/"},"modified":"2026-04-16T18:21:38","modified_gmt":"2026-04-16T17:21:38","slug":"jet-wash-gardena-aquabrush","status":"publish","type":"product","link":"https:\/\/bigbuy.tupique.com\/en\/produto\/jet-wash-gardena-aquabrush\/","title":{"rendered":"Nettoyeur haute pression Gardena Aquabrush"},"content":{"rendered":"<p>Si vous aimez prendre soin de chaque d\u00e9tail de votre maison et d&#8217;\u00eatre \u00e0 la derni\u00e8re mode en mati\u00e8re de produits qui vous rendront la vie plus facile, achetez <b>Nettoyeur haute pression Gardena Aquabrush<\/b> au meilleur prix.<\/p>\n<ul>\n<li>Tension: 18 V<\/li>\n<li>Capacit\u00e9 de la batterie: 2,5 Ah<\/li>\n<li>Type: Nettoyeur haute pression<\/li>\n<li>Couleur: Gris<\/li>\n<li>Bloc d\u2019Alimentation: Batterie<\/li>\n<li>Inclut:\n<ul>\n<li>Batterie au lithium rechargeable<\/li>\n<li>Anse de transport<\/li>\n<li>Chargeur de batterie<\/li>\n<\/ul>\n<\/li>\n<li>Fonctionne \u00e0 piles: 1 Litio Ion, incluidas<\/li>\n<\/ul>","protected":false},"excerpt":{"rendered":"<p>Si vous aimez prendre soin de chaque d\u00e9tail de votre maison et d&#8217;\u00eatre \u00e0 la derni\u00e8re mode en mati\u00e8re de produits qui vous rendront la vie plus facile, achetez Nettoyeur haute pression Gardena Aquabrush au meilleur prix. Tension: 18 V Capacit\u00e9 de la batterie: 2,5 Ah Type: Nettoyeur haute pression Couleur: Gris Bloc d\u2019Alimentation: Batterie [&hellip;]<\/p>\n","protected":false},"featured_media":21210,"comment_status":"open","ping_status":"closed","template":"","meta":[],"product_brand":[831],"product_cat":[613,239],"product_tag":[59,210],"class_list":{"0":"post-21214","1":"product","2":"type-product","3":"status-publish","4":"has-post-thumbnail","6":"product_brand-brandp_6026","7":"product_cat-bricolage-et-materiel","8":"product_cat-maison-jardin","9":"product_tag-tag_1304","10":"product_tag-tag_25","12":"first","13":"instock","14":"taxable","15":"shipping-taxable","16":"purchasable","17":"product-type-simple"},"_links":{"self":[{"href":"https:\/\/bigbuy.tupique.com\/en\/wp-json\/wp\/v2\/product\/21214","targetHints":{"allow":["GET"]}}],"collection":[{"href":"https:\/\/bigbuy.tupique.com\/en\/wp-json\/wp\/v2\/product"}],"about":[{"href":"https:\/\/bigbuy.tupique.com\/en\/wp-json\/wp\/v2\/types\/product"}],"replies":[{"embeddable":true,"href":"https:\/\/bigbuy.tupique.com\/en\/wp-json\/wp\/v2\/comments?post=21214"}],"wp:featuredmedia":[{"embeddable":true,"href":"https:\/\/bigbuy.tupique.com\/en\/wp-json\/wp\/v2\/media\/21210"}],"wp:attachment":[{"href":"https:\/\/bigbuy.tupique.com\/en\/wp-json\/wp\/v2\/media?parent=21214"}],"wp:term":[{"taxonomy":"product_brand","embeddable":true,"href":"https:\/\/bigbuy.tupique.com\/en\/wp-json\/wp\/v2\/product_brand?post=21214"},{"taxonomy":"product_cat","embeddable":true,"href":"https:\/\/bigbuy.tupique.com\/en\/wp-json\/wp\/v2\/product_cat?post=21214"},{"taxonomy":"product_tag","embeddable":true,"href":"https:\/\/bigbuy.tupique.com\/en\/wp-json\/wp\/v2\/product_tag?post=21214"}],"curies":[{"name":"wp","href":"https:\/\/api.w.org\/{rel}","templated":true}]}}