{"id":21201,"date":"2026-03-29T17:46:07","date_gmt":"2026-03-29T16:46:07","guid":{"rendered":"https:\/\/bigbuy.tupique.com\/produto\/video-conferencing-system-barco-r9861611eub2\/"},"modified":"2026-04-15T02:19:30","modified_gmt":"2026-04-15T01:19:30","slug":"video-conferencing-system-barco-r9861611eub2","status":"publish","type":"product","link":"https:\/\/bigbuy.tupique.com\/en\/produto\/video-conferencing-system-barco-r9861611eub2\/","title":{"rendered":"Syst\u00e8me de Vid\u00e9oconf\u00e9rence Barco R9861611EUB2"},"content":{"rendered":"<p>Si vous \u00eates passionn\u00e9 d&#8217;<b>informatique et d&#8217;\u00e9lectronique<\/b>, si vous \u00eates \u00e0 la pointe de la technologie et qu&#8217;aucun d\u00e9tail ne vous \u00e9chappe, achetez <b>Syst\u00e8me de Vid\u00e9oconf\u00e9rence Barco R9861611EUB2<\/b> au meilleur prix.<\/p>\n<ul>\n<li>Connectivit\u00e9:\n<ul>\n<li>Sans fil<\/li>\n<li>Wi-Fi<\/li>\n<li>Wi-Fi 5 GHz<\/li>\n<\/ul>\n<\/li>\n<li>Type: Syst\u00e8me de Vid\u00e9oconf\u00e9rence<\/li>\n<li>Couleur: Noir<\/li>\n<li>Connexions:\n<ul>\n<li>HDMI<\/li>\n<li>USB<\/li>\n<li>USB-C<\/li>\n<li>RJ45<\/li>\n<li>Ethernet LAN<\/li>\n<li>USB 3.2<\/li>\n<li>HDMI 1.4<\/li>\n<li>USB-C 3.2 Gen 1 (3.1 Gen 1)<\/li>\n<\/ul>\n<\/li>\n<li>Bloc d\u2019Alimentation:\n<ul>\n<li>Courant alternatif<\/li>\n<li>CC<\/li>\n<\/ul>\n<\/li>\n<li>consommation d&#8217;\u00e9nergie: 10 W<\/li>\n<li>R\u00e9solution (px): 3840 x 2160 px<\/li>\n<li>Langue: Anglais<\/li>\n<li>Caract\u00e9ristiques: T\u00e9moin de fonctionnement LED<\/li>\n<li>Modes vid\u00e9o support\u00e9s: 2160p<\/li>\n<li>vitesse: 10\/100\/1000 Mbps<\/li>\n<li>Connecteurs: Kensington<\/li>\n<\/ul>","protected":false},"excerpt":{"rendered":"<p>Si vous \u00eates passionn\u00e9 d&#8217;informatique et d&#8217;\u00e9lectronique, si vous \u00eates \u00e0 la pointe de la technologie et qu&#8217;aucun d\u00e9tail ne vous \u00e9chappe, achetez Syst\u00e8me de Vid\u00e9oconf\u00e9rence Barco R9861611EUB2 au meilleur prix. Connectivit\u00e9: Sans fil Wi-Fi Wi-Fi 5 GHz Type: Syst\u00e8me de Vid\u00e9oconf\u00e9rence Couleur: Noir Connexions: HDMI USB USB-C RJ45 Ethernet LAN USB 3.2 HDMI 1.4 [&hellip;]<\/p>\n","protected":false},"featured_media":21198,"comment_status":"open","ping_status":"closed","template":"","meta":[],"product_brand":[987],"product_cat":[65,581,607],"product_tag":[213,106],"class_list":{"0":"post-21201","1":"product","2":"type-product","3":"status-publish","4":"has-post-thumbnail","6":"product_brand-brandp_8790","7":"product_cat-informatique-electronique","8":"product_cat-informatique-peripheriques-et-consommables","9":"product_cat-webcam","10":"product_tag-tag_933","11":"product_tag-tag_1295","13":"first","14":"instock","15":"taxable","16":"shipping-taxable","17":"purchasable","18":"product-type-simple"},"_links":{"self":[{"href":"https:\/\/bigbuy.tupique.com\/en\/wp-json\/wp\/v2\/product\/21201","targetHints":{"allow":["GET"]}}],"collection":[{"href":"https:\/\/bigbuy.tupique.com\/en\/wp-json\/wp\/v2\/product"}],"about":[{"href":"https:\/\/bigbuy.tupique.com\/en\/wp-json\/wp\/v2\/types\/product"}],"replies":[{"embeddable":true,"href":"https:\/\/bigbuy.tupique.com\/en\/wp-json\/wp\/v2\/comments?post=21201"}],"wp:featuredmedia":[{"embeddable":true,"href":"https:\/\/bigbuy.tupique.com\/en\/wp-json\/wp\/v2\/media\/21198"}],"wp:attachment":[{"href":"https:\/\/bigbuy.tupique.com\/en\/wp-json\/wp\/v2\/media?parent=21201"}],"wp:term":[{"taxonomy":"product_brand","embeddable":true,"href":"https:\/\/bigbuy.tupique.com\/en\/wp-json\/wp\/v2\/product_brand?post=21201"},{"taxonomy":"product_cat","embeddable":true,"href":"https:\/\/bigbuy.tupique.com\/en\/wp-json\/wp\/v2\/product_cat?post=21201"},{"taxonomy":"product_tag","embeddable":true,"href":"https:\/\/bigbuy.tupique.com\/en\/wp-json\/wp\/v2\/product_tag?post=21201"}],"curies":[{"name":"wp","href":"https:\/\/api.w.org\/{rel}","templated":true}]}}