{"id":21180,"date":"2026-03-29T17:45:35","date_gmt":"2026-03-29T16:45:35","guid":{"rendered":"https:\/\/bigbuy.tupique.com\/produto\/smart-video-porter-dio-connected-home-design-black\/"},"modified":"2026-04-16T15:35:31","modified_gmt":"2026-04-16T14:35:31","slug":"smart-video-porter-dio-connected-home-design-black","status":"publish","type":"product","link":"https:\/\/bigbuy.tupique.com\/en\/produto\/smart-video-porter-dio-connected-home-design-black\/","title":{"rendered":"Interphone Vid\u00e9o Intelligent Dio Connected Home Design Noir"},"content":{"rendered":"<p>Si vous aimez prendre soin de chaque d\u00e9tail de votre maison et d&#8217;\u00eatre \u00e0 la derni\u00e8re mode en mati\u00e8re de produits qui vous rendront la vie plus facile, achetez <b>Interphone Vid\u00e9o Intelligent Dio Connected Home Design Noir<\/b> au meilleur prix.<\/p>\n<p>Le <b>visiophone intelligent Design<\/b> de <b>Dio Connected Home<\/b> est un syst\u00e8me avanc\u00e9 d\u2019intercommunication et de vid\u00e9ophonie con\u00e7u pour offrir s\u00e9curit\u00e9 et confort \u00e0 domicile. Cet appareil sans fil dispose d\u2019une connectivit\u00e9 <b>Wi-Fi<\/b>, permettant une int\u00e9gration facile aux r\u00e9seaux domestiques et un acc\u00e8s \u00e0 distance pour r\u00e9pondre aux appels ou visualiser l\u2019entr\u00e9e depuis n\u2019importe o\u00f9 via une application compatible. L\u2019\u00e9quipement se distingue par sa finition en <b>noir<\/b>, apportant un design moderne et discret, adapt\u00e9 \u00e0 tout environnement r\u00e9sidentiel. \u00c9quip\u00e9 d\u2019un \u00e9cran de <b>7 pouces<\/b>, il offre une image claire et nette de la personne qui sonne, am\u00e9liorant le contr\u00f4le des acc\u00e8s. De plus, il supporte jusqu\u2019\u00e0 <b>8 utilisateurs<\/b>, facilitant la communication interne dans les logements collectifs ou immeubles. Sa technologie filaire garantit une connexion stable et s\u00e9curis\u00e9e, tandis que sa structure robuste assure r\u00e9sistance et durabilit\u00e9 en milieu domestique. Cet interphone de la marque DiO allie fonctionnalit\u00e9 et facilit\u00e9 d\u2019installation, proposant une solution compl\u00e8te pour la gestion des acc\u00e8s et la communication interne. En r\u00e9sum\u00e9, le visiophone intelligent Design de Dio Connected Home est une option polyvalente et technologique pour optimiser la s\u00e9curit\u00e9 du domicile avec un syst\u00e8me fiable et de qualit\u00e9.<\/p>\n<ul>\n<li>Connectivit\u00e9: Wi-Fi<\/li>\n<li>Ecran: 7&#8243;<\/li>\n<li>Couleur: Noir<\/li>\n<li>Cha\u00eenes: 8<\/li>\n<\/ul>","protected":false},"excerpt":{"rendered":"<p>Si vous aimez prendre soin de chaque d\u00e9tail de votre maison et d&#8217;\u00eatre \u00e0 la derni\u00e8re mode en mati\u00e8re de produits qui vous rendront la vie plus facile, achetez Interphone Vid\u00e9o Intelligent Dio Connected Home Design Noir au meilleur prix. Le visiophone intelligent Design de Dio Connected Home est un syst\u00e8me avanc\u00e9 d\u2019intercommunication et de [&hellip;]<\/p>\n","protected":false},"featured_media":21176,"comment_status":"open","ping_status":"closed","template":"","meta":[],"product_brand":[1084],"product_cat":[613,239],"product_tag":[59,210],"class_list":{"0":"post-21180","1":"product","2":"type-product","3":"status-publish","4":"has-post-thumbnail","6":"product_brand-brandp_7913","7":"product_cat-bricolage-et-materiel","8":"product_cat-maison-jardin","9":"product_tag-tag_1304","10":"product_tag-tag_25","12":"first","13":"instock","14":"taxable","15":"shipping-taxable","16":"purchasable","17":"product-type-simple"},"_links":{"self":[{"href":"https:\/\/bigbuy.tupique.com\/en\/wp-json\/wp\/v2\/product\/21180","targetHints":{"allow":["GET"]}}],"collection":[{"href":"https:\/\/bigbuy.tupique.com\/en\/wp-json\/wp\/v2\/product"}],"about":[{"href":"https:\/\/bigbuy.tupique.com\/en\/wp-json\/wp\/v2\/types\/product"}],"replies":[{"embeddable":true,"href":"https:\/\/bigbuy.tupique.com\/en\/wp-json\/wp\/v2\/comments?post=21180"}],"wp:featuredmedia":[{"embeddable":true,"href":"https:\/\/bigbuy.tupique.com\/en\/wp-json\/wp\/v2\/media\/21176"}],"wp:attachment":[{"href":"https:\/\/bigbuy.tupique.com\/en\/wp-json\/wp\/v2\/media?parent=21180"}],"wp:term":[{"taxonomy":"product_brand","embeddable":true,"href":"https:\/\/bigbuy.tupique.com\/en\/wp-json\/wp\/v2\/product_brand?post=21180"},{"taxonomy":"product_cat","embeddable":true,"href":"https:\/\/bigbuy.tupique.com\/en\/wp-json\/wp\/v2\/product_cat?post=21180"},{"taxonomy":"product_tag","embeddable":true,"href":"https:\/\/bigbuy.tupique.com\/en\/wp-json\/wp\/v2\/product_tag?post=21180"}],"curies":[{"name":"wp","href":"https:\/\/api.w.org\/{rel}","templated":true}]}}