{"id":21175,"date":"2026-03-29T17:45:28","date_gmt":"2026-03-29T16:45:28","guid":{"rendered":"https:\/\/bigbuy.tupique.com\/produto\/surveillance-camcorder-chacon-ipcam-dm02\/"},"modified":"2026-05-11T20:00:50","modified_gmt":"2026-05-11T18:00:50","slug":"surveillance-camcorder-chacon-ipcam-dm02","status":"publish","type":"product","link":"https:\/\/bigbuy.tupique.com\/en\/produto\/surveillance-camcorder-chacon-ipcam-dm02\/","title":{"rendered":"Camescope de surveillance Chacon ipcam-dm02"},"content":{"rendered":"<p>Si vous aimez prendre soin de chaque d\u00e9tail de votre maison et d&#8217;\u00eatre \u00e0 la derni\u00e8re mode en mati\u00e8re de produits qui vous rendront la vie plus facile, achetez <b>Camescope de surveillance Chacon ipcam-dm02<\/b> au meilleur prix.<\/p>\n<ul>\n<li>Unit\u00e9s: 2 Unit\u00e9s<\/li>\n<li>Type: Cam\u00e9scope<\/li>\n<li>Couleur: Blanc<\/li>\n<li>Inclut: Batterie<\/li>\n<li>Piles incluses: Oui<\/li>\n<li>Type de batterie: Lithium<\/li>\n<\/ul>","protected":false},"excerpt":{"rendered":"<p><span class=\"unit-info\">150.9950 &euro; \/ 1 unit<\/span><\/p>","protected":false},"featured_media":67891,"comment_status":"open","ping_status":"closed","template":"","meta":[],"product_brand":[1083],"product_cat":[580,239,579],"product_tag":[567,59,210],"class_list":{"0":"post-21175","1":"product","2":"type-product","3":"status-publish","4":"has-post-thumbnail","6":"product_brand-brandp_6360","7":"product_cat-cameras-de-surveillance-video","8":"product_cat-maison-jardin","9":"product_cat-securite-a-la-maison","10":"product_tag-tag_556","11":"product_tag-tag_1304","12":"product_tag-tag_25","14":"first","15":"instock","16":"taxable","17":"shipping-taxable","18":"purchasable","19":"product-type-simple"},"_links":{"self":[{"href":"https:\/\/bigbuy.tupique.com\/en\/wp-json\/wp\/v2\/product\/21175","targetHints":{"allow":["GET"]}}],"collection":[{"href":"https:\/\/bigbuy.tupique.com\/en\/wp-json\/wp\/v2\/product"}],"about":[{"href":"https:\/\/bigbuy.tupique.com\/en\/wp-json\/wp\/v2\/types\/product"}],"replies":[{"embeddable":true,"href":"https:\/\/bigbuy.tupique.com\/en\/wp-json\/wp\/v2\/comments?post=21175"}],"wp:featuredmedia":[{"embeddable":true,"href":"https:\/\/bigbuy.tupique.com\/en\/wp-json\/wp\/v2\/media\/67891"}],"wp:attachment":[{"href":"https:\/\/bigbuy.tupique.com\/en\/wp-json\/wp\/v2\/media?parent=21175"}],"wp:term":[{"taxonomy":"product_brand","embeddable":true,"href":"https:\/\/bigbuy.tupique.com\/en\/wp-json\/wp\/v2\/product_brand?post=21175"},{"taxonomy":"product_cat","embeddable":true,"href":"https:\/\/bigbuy.tupique.com\/en\/wp-json\/wp\/v2\/product_cat?post=21175"},{"taxonomy":"product_tag","embeddable":true,"href":"https:\/\/bigbuy.tupique.com\/en\/wp-json\/wp\/v2\/product_tag?post=21175"}],"curies":[{"name":"wp","href":"https:\/\/api.w.org\/{rel}","templated":true}]}}