{"id":21170,"date":"2026-03-29T17:45:20","date_gmt":"2026-03-29T16:45:20","guid":{"rendered":"https:\/\/bigbuy.tupique.com\/produto\/lawn-mower-ryobi-ry18lm37a-240\/"},"modified":"2026-04-16T21:43:34","modified_gmt":"2026-04-16T20:43:34","slug":"lawn-mower-ryobi-ry18lm37a-240","status":"publish","type":"product","link":"https:\/\/bigbuy.tupique.com\/en\/produto\/lawn-mower-ryobi-ry18lm37a-240\/","title":{"rendered":"Tondeuse \u00e0 gazon Ryobi RY18LM37A-240"},"content":{"rendered":"<p>Si vous aimez prendre soin de chaque d\u00e9tail de votre maison et d&#8217;\u00eatre \u00e0 la derni\u00e8re mode en mati\u00e8re de produits qui vous rendront la vie plus facile, achetez <b>Tondeuse \u00e0 gazon Ryobi RY18LM37A-240<\/b> au meilleur prix.<\/p>\n<p>La <b>tondeuse Ryobi RY18LM37A-240<\/b> est un outil de jardinage compact et efficace con\u00e7u pour offrir une coupe pr\u00e9cise et confortable. Elle fonctionne avec un <b>syst\u00e8me d\u2019alimentation par batterie 18 V<\/b>, offrant autonomie et libert\u00e9 de mouvement sans c\u00e2ble, facilitant son usage dans des jardins de taille moyenne. Sa <b>largeur de coupe de 37 cm<\/b> permet un travail rapide et uniforme, id\u00e9al pour entretenir facilement les pelouses. Elle dispose \u00e9galement d\u2019une <b>capacit\u00e9 de ramassage de 45 litres<\/b>, suffisante pour r\u00e9duire la fr\u00e9quence de vidage et optimiser l\u2019efficacit\u00e9. Ce mod\u00e8le se distingue par sa construction en <b>vert caract\u00e9ristique de Ryobi<\/b> et int\u00e8gre une technologie brushless, am\u00e9liorant la durabilit\u00e9 et les performances du moteur en r\u00e9duisant l\u2019usure. Son <b>indice de r\u00e9parabilit\u00e9 de 8,8<\/b> t\u00e9moigne d\u2019un design pens\u00e9 pour faciliter l\u2019entretien et la r\u00e9paration, contribuant \u00e0 prolonger la dur\u00e9e de vie de l\u2019appareil. La tondeuse est compatible avec les batteries ONE+\u2122 permettant d\u2019\u00e9changer la source d\u2019\u00e9nergie avec d\u2019autres outils de la m\u00eame plateforme Ryobi, ajoutant de la polyvalence \u00e0 son utilisation. En r\u00e9sum\u00e9, la Ryobi RY18LM37A-240 allie fonctionnalit\u00e9, praticit\u00e9 et autonomie pour les utilisateurs recherchant une tondeuse fiable et maniable, adapt\u00e9e aux travaux de jardinage r\u00e9guliers.<\/p>\n<ul>\n<li>Capacit\u00e9: 45 L<\/li>\n<li>Tension: 18 V<\/li>\n<li>Taille de coupe: 37 cm<\/li>\n<li>Caract\u00e9ristiques: Manuel<\/li>\n<li>Bloc d\u2019Alimentation: Batterie<\/li>\n<\/ul>","protected":false},"excerpt":{"rendered":"<p><span class=\"unit-info\">9.9331 &euro; \/ 1 l<\/span><\/p>","protected":false},"featured_media":21169,"comment_status":"open","ping_status":"closed","template":"","meta":[],"product_brand":[830],"product_cat":[613,239],"product_tag":[59,210],"class_list":{"0":"post-21170","1":"product","2":"type-product","3":"status-publish","4":"has-post-thumbnail","6":"product_brand-brandp_3104","7":"product_cat-bricolage-et-materiel","8":"product_cat-maison-jardin","9":"product_tag-tag_1304","10":"product_tag-tag_25","12":"first","13":"instock","14":"taxable","15":"shipping-taxable","16":"purchasable","17":"product-type-simple"},"_links":{"self":[{"href":"https:\/\/bigbuy.tupique.com\/en\/wp-json\/wp\/v2\/product\/21170","targetHints":{"allow":["GET"]}}],"collection":[{"href":"https:\/\/bigbuy.tupique.com\/en\/wp-json\/wp\/v2\/product"}],"about":[{"href":"https:\/\/bigbuy.tupique.com\/en\/wp-json\/wp\/v2\/types\/product"}],"replies":[{"embeddable":true,"href":"https:\/\/bigbuy.tupique.com\/en\/wp-json\/wp\/v2\/comments?post=21170"}],"wp:featuredmedia":[{"embeddable":true,"href":"https:\/\/bigbuy.tupique.com\/en\/wp-json\/wp\/v2\/media\/21169"}],"wp:attachment":[{"href":"https:\/\/bigbuy.tupique.com\/en\/wp-json\/wp\/v2\/media?parent=21170"}],"wp:term":[{"taxonomy":"product_brand","embeddable":true,"href":"https:\/\/bigbuy.tupique.com\/en\/wp-json\/wp\/v2\/product_brand?post=21170"},{"taxonomy":"product_cat","embeddable":true,"href":"https:\/\/bigbuy.tupique.com\/en\/wp-json\/wp\/v2\/product_cat?post=21170"},{"taxonomy":"product_tag","embeddable":true,"href":"https:\/\/bigbuy.tupique.com\/en\/wp-json\/wp\/v2\/product_tag?post=21170"}],"curies":[{"name":"wp","href":"https:\/\/api.w.org\/{rel}","templated":true}]}}