{"id":21147,"date":"2026-03-29T17:34:37","date_gmt":"2026-03-29T16:34:37","guid":{"rendered":"https:\/\/bigbuy.tupique.com\/produto\/lawn-mower-ryobi-ry18lmx40c-240\/"},"modified":"2026-04-16T21:05:16","modified_gmt":"2026-04-16T20:05:16","slug":"lawn-mower-ryobi-ry18lmx40c-240","status":"publish","type":"product","link":"https:\/\/bigbuy.tupique.com\/en\/produto\/lawn-mower-ryobi-ry18lmx40c-240\/","title":{"rendered":"Tondeuse \u00e0 gazon Ryobi RY18LMX40C-240"},"content":{"rendered":"<p>Si vous aimez prendre soin de chaque d\u00e9tail de votre maison et d&#8217;\u00eatre \u00e0 la derni\u00e8re mode en mati\u00e8re de produits qui vous rendront la vie plus facile, achetez <b>Tondeuse \u00e0 gazon Ryobi RY18LMX40C-240<\/b> au meilleur prix.<\/p>\n<p>La <b>tondeuse<\/b> <b>RY18LMX40C-240<\/b> de la marque Ryobi est un outil de jardin con\u00e7u pour offrir une coupe efficace et confortable dans les espaces petits et moyens. Elle fonctionne avec une <b>alimentation par batterie 18 V<\/b>, offrant une autonomie suffisante et \u00e9liminant la d\u00e9pendance aux c\u00e2bles, ce qui facilite sa maniabilit\u00e9 sur tous types de terrain. Son <b>largeur de coupe de 40 cm<\/b> permet de couvrir rapidement de grandes surfaces tout en maintenant une bonne pr\u00e9cision. Elle est \u00e9quip\u00e9e d\u2019un <b>bac de ramassage de 50 litres<\/b>, id\u00e9al pour accumuler l\u2019herbe coup\u00e9e et r\u00e9duire les interruptions pendant le travail. De plus, elle inclut une fonction mulching pour utiliser les r\u00e9sidus d\u2019herbe comme engrais naturel, favorisant un entretien \u00e9cologique du jardin. Construite avec des mat\u00e9riaux l\u00e9gers et r\u00e9sistants, dont une structure en <b>plastique vert<\/b> facile \u00e0 nettoyer, elle offre un design fonctionnel et ergonomique qui facilite une utilisation prolong\u00e9e sans fatigue. Le mod\u00e8le comprend \u00e9galement un kit avec <b>deux batteries 18 V 4 Ah<\/b> et un chargeur, garantissant une plus grande dur\u00e9e d\u2019utilisation et des temps de recharge efficaces. Avec un <b>indice de r\u00e9parabilit\u00e9 de 9,5<\/b> remarquable, la tondeuse Ryobi se distingue par sa facilit\u00e9 d\u2019entretien et la disponibilit\u00e9 des pi\u00e8ces d\u00e9tach\u00e9es, ce qui prolonge sa durabilit\u00e9 \u00e0 long terme. Cette machine repr\u00e9sente une solution pratique et polyvalente pour ceux qui recherchent un \u00e9quipement sans fil avec une bonne capacit\u00e9 de coupe et de ramassage, optimis\u00e9 pour les t\u00e2ches de jardinage domestique avec confort et autonomie.<\/p>\n<ul>\n<li>Capacit\u00e9: 50 L<\/li>\n<li>Bloc d\u2019Alimentation: Batterie<\/li>\n<li>Taille de coupe: 40 cm<\/li>\n<\/ul>","protected":false},"excerpt":{"rendered":"<p><span class=\"unit-info\">10.1598 &euro; \/ 1 l<\/span><\/p>","protected":false},"featured_media":21142,"comment_status":"open","ping_status":"closed","template":"","meta":[],"product_brand":[830],"product_cat":[613,239],"product_tag":[59,210],"class_list":{"0":"post-21147","1":"product","2":"type-product","3":"status-publish","4":"has-post-thumbnail","6":"product_brand-brandp_3104","7":"product_cat-bricolage-et-materiel","8":"product_cat-maison-jardin","9":"product_tag-tag_1304","10":"product_tag-tag_25","12":"first","13":"instock","14":"taxable","15":"shipping-taxable","16":"purchasable","17":"product-type-simple"},"_links":{"self":[{"href":"https:\/\/bigbuy.tupique.com\/en\/wp-json\/wp\/v2\/product\/21147","targetHints":{"allow":["GET"]}}],"collection":[{"href":"https:\/\/bigbuy.tupique.com\/en\/wp-json\/wp\/v2\/product"}],"about":[{"href":"https:\/\/bigbuy.tupique.com\/en\/wp-json\/wp\/v2\/types\/product"}],"replies":[{"embeddable":true,"href":"https:\/\/bigbuy.tupique.com\/en\/wp-json\/wp\/v2\/comments?post=21147"}],"wp:featuredmedia":[{"embeddable":true,"href":"https:\/\/bigbuy.tupique.com\/en\/wp-json\/wp\/v2\/media\/21142"}],"wp:attachment":[{"href":"https:\/\/bigbuy.tupique.com\/en\/wp-json\/wp\/v2\/media?parent=21147"}],"wp:term":[{"taxonomy":"product_brand","embeddable":true,"href":"https:\/\/bigbuy.tupique.com\/en\/wp-json\/wp\/v2\/product_brand?post=21147"},{"taxonomy":"product_cat","embeddable":true,"href":"https:\/\/bigbuy.tupique.com\/en\/wp-json\/wp\/v2\/product_cat?post=21147"},{"taxonomy":"product_tag","embeddable":true,"href":"https:\/\/bigbuy.tupique.com\/en\/wp-json\/wp\/v2\/product_tag?post=21147"}],"curies":[{"name":"wp","href":"https:\/\/api.w.org\/{rel}","templated":true}]}}