{"id":21114,"date":"2026-03-29T17:33:46","date_gmt":"2026-03-29T16:33:46","guid":{"rendered":"https:\/\/bigbuy.tupique.com\/produto\/angle-grinder-bosch-06017b0102\/"},"modified":"2026-04-16T16:37:25","modified_gmt":"2026-04-16T15:37:25","slug":"angle-grinder-bosch-06017b0102","status":"publish","type":"product","link":"https:\/\/bigbuy.tupique.com\/en\/produto\/angle-grinder-bosch-06017b0102\/","title":{"rendered":"Meuleuse d&#8217;angle BOSCH 06017B0102"},"content":{"rendered":"<p>Si vous aimez prendre soin de chaque d\u00e9tail de votre maison et d&#8217;\u00eatre \u00e0 la derni\u00e8re mode en mati\u00e8re de produits qui vous rendront la vie plus facile, achetez <b>Meuleuse d&#8217;angle BOSCH 06017B0102<\/b> au meilleur prix.<\/p>\n<p>La <b>meuleuse d\u2019angle<\/b> Bosch Professional mod\u00e8le <b>06017B0102<\/b> est un outil sans fil con\u00e7u pour les professionnels n\u00e9cessitant puissance et mobilit\u00e9 dans leurs travaux de m\u00e9tallurgie et bricolage. Elle fonctionne avec un syst\u00e8me de <b>batterie 18 V<\/b> offrant une autonomie importante, permettant de r\u00e9aliser des coupes, meulages et polissages avec grande pr\u00e9cision et efficacit\u00e9. Cette meuleuse pr\u00e9sente un design distinctif en <b>bleu<\/b>, caract\u00e9ristique de la gamme professionnelle Bosch, garantissant durabilit\u00e9 et ergonomie \u00e0 l\u2019usage. Elle est \u00e9quip\u00e9e pour des disques de <b>125 mm<\/b> de diam\u00e8tre, capables d\u2019atteindre une vitesse maximale de <b>9000 tr\/min<\/b>, assurant une performance optimale dans les applications exigeantes. Le kit inclut deux batteries de <b>5,0 Ah<\/b>, offrant de longues p\u00e9riodes de travail sans interruption, ainsi que le chargeur rapide <b>GAL 1880<\/b> r\u00e9duisant les temps de recharge. De plus, elle est livr\u00e9e avec une mallette pratique <b>L-BOXX X-LOCK<\/b> facilitant le rangement et le transport s\u00e9curis\u00e9 de l\u2019outil et de ses accessoires. Son syst\u00e8me X-LOCK permet un changement rapide et simple de disque sans outils suppl\u00e9mentaires, optimisant la productivit\u00e9 en atelier ou sur chantier. La connexion par prise europ\u00e9enne garantit compatibilit\u00e9 et facilit\u00e9 de recharge dans les environnements domestiques ou professionnels du march\u00e9 europ\u00e9en. Cette meuleuse d\u2019angle se distingue par sa haute puissance, autonomie et confort, se positionnant comme une option fiable pour les utilisateurs recherchant un \u00e9quilibre entre performance professionnelle et portabilit\u00e9.<\/p>\n<ul>\n<li>Inclut:\n<ul>\n<li>Porte documents<\/li>\n<li>Chargeur<\/li>\n<li>Batterie<\/li>\n<\/ul>\n<\/li>\n<li>Capacit\u00e9 de la batterie: 5 Ah<\/li>\n<li>Produit \u00e0 brancher: Oui<\/li>\n<li>Type de prise: Prise EU<\/li>\n<li>Bloc d\u2019Alimentation:\n<ul>\n<li>r\u00e9seau \u00e9lectrique<\/li>\n<li>\u00c9lectrique<\/li>\n<\/ul>\n<\/li>\n<li>Couleur: Bleu<\/li>\n<li>Type de batterie: Litio Ion<\/li>\n<li>Poids: 2 Kg<\/li>\n<li>Tension: 18 V<\/li>\n<li>diam\u00e8tre approx.: 125 mm<\/li>\n<\/ul>","protected":false},"excerpt":{"rendered":"<p>Si vous aimez prendre soin de chaque d\u00e9tail de votre maison et d&#8217;\u00eatre \u00e0 la derni\u00e8re mode en mati\u00e8re de produits qui vous rendront la vie plus facile, achetez Meuleuse d&#8217;angle BOSCH 06017B0102 au meilleur prix. La meuleuse d\u2019angle Bosch Professional mod\u00e8le 06017B0102 est un outil sans fil con\u00e7u pour les professionnels n\u00e9cessitant puissance et [&hellip;]<\/p>\n","protected":false},"featured_media":21113,"comment_status":"open","ping_status":"closed","template":"","meta":[],"product_brand":[162],"product_cat":[613,239],"product_tag":[59,210],"class_list":{"0":"post-21114","1":"product","2":"type-product","3":"status-publish","4":"has-post-thumbnail","6":"product_brand-brandp_959","7":"product_cat-bricolage-et-materiel","8":"product_cat-maison-jardin","9":"product_tag-tag_1304","10":"product_tag-tag_25","12":"first","13":"instock","14":"taxable","15":"shipping-taxable","16":"purchasable","17":"product-type-simple"},"_links":{"self":[{"href":"https:\/\/bigbuy.tupique.com\/en\/wp-json\/wp\/v2\/product\/21114","targetHints":{"allow":["GET"]}}],"collection":[{"href":"https:\/\/bigbuy.tupique.com\/en\/wp-json\/wp\/v2\/product"}],"about":[{"href":"https:\/\/bigbuy.tupique.com\/en\/wp-json\/wp\/v2\/types\/product"}],"replies":[{"embeddable":true,"href":"https:\/\/bigbuy.tupique.com\/en\/wp-json\/wp\/v2\/comments?post=21114"}],"wp:featuredmedia":[{"embeddable":true,"href":"https:\/\/bigbuy.tupique.com\/en\/wp-json\/wp\/v2\/media\/21113"}],"wp:attachment":[{"href":"https:\/\/bigbuy.tupique.com\/en\/wp-json\/wp\/v2\/media?parent=21114"}],"wp:term":[{"taxonomy":"product_brand","embeddable":true,"href":"https:\/\/bigbuy.tupique.com\/en\/wp-json\/wp\/v2\/product_brand?post=21114"},{"taxonomy":"product_cat","embeddable":true,"href":"https:\/\/bigbuy.tupique.com\/en\/wp-json\/wp\/v2\/product_cat?post=21114"},{"taxonomy":"product_tag","embeddable":true,"href":"https:\/\/bigbuy.tupique.com\/en\/wp-json\/wp\/v2\/product_tag?post=21114"}],"curies":[{"name":"wp","href":"https:\/\/api.w.org\/{rel}","templated":true}]}}