{"id":21105,"date":"2026-03-29T17:33:32","date_gmt":"2026-03-29T16:33:32","guid":{"rendered":"https:\/\/bigbuy.tupique.com\/produto\/tablet-apple-ipad-pro-11-8-gb-ram-256-gb-steel\/"},"modified":"2026-04-16T18:55:35","modified_gmt":"2026-04-16T17:55:35","slug":"tablet-apple-ipad-pro-11-8-gb-ram-256-gb-steel","status":"publish","type":"product","link":"https:\/\/bigbuy.tupique.com\/en\/produto\/tablet-apple-ipad-pro-11-8-gb-ram-256-gb-steel\/","title":{"rendered":"Tablette Apple iPad Pro 11&#8243; 8 GB RAM 256 GB Acier"},"content":{"rendered":"<p>Si vous \u00eates passionn\u00e9 d&#8217;<b>informatique et d&#8217;\u00e9lectronique<\/b>, si vous \u00eates \u00e0 la pointe de la technologie et qu&#8217;aucun d\u00e9tail ne vous \u00e9chappe, achetez <b>Tablette Apple iPad Pro 11&#8243; 8 GB RAM 256 GB Acier<\/b> au meilleur prix.<\/p>\n<p>L\u2019<b>iPad Pro<\/b> d\u2019<b>Apple<\/b> est une <b>tablette<\/b> haut de gamme con\u00e7ue pour offrir des performances professionnelles et une exp\u00e9rience visuelle exceptionnelle. Il dispose d\u2019un <b>\u00e9cran de 11 pouces<\/b> offrant une image nette et des couleurs vives, id\u00e9al pour les t\u00e2ches cr\u00e9atives, multim\u00e9dia et productives. Ce mod\u00e8le int\u00e8gre une m\u00e9moire RAM de <b>8 Go<\/b>, garantissant une ex\u00e9cution fluide des applications exigeantes et un multit\u00e2che efficace. La capacit\u00e9 de stockage interne est de <b>256 Go<\/b>, offrant un espace g\u00e9n\u00e9reux pour fichiers, applications et contenus multim\u00e9dias sans contraintes. C\u00f4t\u00e9 design, il est disponible en deux finitions \u00e9l\u00e9gantes : <b>noir<\/b> et <b>argent\u00e9<\/b>, s\u2019adaptant \u00e0 diff\u00e9rents go\u00fbts et styles personnels. Il int\u00e8gre \u00e9galement la connectivit\u00e9 <b>Bluetooth<\/b> pour faciliter la connexion avec d\u2019autres appareils, compl\u00e9t\u00e9e par des fonctions avanc\u00e9es telles qu\u2019une cam\u00e9ra frontale avec autofocus, am\u00e9liorant la qualit\u00e9 des appels vid\u00e9o et la capture d\u2019images. L\u2019appareil dispose d\u2019une batterie int\u00e9gr\u00e9e assurant une autonomie importante, permettant une utilisation prolong\u00e9e en travail ou divertissement. Cet <b>iPad Pro (2024)<\/b> se distingue par sa combinaison de puissance, polyvalence et design soign\u00e9, r\u00e9pondant aux exigences des professionnels et utilisateurs exigeants, et s\u2019imposant comme un outil avanc\u00e9 dans l\u2019\u00e9cosyst\u00e8me Apple.<\/p>\n<p>Ce dispositif repr\u00e9sente une option \u00e9quilibr\u00e9e et sophistiqu\u00e9e pour ceux qui recherchent une tablette avec une technologie de pointe et des capacit\u00e9s robustes.<\/p>\n<ul>\n<li>Diagonale de l&#8217;\u00e9cran (cm): 27,9 cm<\/li>\n<li>Type:\n<ul>\n<li>Tablette<\/li>\n<li>Flash<\/li>\n<\/ul>\n<\/li>\n<li>Produit \u00e0 brancher: Oui<\/li>\n<li>Type de prise: Prise EU<\/li>\n<li>Bloc d\u2019Alimentation:\n<ul>\n<li>r\u00e9seau \u00e9lectrique<\/li>\n<li>USB<\/li>\n<\/ul>\n<\/li>\n<li>Cam\u00e9ra\/Appareil Photo:\n<ul>\n<li>12 MP<\/li>\n<li>Dual<\/li>\n<\/ul>\n<\/li>\n<li>Poids:\n<ul>\n<li>0,44 Kg<\/li>\n<li>730 g<\/li>\n<\/ul>\n<\/li>\n<li>R\u00e9solution: 12 MP<\/li>\n<li>Classification \u00e9nerg\u00e9tique: G<\/li>\n<li>Inclut: USB Type-C<\/li>\n<li>Couleur:\n<ul>\n<li>Noir<\/li>\n<li>Argent\u00e9<\/li>\n<\/ul>\n<\/li>\n<li>Caract\u00e9ristiques:\n<ul>\n<li>Cam\u00e9ra frontale<\/li>\n<li>Autofocus<\/li>\n<li>Pile incluse<\/li>\n<li>Stabilisateur d&#8217;image<\/li>\n<li>4 Haut-parleurs<\/li>\n<li>Protection des donn\u00e9es\/mot de passe<\/li>\n<li>Boussole \u00e9lectronique<\/li>\n<li>\u00c9cran avec coins arrondis<\/li>\n<\/ul>\n<\/li>\n<li>Connexions:\n<ul>\n<li>USB-C<\/li>\n<li>Thunderbolt<\/li>\n<\/ul>\n<\/li>\n<li>Fonctions:\n<ul>\n<li>Barom\u00e8tre<\/li>\n<li>Acc\u00e9l\u00e9rom\u00e8tre<\/li>\n<li>G\u00e9olocalisation<\/li>\n<\/ul>\n<\/li>\n<li>Rapport d&#8217;aspect: 16:9<\/li>\n<li>Connectivit\u00e9:\n<ul>\n<li>Bluetooth<\/li>\n<li>4G<\/li>\n<li>Wi-Fi 6 GHz<\/li>\n<li>Bluetooth 5.3<\/li>\n<\/ul>\n<\/li>\n<li>puissance: 20 W<\/li>\n<li>Ouverture: F\/1,8<\/li>\n<li>Technologie:\n<ul>\n<li>LED<\/li>\n<li>OLED<\/li>\n<\/ul>\n<\/li>\n<li>M\u00e9moire RAM: 8 GB RAM<\/li>\n<li>Brille: 1000 cd\/m\u00b2<\/li>\n<li>Non Inclus:\n<ul>\n<li>Adaptateur AC<\/li>\n<li>Connexion au r\u00e9seau mobile<\/li>\n<\/ul>\n<\/li>\n<li>Ecran: 11&#8243;<\/li>\n<li>Certificat: Certification ENERGY STAR<\/li>\n<li>Compatible: iPadOS<\/li>\n<li>Type de batterie: Litio Ion<\/li>\n<li>M\u00e9moire interne: 256 GB<\/li>\n<li>Noyaux: 16 Noyaux<\/li>\n<li>R\u00e9solution (px): 2160 px<\/li>\n<li>Autonomie approx.: 10 heures<\/li>\n<li>Processeur: M4<\/li>\n<\/ul>","protected":false},"excerpt":{"rendered":"<p>Si vous \u00eates passionn\u00e9 d&#8217;informatique et d&#8217;\u00e9lectronique, si vous \u00eates \u00e0 la pointe de la technologie et qu&#8217;aucun d\u00e9tail ne vous \u00e9chappe, achetez Tablette Apple iPad Pro 11&#8243; 8 GB RAM 256 GB Acier au meilleur prix. L\u2019iPad Pro d\u2019Apple est une tablette haut de gamme con\u00e7ue pour offrir des performances professionnelles et une exp\u00e9rience [&hellip;]<\/p>\n","protected":false},"featured_media":21102,"comment_status":"open","ping_status":"closed","template":"","meta":[],"product_brand":[979],"product_cat":[575,65,1052],"product_tag":[59,566,106],"class_list":{"0":"post-21105","1":"product","2":"type-product","3":"status-publish","4":"has-post-thumbnail","6":"product_brand-brandp_533","7":"product_cat-electronique-telephonie-et-tablettes","8":"product_cat-informatique-electronique","9":"product_cat-tablettes","10":"product_tag-tag_1304","11":"product_tag-tag_547","12":"product_tag-tag_1295","14":"first","15":"instock","16":"taxable","17":"shipping-taxable","18":"purchasable","19":"product-type-simple"},"_links":{"self":[{"href":"https:\/\/bigbuy.tupique.com\/en\/wp-json\/wp\/v2\/product\/21105","targetHints":{"allow":["GET"]}}],"collection":[{"href":"https:\/\/bigbuy.tupique.com\/en\/wp-json\/wp\/v2\/product"}],"about":[{"href":"https:\/\/bigbuy.tupique.com\/en\/wp-json\/wp\/v2\/types\/product"}],"replies":[{"embeddable":true,"href":"https:\/\/bigbuy.tupique.com\/en\/wp-json\/wp\/v2\/comments?post=21105"}],"wp:featuredmedia":[{"embeddable":true,"href":"https:\/\/bigbuy.tupique.com\/en\/wp-json\/wp\/v2\/media\/21102"}],"wp:attachment":[{"href":"https:\/\/bigbuy.tupique.com\/en\/wp-json\/wp\/v2\/media?parent=21105"}],"wp:term":[{"taxonomy":"product_brand","embeddable":true,"href":"https:\/\/bigbuy.tupique.com\/en\/wp-json\/wp\/v2\/product_brand?post=21105"},{"taxonomy":"product_cat","embeddable":true,"href":"https:\/\/bigbuy.tupique.com\/en\/wp-json\/wp\/v2\/product_cat?post=21105"},{"taxonomy":"product_tag","embeddable":true,"href":"https:\/\/bigbuy.tupique.com\/en\/wp-json\/wp\/v2\/product_tag?post=21105"}],"curies":[{"name":"wp","href":"https:\/\/api.w.org\/{rel}","templated":true}]}}