{"id":21094,"date":"2026-03-29T17:33:16","date_gmt":"2026-03-29T16:33:16","guid":{"rendered":"https:\/\/bigbuy.tupique.com\/produto\/thermal-camera-bosch-gtc-400\/"},"modified":"2026-04-16T16:18:33","modified_gmt":"2026-04-16T15:18:33","slug":"thermal-camera-bosch-gtc-400","status":"publish","type":"product","link":"https:\/\/bigbuy.tupique.com\/en\/produto\/thermal-camera-bosch-gtc-400\/","title":{"rendered":"Cam\u00e9ra thermique BOSCH GTC 400"},"content":{"rendered":"<p>Si vous aimez prendre soin de chaque d\u00e9tail de votre maison et d&#8217;\u00eatre \u00e0 la derni\u00e8re mode en mati\u00e8re de produits qui vous rendront la vie plus facile, achetez <b>Cam\u00e9ra thermique BOSCH GTC 400<\/b> au meilleur prix.<\/p>\n<ul>\n<li>Tension: 12 V<\/li>\n<li>R\u00e9solution (px): 160 x 120 px<\/li>\n<li>Temp\u00e9rature approximative: -10 \u00b0 &#8211; 400 \u00b0c<\/li>\n<li>Inclut:\n<ul>\n<li>C\u00e2ble USB<\/li>\n<li>Porte documents<\/li>\n<li>Sangle<\/li>\n<\/ul>\n<\/li>\n<li>Couleur: Bleu<\/li>\n<li>Bloc d\u2019Alimentation: Batterie<\/li>\n<li>Fonctionne \u00e0 piles: Oui<\/li>\n<\/ul>","protected":false},"excerpt":{"rendered":"<p>Si vous aimez prendre soin de chaque d\u00e9tail de votre maison et d&#8217;\u00eatre \u00e0 la derni\u00e8re mode en mati\u00e8re de produits qui vous rendront la vie plus facile, achetez Cam\u00e9ra thermique BOSCH GTC 400 au meilleur prix. Tension: 12 V R\u00e9solution (px): 160 x 120 px Temp\u00e9rature approximative: -10 \u00b0 &#8211; 400 \u00b0c Inclut: C\u00e2ble [&hellip;]<\/p>\n","protected":false},"featured_media":21092,"comment_status":"open","ping_status":"closed","template":"","meta":[],"product_brand":[162],"product_cat":[613,239],"product_tag":[59,210],"class_list":{"0":"post-21094","1":"product","2":"type-product","3":"status-publish","4":"has-post-thumbnail","6":"product_brand-brandp_959","7":"product_cat-bricolage-et-materiel","8":"product_cat-maison-jardin","9":"product_tag-tag_1304","10":"product_tag-tag_25","12":"first","13":"instock","14":"taxable","15":"shipping-taxable","16":"purchasable","17":"product-type-simple"},"_links":{"self":[{"href":"https:\/\/bigbuy.tupique.com\/en\/wp-json\/wp\/v2\/product\/21094","targetHints":{"allow":["GET"]}}],"collection":[{"href":"https:\/\/bigbuy.tupique.com\/en\/wp-json\/wp\/v2\/product"}],"about":[{"href":"https:\/\/bigbuy.tupique.com\/en\/wp-json\/wp\/v2\/types\/product"}],"replies":[{"embeddable":true,"href":"https:\/\/bigbuy.tupique.com\/en\/wp-json\/wp\/v2\/comments?post=21094"}],"wp:featuredmedia":[{"embeddable":true,"href":"https:\/\/bigbuy.tupique.com\/en\/wp-json\/wp\/v2\/media\/21092"}],"wp:attachment":[{"href":"https:\/\/bigbuy.tupique.com\/en\/wp-json\/wp\/v2\/media?parent=21094"}],"wp:term":[{"taxonomy":"product_brand","embeddable":true,"href":"https:\/\/bigbuy.tupique.com\/en\/wp-json\/wp\/v2\/product_brand?post=21094"},{"taxonomy":"product_cat","embeddable":true,"href":"https:\/\/bigbuy.tupique.com\/en\/wp-json\/wp\/v2\/product_cat?post=21094"},{"taxonomy":"product_tag","embeddable":true,"href":"https:\/\/bigbuy.tupique.com\/en\/wp-json\/wp\/v2\/product_tag?post=21094"}],"curies":[{"name":"wp","href":"https:\/\/api.w.org\/{rel}","templated":true}]}}