{"id":21068,"date":"2026-03-29T17:32:35","date_gmt":"2026-03-29T16:32:35","guid":{"rendered":"https:\/\/bigbuy.tupique.com\/produto\/uninterruptible-power-supply-system-interactive-ups-salicru-0081555966959-3600-w\/"},"modified":"2026-04-15T02:19:22","modified_gmt":"2026-04-15T01:19:22","slug":"uninterruptible-power-supply-system-interactive-ups-salicru-0081555966959-3600-w","status":"publish","type":"product","link":"https:\/\/bigbuy.tupique.com\/en\/produto\/uninterruptible-power-supply-system-interactive-ups-salicru-0081555966959-3600-w\/","title":{"rendered":"Syst\u00e8me d&#8217;Alimentation Sans Interruption Interactif Salicru 0081555966959 3600 W"},"content":{"rendered":"<p>Si vous \u00eates passionn\u00e9 d&#8217;<b>informatique et d&#8217;\u00e9lectronique<\/b>, si vous \u00eates \u00e0 la pointe de la technologie et qu&#8217;aucun d\u00e9tail ne vous \u00e9chappe, achetez <b>Syst\u00e8me d&#8217;Alimentation Sans Interruption Interactif Salicru 0081555966959 3600 W<\/b> au meilleur prix.<\/p>\n<p>Le <b>SAI Interactif Salicru SPS 16 ATS<\/b> est une solution avanc\u00e9e pour la gestion de l\u2019alimentation dans des environnements critiques, sp\u00e9cialement con\u00e7ue pour garantir la continuit\u00e9 et la protection \u00e9lectrique des \u00e9quipements connect\u00e9s. Ce <b>SAI interactif<\/b> se distingue par son format polyvalent, permettant aussi bien le <b>montage en rack (1U)<\/b> qu\u2019en armoire, s\u2019adaptant aux infrastructures exigeantes des salles techniques et centres de donn\u00e9es. Il int\u00e8gre un <b>\u00e9cran LCD et des voyants LED d\u2019\u00e9tat<\/b> fournissant des informations d\u00e9taill\u00e9es et en temps r\u00e9el sur l\u2019\u00e9tat de l\u2019appareil, les modes de fonctionnement et les principales mesures \u00e9lectriques, facilitant une surveillance pr\u00e9cise et continue. Gr\u00e2ce \u00e0 ses <b>2 entr\u00e9es CA type C20<\/b> et <b>9 sorties AC<\/b> (avec connecteurs <b>C13<\/b> et <b>C19<\/b>), il offre une grande flexibilit\u00e9 pour alimenter simultan\u00e9ment plusieurs dispositifs. La plage de <b>tension d\u2019entr\u00e9e (150V &#8211; 300V)<\/b> et le <b>rendement de 99%<\/b> assurent une gestion \u00e9nerg\u00e9tique fiable et efficace, tandis que des fonctions telles que la <b>commutation automatique ou manuelle<\/b> entre deux lignes d\u2019alimentation renforcent la s\u00e9curit\u00e9 op\u00e9rationnelle en cas d\u2019incident sur le r\u00e9seau \u00e9lectrique. Il dispose de nombreuses options de communication gr\u00e2ce aux interfaces <b>USB, RS-232<\/b> et contacts secs int\u00e9gr\u00e9s, ainsi que la possibilit\u00e9 d\u2019int\u00e9gration sur des plateformes SNMP pour une surveillance \u00e0 distance avanc\u00e9e. Ses dimensions compactes (<b>438 mm de largeur, 275 mm de profondeur, 44 mm de hauteur<\/b>) et sa finition en <b>noir et gris<\/b> le rendent id\u00e9al pour les installations o\u00f9 l\u2019espace et l\u2019esth\u00e9tique sont essentiels. En r\u00e9sum\u00e9, le Salicru SPS 16 ATS est un outil indispensable pour la protection \u00e9lectrique professionnelle, offrant contr\u00f4le, flexibilit\u00e9 et robustesse dans les environnements critiques.<\/p>\n<ul>\n<li>Technologie: LCD<\/li>\n<li>Produit \u00e0 brancher: Oui<\/li>\n<li>Type de prise: Prise EU<\/li>\n<li>Type:\n<ul>\n<li>Tour<\/li>\n<li>Syst\u00e8me d&#8217;Alimentation Sans Interruption Interactif<\/li>\n<li>C13<\/li>\n<\/ul>\n<\/li>\n<li>Bloc d\u2019Alimentation: r\u00e9seau \u00e9lectrique<\/li>\n<li>Couleur:\n<ul>\n<li>Noir<\/li>\n<li>Gris<\/li>\n<\/ul>\n<\/li>\n<li>Largeur: 438 mm<\/li>\n<li>Connexions:\n<ul>\n<li>AC x 9<\/li>\n<li>USB<\/li>\n<\/ul>\n<\/li>\n<li>Tension:\n<ul>\n<li>300 V<\/li>\n<li>240 V<\/li>\n<li>150 V<\/li>\n<\/ul>\n<\/li>\n<li>Fr\u00e9quence:\n<ul>\n<li>50-60 Hz<\/li>\n<li>50 &#8211; 60 Hz<\/li>\n<\/ul>\n<\/li>\n<li>Caract\u00e9ristiques:\n<ul>\n<li>\u00c9cran LCD<\/li>\n<li>T\u00e9moin LED<\/li>\n<\/ul>\n<\/li>\n<li>Poids approx.: 4 Kg<\/li>\n<li>puissance: 3600 W<\/li>\n<li>Montage en rack: 1U<\/li>\n<li>Amp\u00e9rage: 16 A<\/li>\n<\/ul>\n<p><\/p>\n<p>La s\u00e9rie SPS ATS de Salicru offre un commutateur automatique entre deux lignes d&#8217;alimentation monophas\u00e9e CA qui, \u00e0 partir de deux lignes d&#8217;\u00e9nergie de courant sinuso\u00efdal, fournit une tension de sortie \u00e0\/aux charge(s). La commutation peut se faire de fa\u00e7on automatique ou manuelle. L&#8217;\u00e9cran LCD et les LED d&#8217;\u00e9tat permettent de conna\u00eetre, \u00e0 tout moment, l&#8217;\u00e9tat de l&#8217;\u00e9quipement, le mode de fonctionnement, ainsi que les valeurs des principales mesures. Il offre de nombreuses possibilit\u00e9s de communication via les interfaces USB, RS-232 et les contacts libres de potentiel dont il est \u00e9quip\u00e9, ou bien, en option, via l&#8217;impl\u00e9mentation d&#8217;une plateforme SNMP. Par ailleurs, le logiciel de param\u00e9trage disponible permet de programmer diff\u00e9rents param\u00e8tres, tels que les retards, le niveau de surcharge, les marges de tension et de fr\u00e9quence, la sensibilit\u00e9 de la ligne, la programmation des contacts libres de potentiel, etc.<\/p>\n<p><\/p>\n<ul>\n<li>Tension de voltage \u00e0 l&#8217;entr\u00e9e (min): 150 V<\/li>\n<li>Tension de voltage \u00e0 l&#8217;entr\u00e9e (max): 300 V<\/li>\n<li>Fr\u00e9quence d&#8217;entr\u00e9e AC: 50 &#8211; 60 Hz<\/li>\n<li>tension de voltage \u00e0 la sortie (min): 200 V<\/li>\n<li>Tension de voltage \u00e0 la sortie (max): 240 V<\/li>\n<li>Courant de sortie: 16 A<\/li>\n<li>Efficacit\u00e9: 99%<\/li>\n<li>Voyants: Oui<\/li>\n<li>Format: A mettre sur rack<\/li>\n<li>Capacit\u00e9 du rack: 1U<\/li>\n<li>Couleur du produit: Noir, Gris<\/li>\n<li>\u00c9cran: LCD<\/li>\n<li>S\u00e9curit\u00e9: IEC-60950-1<\/li>\n<li>Certification: EN-55022; EN-55024, ISO 9001 &amp; ISO 14001<\/li>\n<li>Type d&#8217;admission CA: 2 x coupleur C20<\/li>\n<li>Nombre de prises en sortie: 9 sortie(s) CA<\/li>\n<li>Types de sortie AC: Coupleur C13, Coupleur C19<\/li>\n<li>Port USB: Oui<\/li>\n<li>Port RS-232: 2<\/li>\n<li>SmartSlot: Oui<\/li>\n<li>Temp\u00e9rature d&#8217;op\u00e9ration: 0 &#8211; 40 \u00b0C<\/li>\n<li>Taux d&#8217;humidit\u00e9 de fonctionnement: 0 &#8211; 95%<\/li>\n<li>Largeur: 438 mm<\/li>\n<li>Profondeur: 275 mm<\/li>\n<li>Hauteur: 44 mm<\/li>\n<li>Poids: 4 kg<\/li>\n<\/ul>","protected":false},"excerpt":{"rendered":"<p>Si vous \u00eates passionn\u00e9 d&#8217;informatique et d&#8217;\u00e9lectronique, si vous \u00eates \u00e0 la pointe de la technologie et qu&#8217;aucun d\u00e9tail ne vous \u00e9chappe, achetez Syst\u00e8me d&#8217;Alimentation Sans Interruption Interactif Salicru 0081555966959 3600 W au meilleur prix. Le SAI Interactif Salicru SPS 16 ATS est une solution avanc\u00e9e pour la gestion de l\u2019alimentation dans des environnements critiques, [&hellip;]<\/p>\n","protected":false},"featured_media":21064,"comment_status":"open","ping_status":"closed","template":"","meta":[],"product_brand":[650],"product_cat":[65,581,603],"product_tag":[106],"class_list":{"0":"post-21068","1":"product","2":"type-product","3":"status-publish","4":"has-post-thumbnail","6":"product_brand-brandp_575","7":"product_cat-informatique-electronique","8":"product_cat-informatique-peripheriques-et-consommables","9":"product_cat-ups","10":"product_tag-tag_1295","12":"first","13":"instock","14":"taxable","15":"shipping-taxable","16":"purchasable","17":"product-type-simple"},"_links":{"self":[{"href":"https:\/\/bigbuy.tupique.com\/en\/wp-json\/wp\/v2\/product\/21068","targetHints":{"allow":["GET"]}}],"collection":[{"href":"https:\/\/bigbuy.tupique.com\/en\/wp-json\/wp\/v2\/product"}],"about":[{"href":"https:\/\/bigbuy.tupique.com\/en\/wp-json\/wp\/v2\/types\/product"}],"replies":[{"embeddable":true,"href":"https:\/\/bigbuy.tupique.com\/en\/wp-json\/wp\/v2\/comments?post=21068"}],"wp:featuredmedia":[{"embeddable":true,"href":"https:\/\/bigbuy.tupique.com\/en\/wp-json\/wp\/v2\/media\/21064"}],"wp:attachment":[{"href":"https:\/\/bigbuy.tupique.com\/en\/wp-json\/wp\/v2\/media?parent=21068"}],"wp:term":[{"taxonomy":"product_brand","embeddable":true,"href":"https:\/\/bigbuy.tupique.com\/en\/wp-json\/wp\/v2\/product_brand?post=21068"},{"taxonomy":"product_cat","embeddable":true,"href":"https:\/\/bigbuy.tupique.com\/en\/wp-json\/wp\/v2\/product_cat?post=21068"},{"taxonomy":"product_tag","embeddable":true,"href":"https:\/\/bigbuy.tupique.com\/en\/wp-json\/wp\/v2\/product_tag?post=21068"}],"curies":[{"name":"wp","href":"https:\/\/api.w.org\/{rel}","templated":true}]}}