{"id":21030,"date":"2026-03-29T17:31:40","date_gmt":"2026-03-29T16:31:40","guid":{"rendered":"https:\/\/bigbuy.tupique.com\/produto\/switch-axis-5801-693\/"},"modified":"2026-04-15T02:19:18","modified_gmt":"2026-04-15T01:19:18","slug":"switch-axis-5801-693","status":"publish","type":"product","link":"https:\/\/bigbuy.tupique.com\/en\/produto\/switch-axis-5801-693\/","title":{"rendered":"Switch Axis 5801-693"},"content":{"rendered":"<p>Si vous \u00eates passionn\u00e9 d&#8217;<b>informatique et d&#8217;\u00e9lectronique<\/b>, si vous \u00eates \u00e0 la pointe de la technologie et qu&#8217;aucun d\u00e9tail ne vous \u00e9chappe, achetez <b>Switch Axis 5801-693<\/b> au meilleur prix.<\/p>\n<p>Le <b>Axis 5801-693<\/b> est un <b>switch<\/b> manageable con\u00e7u pour des infrastructures r\u00e9seau avanc\u00e9es, sp\u00e9cialement destin\u00e9 aux syst\u00e8mes de vid\u00e9osurveillance. Ce mod\u00e8le se distingue comme un <b>switch Gigabit 16 ports RJ45<\/b> offrant des connexions Ethernet haute vitesse (10\/100\/1000 Mbps), garantissant un transfert efficace et fiable des donn\u00e9es dans des environnements exigeants. Sa capacit\u00e9 de commutation est de <b>36 Gbit\/s<\/b>, permettant un trafic fluide et simultan\u00e9 entre appareils sans perte de performance. Le <b>AXIS T8516<\/b> int\u00e8gre un support pour <b>Power over Ethernet (PoE+)<\/b> haute puissance, alimentant directement jusqu\u2019\u00e0 16 cam\u00e9ras IP ou dispositifs compatibles, \u00e9liminant ainsi le besoin d\u2019alimentations externes et simplifiant l\u2019installation. Il dispose \u00e9galement d\u2019un serveur DHCP int\u00e9gr\u00e9 facilitant l\u2019attribution automatique des adresses IP, optimisant la gestion et la configuration du syst\u00e8me. La compatibilit\u00e9 avec les normes <b>IEEE 802.1x<\/b> et <b>IEEE 802.3at<\/b> assure une connectivit\u00e9 robuste et s\u00e9curis\u00e9e, avec des options avanc\u00e9es d\u2019authentification et de contr\u00f4le d\u2019acc\u00e8s r\u00e9seau. Son design pour montage en rack le rend adapt\u00e9 aux installations professionnelles, tandis que l\u2019interface d\u2019administration intuitive offre une topologie graphique permettant de surveiller en temps r\u00e9el l\u2019\u00e9tat et la localisation des appareils connect\u00e9s. Il fonctionne sous une plage de tension standard de <b>100-240 V<\/b> et pr\u00e9sente une finition <b>noire<\/b> adapt\u00e9e aux environnements techniques et professionnels. Avec une adresse MAC support\u00e9e jusqu\u2019\u00e0 <b>8000 entr\u00e9es<\/b>, ce switch est pr\u00eat \u00e0 g\u00e9rer de grands r\u00e9seaux avec de multiples appareils connect\u00e9s sans compromettre les performances. En r\u00e9sum\u00e9, l\u2019Axis 5801-693 est une solution efficace et \u00e9volutive pour des infrastructures r\u00e9seau n\u00e9cessitant haute capacit\u00e9, gestion simple et alimentation int\u00e9gr\u00e9e via Ethernet pour cam\u00e9ras et dispositifs de surveillance.<\/p>\n<ul>\n<li>Produit \u00e0 brancher: Oui<\/li>\n<li>Type de prise: Prise EU<\/li>\n<li>Type: Switch<\/li>\n<li>Bloc d\u2019Alimentation: r\u00e9seau \u00e9lectrique<\/li>\n<li>Couleur: Noir<\/li>\n<li>Connexions:\n<ul>\n<li>RJ45<\/li>\n<li>2<\/li>\n<\/ul>\n<\/li>\n<li>Tension: 100-240 V<\/li>\n<li>Fr\u00e9quence: 50-60 Hz<\/li>\n<li>Mati\u00e8re: M\u00e9tal<\/li>\n<\/ul>","protected":false},"excerpt":{"rendered":"<p>Si vous \u00eates passionn\u00e9 d&#8217;informatique et d&#8217;\u00e9lectronique, si vous \u00eates \u00e0 la pointe de la technologie et qu&#8217;aucun d\u00e9tail ne vous \u00e9chappe, achetez Switch Axis 5801-693 au meilleur prix. Le Axis 5801-693 est un switch manageable con\u00e7u pour des infrastructures r\u00e9seau avanc\u00e9es, sp\u00e9cialement destin\u00e9 aux syst\u00e8mes de vid\u00e9osurveillance. Ce mod\u00e8le se distingue comme un switch [&hellip;]<\/p>\n","protected":false},"featured_media":21028,"comment_status":"open","ping_status":"closed","template":"","meta":[],"product_brand":[645],"product_cat":[65,584,585],"product_tag":[106],"class_list":{"0":"post-21030","1":"product","2":"type-product","3":"status-publish","4":"has-post-thumbnail","6":"product_brand-brandp_4776","7":"product_cat-informatique-electronique","8":"product_cat-informatique-reseaux-et-composants","9":"product_cat-switch","10":"product_tag-tag_1295","12":"first","13":"instock","14":"taxable","15":"shipping-taxable","16":"purchasable","17":"product-type-simple"},"_links":{"self":[{"href":"https:\/\/bigbuy.tupique.com\/en\/wp-json\/wp\/v2\/product\/21030","targetHints":{"allow":["GET"]}}],"collection":[{"href":"https:\/\/bigbuy.tupique.com\/en\/wp-json\/wp\/v2\/product"}],"about":[{"href":"https:\/\/bigbuy.tupique.com\/en\/wp-json\/wp\/v2\/types\/product"}],"replies":[{"embeddable":true,"href":"https:\/\/bigbuy.tupique.com\/en\/wp-json\/wp\/v2\/comments?post=21030"}],"wp:featuredmedia":[{"embeddable":true,"href":"https:\/\/bigbuy.tupique.com\/en\/wp-json\/wp\/v2\/media\/21028"}],"wp:attachment":[{"href":"https:\/\/bigbuy.tupique.com\/en\/wp-json\/wp\/v2\/media?parent=21030"}],"wp:term":[{"taxonomy":"product_brand","embeddable":true,"href":"https:\/\/bigbuy.tupique.com\/en\/wp-json\/wp\/v2\/product_brand?post=21030"},{"taxonomy":"product_cat","embeddable":true,"href":"https:\/\/bigbuy.tupique.com\/en\/wp-json\/wp\/v2\/product_cat?post=21030"},{"taxonomy":"product_tag","embeddable":true,"href":"https:\/\/bigbuy.tupique.com\/en\/wp-json\/wp\/v2\/product_tag?post=21030"}],"curies":[{"name":"wp","href":"https:\/\/api.w.org\/{rel}","templated":true}]}}