{"id":21018,"date":"2026-03-29T17:31:23","date_gmt":"2026-03-29T16:31:23","guid":{"rendered":"https:\/\/bigbuy.tupique.com\/produto\/headphones-with-microphone-poly-savi-7320-m-office-dect-black\/"},"modified":"2026-05-11T19:59:34","modified_gmt":"2026-05-11T17:59:34","slug":"headphones-with-microphone-poly-savi-7320-m-office-dect-black","status":"publish","type":"product","link":"https:\/\/bigbuy.tupique.com\/en\/produto\/headphones-with-microphone-poly-savi-7320-m-office-dect-black\/","title":{"rendered":"Casques avec Microphone Poly Savi 7320-M Office DECT Noir"},"content":{"rendered":"<p>Si vous \u00eates passionn\u00e9 d&#8217;<b>informatique et d&#8217;\u00e9lectronique<\/b>, si vous \u00eates \u00e0 la pointe de la technologie et qu&#8217;aucun d\u00e9tail ne vous \u00e9chappe, achetez <b>Casques avec Microphone Poly Savi 7320-M Office DECT Noir<\/b> au meilleur prix.<\/p>\n<ul>\n<li>Type:\n<ul>\n<li>Casques avec Microphone<\/li>\n<li>\u00c9couteur<\/li>\n<li>Sans fil<\/li>\n<li>Casque audio<\/li>\n<li>SSD<\/li>\n<\/ul>\n<\/li>\n<li>Couleur: Noir<\/li>\n<li>Caract\u00e9ristiques: Batterie int\u00e9gr\u00e9e<\/li>\n<li>Connexions:\n<ul>\n<li>USB-C<\/li>\n<li>HDMI<\/li>\n<li>USB 2.0 x 2<\/li>\n<\/ul>\n<\/li>\n<li>Connectivit\u00e9: Bluetooth<\/li>\n<li>Type de casque: Externe supra-aural<\/li>\n<li>Autonomie approx.: 13 heures<\/li>\n<li>Utilisation recommand\u00e9e: Oficina\/Centro de llamadas<\/li>\n<li>Disque dur: 256 GB SSD<\/li>\n<li>Type de m\u00e9moire: DDR4<\/li>\n<li>Syst\u00e8me d&#8217;exploitation: Windows<\/li>\n<li>Diagonale de l&#8217;\u00e9cran (cm): 39,6 cm<\/li>\n<\/ul>","protected":false},"excerpt":{"rendered":"<p>Si vous \u00eates passionn\u00e9 d&#8217;informatique et d&#8217;\u00e9lectronique, si vous \u00eates \u00e0 la pointe de la technologie et qu&#8217;aucun d\u00e9tail ne vous \u00e9chappe, achetez Casques avec Microphone Poly Savi 7320-M Office DECT Noir au meilleur prix. Type: Casques avec Microphone \u00c9couteur Sans fil Casque audio SSD Couleur: Noir Caract\u00e9ristiques: Batterie int\u00e9gr\u00e9e Connexions: USB-C HDMI USB 2.0 [&hellip;]<\/p>\n","protected":false},"featured_media":21016,"comment_status":"open","ping_status":"closed","template":"","meta":[],"product_brand":[1002],"product_cat":[758,575,65],"product_tag":[566,106],"class_list":{"0":"post-21018","1":"product","2":"type-product","3":"status-publish","4":"has-post-thumbnail","6":"product_brand-brandp_4768","7":"product_cat-casque-avec-microphone","8":"product_cat-electronique-telephonie-et-tablettes","9":"product_cat-informatique-electronique","10":"product_tag-tag_547","11":"product_tag-tag_1295","13":"first","14":"instock","15":"taxable","16":"shipping-taxable","17":"purchasable","18":"product-type-simple"},"_links":{"self":[{"href":"https:\/\/bigbuy.tupique.com\/en\/wp-json\/wp\/v2\/product\/21018","targetHints":{"allow":["GET"]}}],"collection":[{"href":"https:\/\/bigbuy.tupique.com\/en\/wp-json\/wp\/v2\/product"}],"about":[{"href":"https:\/\/bigbuy.tupique.com\/en\/wp-json\/wp\/v2\/types\/product"}],"replies":[{"embeddable":true,"href":"https:\/\/bigbuy.tupique.com\/en\/wp-json\/wp\/v2\/comments?post=21018"}],"wp:featuredmedia":[{"embeddable":true,"href":"https:\/\/bigbuy.tupique.com\/en\/wp-json\/wp\/v2\/media\/21016"}],"wp:attachment":[{"href":"https:\/\/bigbuy.tupique.com\/en\/wp-json\/wp\/v2\/media?parent=21018"}],"wp:term":[{"taxonomy":"product_brand","embeddable":true,"href":"https:\/\/bigbuy.tupique.com\/en\/wp-json\/wp\/v2\/product_brand?post=21018"},{"taxonomy":"product_cat","embeddable":true,"href":"https:\/\/bigbuy.tupique.com\/en\/wp-json\/wp\/v2\/product_cat?post=21018"},{"taxonomy":"product_tag","embeddable":true,"href":"https:\/\/bigbuy.tupique.com\/en\/wp-json\/wp\/v2\/product_tag?post=21018"}],"curies":[{"name":"wp","href":"https:\/\/api.w.org\/{rel}","templated":true}]}}