{"id":20989,"date":"2026-03-29T17:30:37","date_gmt":"2026-03-29T16:30:37","guid":{"rendered":"https:\/\/bigbuy.tupique.com\/produto\/mens-watch-maurice-lacroix-ai6038-ss002-430-1-o-44-mm\/"},"modified":"2026-04-15T02:19:04","modified_gmt":"2026-04-15T01:19:04","slug":"mens-watch-maurice-lacroix-ai6038-ss002-430-1-o-44-mm","status":"publish","type":"product","link":"https:\/\/bigbuy.tupique.com\/en\/produto\/mens-watch-maurice-lacroix-ai6038-ss002-430-1-o-44-mm\/","title":{"rendered":"Montre Homme Maurice Lacroix AI6038-SS002-430-1 (\u00d8 44 mm)"},"content":{"rendered":"<p>Si vous aimez suivre les derni\u00e8res tendances en mati\u00e8re de mode et accessoires, achetez <b>Montre Homme Maurice Lacroix AI6038-SS002-430-1 (\u00d8 44 mm)<\/b> au meilleur prix.<\/p>\n<ul>\n<li>Liens suppl\u00e9mentaires: Non<\/li>\n<li>Type de montre: Montre-bracelet<\/li>\n<li>Genre: Homme<\/li>\n<li>Fonctions: Chronographe<\/li>\n<li>Inclut: Le coffret de la marque est inclus<\/li>\n<li>Imperm\u00e9abilit\u00e9: 20 atm<\/li>\n<li>Verre: Saphir<\/li>\n<li>Type de mouvement: Automatique<\/li>\n<li>Diam\u00e8tre du bo\u00eetier de la montre: \u00d8 44 mm<\/li>\n<\/ul>","protected":false},"excerpt":{"rendered":"<p>Si vous aimez suivre les derni\u00e8res tendances en mati\u00e8re de mode et accessoires, achetez Montre Homme Maurice Lacroix AI6038-SS002-430-1 (\u00d8 44 mm) au meilleur prix. Liens suppl\u00e9mentaires: Non Type de montre: Montre-bracelet Genre: Homme Fonctions: Chronographe Inclut: Le coffret de la marque est inclus Imperm\u00e9abilit\u00e9: 20 atm Verre: Saphir Type de mouvement: Automatique Diam\u00e8tre du [&hellip;]<\/p>\n","protected":false},"featured_media":20987,"comment_status":"open","ping_status":"closed","template":"","meta":[],"product_brand":[807],"product_cat":[544,574,545],"product_tag":[103,543],"class_list":{"0":"post-20989","1":"product","2":"type-product","3":"status-publish","4":"has-post-thumbnail","6":"product_brand-brandp_2467","7":"product_cat-mode-accessoires","8":"product_cat-montres-homme","9":"product_cat-montres-bracelets","10":"product_tag-tag_1261","11":"product_tag-tag_61","13":"first","14":"instock","15":"taxable","16":"shipping-taxable","17":"purchasable","18":"product-type-simple"},"_links":{"self":[{"href":"https:\/\/bigbuy.tupique.com\/en\/wp-json\/wp\/v2\/product\/20989","targetHints":{"allow":["GET"]}}],"collection":[{"href":"https:\/\/bigbuy.tupique.com\/en\/wp-json\/wp\/v2\/product"}],"about":[{"href":"https:\/\/bigbuy.tupique.com\/en\/wp-json\/wp\/v2\/types\/product"}],"replies":[{"embeddable":true,"href":"https:\/\/bigbuy.tupique.com\/en\/wp-json\/wp\/v2\/comments?post=20989"}],"wp:featuredmedia":[{"embeddable":true,"href":"https:\/\/bigbuy.tupique.com\/en\/wp-json\/wp\/v2\/media\/20987"}],"wp:attachment":[{"href":"https:\/\/bigbuy.tupique.com\/en\/wp-json\/wp\/v2\/media?parent=20989"}],"wp:term":[{"taxonomy":"product_brand","embeddable":true,"href":"https:\/\/bigbuy.tupique.com\/en\/wp-json\/wp\/v2\/product_brand?post=20989"},{"taxonomy":"product_cat","embeddable":true,"href":"https:\/\/bigbuy.tupique.com\/en\/wp-json\/wp\/v2\/product_cat?post=20989"},{"taxonomy":"product_tag","embeddable":true,"href":"https:\/\/bigbuy.tupique.com\/en\/wp-json\/wp\/v2\/product_tag?post=20989"}],"curies":[{"name":"wp","href":"https:\/\/api.w.org\/{rel}","templated":true}]}}