{"id":20975,"date":"2026-03-29T17:30:18","date_gmt":"2026-03-29T16:30:18","guid":{"rendered":"https:\/\/bigbuy.tupique.com\/produto\/jet-wash-bosch-06008a7800-2600-w\/"},"modified":"2026-04-16T16:37:26","modified_gmt":"2026-04-16T15:37:26","slug":"jet-wash-bosch-06008a7800-2600-w","status":"publish","type":"product","link":"https:\/\/bigbuy.tupique.com\/en\/produto\/jet-wash-bosch-06008a7800-2600-w\/","title":{"rendered":"Nettoyeur haute pression BOSCH 06008A7800 2600 W"},"content":{"rendered":"<p>Si vous aimez prendre soin de chaque d\u00e9tail de votre maison et d&#8217;\u00eatre \u00e0 la derni\u00e8re mode en mati\u00e8re de produits qui vous rendront la vie plus facile, achetez <b>Nettoyeur haute pression BOSCH 06008A7800 2600 W<\/b> au meilleur prix.<\/p>\n<p>Le <b>nettoyeur haute pression<\/b> BOSCH mod\u00e8le <b>06008A7800<\/b> est une laveuse haute pression con\u00e7ue pour offrir un nettoyage efficace et puissant gr\u00e2ce \u00e0 son <b>moteur asynchrone de 2600 W<\/b> qui assure des performances remarquables. Avec une <b>pression maximale de 160 bars<\/b> et un <b>d\u00e9bit d\u2019eau de 600 litres par heure<\/b>, cet appareil garantit une forte puissance de jet capable d\u2019\u00e9liminer la salet\u00e9 incrust\u00e9e sur diverses surfaces. Sa pompe est fabriqu\u00e9e en <b>aluminium \u00e0 quatre cylindres<\/b>, ce qui apporte durabilit\u00e9 et robustesse, tandis que les pistons en <b>acier inoxydable<\/b> assurent une longue dur\u00e9e de vie m\u00eame en usage continu. \u00c9quip\u00e9 d\u2019un <b>filtre \u00e0 eau m\u00e9tallique<\/b>, il emp\u00eache l\u2019entr\u00e9e d\u2019impuret\u00e9s pouvant endommager le m\u00e9canisme interne. Le nettoyeur fonctionne par <b>alimentation \u00e9lectrique par c\u00e2ble<\/b>, un syst\u00e8me fiable et constant pour les travaux exigeants sans interruption. Parmi ses caract\u00e9ristiques pratiques, on trouve un <b>enrouleur de tuyau de 8 m\u00e8tres<\/b> facilitant la manipulation et le rangement, ainsi qu\u2019une <b>poign\u00e9e r\u00e9tractable<\/b> am\u00e9liorant l\u2019ergonomie et le transport de l\u2019appareil. Son design en <b>couleur verte<\/b> refl\u00e8te l\u2019identit\u00e9 de la marque, tandis que le moteur asynchrone contribue \u00e0 un fonctionnement silencieux et efficace. La temp\u00e9rature maximale recommand\u00e9e de fonctionnement est de 40 \u00b0C, permettant l\u2019utilisation d\u2019eau ti\u00e8de pour un nettoyage plus efficace sans compromettre l\u2019int\u00e9grit\u00e9 de l\u2019\u00e9quipement. En r\u00e9sum\u00e9, ce nettoyeur haute pression allie puissance, robustesse et praticit\u00e9, se positionnant comme une solution fiable pour les t\u00e2ches de nettoyage domestiques ou professionnelles n\u00e9cessitant des r\u00e9sultats rapides et efficaces.<\/p>\n<ul>\n<li>Type de prise: Prise EU<\/li>\n<li>Produit \u00e0 brancher: Oui<\/li>\n<li>Type: Nettoyeur haute pression<\/li>\n<li>Bloc d\u2019Alimentation:\n<ul>\n<li>r\u00e9seau \u00e9lectrique<\/li>\n<li>C\u00e2ble \u00e9lectrique<\/li>\n<\/ul>\n<\/li>\n<li>Couleur: Vert<\/li>\n<li>Mati\u00e8re:\n<ul>\n<li>M\u00e9tal<\/li>\n<li>Acier inoxydable<\/li>\n<\/ul>\n<\/li>\n<li>puissance: 2600 W<\/li>\n<li>Longueur du Tuyau: 8 m<\/li>\n<li>Indice de r\u00e9parabilit\u00e9: 8.8<\/li>\n<\/ul>","protected":false},"excerpt":{"rendered":"<p><span class=\"unit-info\">62.6238 &euro; \/ 1 m<\/span><\/p>","protected":false},"featured_media":20974,"comment_status":"open","ping_status":"closed","template":"","meta":[],"product_brand":[162],"product_cat":[613,239],"product_tag":[59,210],"class_list":{"0":"post-20975","1":"product","2":"type-product","3":"status-publish","4":"has-post-thumbnail","6":"product_brand-brandp_959","7":"product_cat-bricolage-et-materiel","8":"product_cat-maison-jardin","9":"product_tag-tag_1304","10":"product_tag-tag_25","12":"first","13":"instock","14":"taxable","15":"shipping-taxable","16":"purchasable","17":"product-type-simple"},"_links":{"self":[{"href":"https:\/\/bigbuy.tupique.com\/en\/wp-json\/wp\/v2\/product\/20975","targetHints":{"allow":["GET"]}}],"collection":[{"href":"https:\/\/bigbuy.tupique.com\/en\/wp-json\/wp\/v2\/product"}],"about":[{"href":"https:\/\/bigbuy.tupique.com\/en\/wp-json\/wp\/v2\/types\/product"}],"replies":[{"embeddable":true,"href":"https:\/\/bigbuy.tupique.com\/en\/wp-json\/wp\/v2\/comments?post=20975"}],"wp:featuredmedia":[{"embeddable":true,"href":"https:\/\/bigbuy.tupique.com\/en\/wp-json\/wp\/v2\/media\/20974"}],"wp:attachment":[{"href":"https:\/\/bigbuy.tupique.com\/en\/wp-json\/wp\/v2\/media?parent=20975"}],"wp:term":[{"taxonomy":"product_brand","embeddable":true,"href":"https:\/\/bigbuy.tupique.com\/en\/wp-json\/wp\/v2\/product_brand?post=20975"},{"taxonomy":"product_cat","embeddable":true,"href":"https:\/\/bigbuy.tupique.com\/en\/wp-json\/wp\/v2\/product_cat?post=20975"},{"taxonomy":"product_tag","embeddable":true,"href":"https:\/\/bigbuy.tupique.com\/en\/wp-json\/wp\/v2\/product_tag?post=20975"}],"curies":[{"name":"wp","href":"https:\/\/api.w.org\/{rel}","templated":true}]}}