{"id":20973,"date":"2026-03-29T17:30:16","date_gmt":"2026-03-29T16:30:16","guid":{"rendered":"https:\/\/bigbuy.tupique.com\/produto\/childs-chair-cybex-white\/"},"modified":"2026-04-16T17:11:15","modified_gmt":"2026-04-16T16:11:15","slug":"childs-chair-cybex-white","status":"publish","type":"product","link":"https:\/\/bigbuy.tupique.com\/en\/produto\/childs-chair-cybex-white\/","title":{"rendered":"Chaise pour Enfant Cybex Blanc"},"content":{"rendered":"<p>Les enfants m\u00e9ritent ce qu\u2019il y a de mieux, nous vous pr\u00e9sentons donc <b>Chaise pour Enfant Cybex Blanc<\/b>, id\u00e9al pour ceux qui cherchent des produits de qualit\u00e9 pour les plus petits ! Procurez-vous <b>Cybex<\/b> et bien d\u2019autres marques et licences aux meilleurs prix !<\/p>\n<ul>\n<li>Inclut: Plateau<\/li>\n<li>Design: Polyvalent et adaptable<\/li>\n<li>Couleur: Blanc<\/li>\n<li>Mat\u00e9riel: Plastique<\/li>\n<li>N\u00e9cessite un montage: Oui<\/li>\n<li>\u00c2ge recommand\u00e9: + 6 Mois<\/li>\n<\/ul>","protected":false},"excerpt":{"rendered":"<p>Les enfants m\u00e9ritent ce qu\u2019il y a de mieux, nous vous pr\u00e9sentons donc Chaise pour Enfant Cybex Blanc, id\u00e9al pour ceux qui cherchent des produits de qualit\u00e9 pour les plus petits ! Procurez-vous Cybex et bien d\u2019autres marques et licences aux meilleurs prix ! Inclut: Plateau Design: Polyvalent et adaptable Couleur: Blanc Mat\u00e9riel: Plastique N\u00e9cessite [&hellip;]<\/p>\n","protected":false},"featured_media":20966,"comment_status":"open","ping_status":"closed","template":"","meta":[],"product_brand":[856],"product_cat":[1051,251,157],"product_tag":[59],"class_list":{"0":"post-20973","1":"product","2":"type-product","3":"status-publish","4":"has-post-thumbnail","6":"product_brand-brandp_2860","7":"product_cat-accessoires-pour-enfants","8":"product_cat-bebes-et-enfants","9":"product_cat-jouets-deguisements","10":"product_tag-tag_1304","12":"first","13":"instock","14":"taxable","15":"shipping-taxable","16":"purchasable","17":"product-type-simple"},"_links":{"self":[{"href":"https:\/\/bigbuy.tupique.com\/en\/wp-json\/wp\/v2\/product\/20973","targetHints":{"allow":["GET"]}}],"collection":[{"href":"https:\/\/bigbuy.tupique.com\/en\/wp-json\/wp\/v2\/product"}],"about":[{"href":"https:\/\/bigbuy.tupique.com\/en\/wp-json\/wp\/v2\/types\/product"}],"replies":[{"embeddable":true,"href":"https:\/\/bigbuy.tupique.com\/en\/wp-json\/wp\/v2\/comments?post=20973"}],"wp:featuredmedia":[{"embeddable":true,"href":"https:\/\/bigbuy.tupique.com\/en\/wp-json\/wp\/v2\/media\/20966"}],"wp:attachment":[{"href":"https:\/\/bigbuy.tupique.com\/en\/wp-json\/wp\/v2\/media?parent=20973"}],"wp:term":[{"taxonomy":"product_brand","embeddable":true,"href":"https:\/\/bigbuy.tupique.com\/en\/wp-json\/wp\/v2\/product_brand?post=20973"},{"taxonomy":"product_cat","embeddable":true,"href":"https:\/\/bigbuy.tupique.com\/en\/wp-json\/wp\/v2\/product_cat?post=20973"},{"taxonomy":"product_tag","embeddable":true,"href":"https:\/\/bigbuy.tupique.com\/en\/wp-json\/wp\/v2\/product_tag?post=20973"}],"curies":[{"name":"wp","href":"https:\/\/api.w.org\/{rel}","templated":true}]}}