{"id":20959,"date":"2026-03-29T17:29:50","date_gmt":"2026-03-29T16:29:50","guid":{"rendered":"https:\/\/bigbuy.tupique.com\/produto\/uninterruptible-power-supply-system-interactive-ups-eaton-9e3000ir-2700-w\/"},"modified":"2026-04-15T02:19:01","modified_gmt":"2026-04-15T01:19:01","slug":"uninterruptible-power-supply-system-interactive-ups-eaton-9e3000ir-2700-w","status":"publish","type":"product","link":"https:\/\/bigbuy.tupique.com\/en\/produto\/uninterruptible-power-supply-system-interactive-ups-eaton-9e3000ir-2700-w\/","title":{"rendered":"Syst\u00e8me d&#8217;Alimentation Sans Interruption Interactif Eaton 9E3000IR 2700 W"},"content":{"rendered":"<p>Si vous \u00eates passionn\u00e9 d&#8217;<b>informatique et d&#8217;\u00e9lectronique<\/b>, si vous \u00eates \u00e0 la pointe de la technologie et qu&#8217;aucun d\u00e9tail ne vous \u00e9chappe, achetez <b>Syst\u00e8me d&#8217;Alimentation Sans Interruption Interactif Eaton 9E3000IR 2700 W<\/b> au meilleur prix.<\/p>\n<p>Le <b>Eaton 9E3000IR<\/b> est un <b>onduleur interactif<\/b> con\u00e7u pour offrir une protection \u00e9lectrique de haute qualit\u00e9 dans des environnements professionnels et critiques. Cet appareil fournit une <b>puissance de sortie de 2700 W<\/b> et une capacit\u00e9 nominale de <b>3 kVA<\/b>, garantissant une alimentation stable et s\u00e9curis\u00e9e pour les \u00e9quipements sensibles. Il utilise une <b>topologie double conversion en ligne<\/b>, assurant un courant constant et sans interruption, id\u00e9al pour prot\u00e9ger les syst\u00e8mes informatiques, r\u00e9seaux et appareils \u00e9lectroniques contre les coupures ou fluctuations. L\u2019onduleur est \u00e9quip\u00e9 d\u2019une <b>technologie LCD<\/b> facilitant la surveillance en temps r\u00e9el de ses fonctions et \u00e9tats, ainsi que d\u2019une interface de communication <b>RS-232<\/b> pour une gestion avanc\u00e9e et int\u00e9gration avec d\u2019autres syst\u00e8mes. Sa batterie <b>plomb-acide<\/b> de <b>9 Ah et 12 V<\/b> assure des sauvegardes fiables et prolong\u00e9es, tandis que son design modulaire permet un montage en rack de <b>2U<\/b>, optimisant l\u2019espace dans les armoires serveurs ou salles techniques. C\u00f4t\u00e9 connectivit\u00e9, il dispose de <b>7 sorties AC<\/b> compatibles avec les connecteurs <b>C14, C13 et C19<\/b>, facilitant la connexion dans divers environnements. L\u2019appareil fonctionne sous une tension d\u2019entr\u00e9e de <b>230 V<\/b> et est fourni avec un c\u00e2ble d\u2019alimentation de <b>1,8 m\u00e8tre<\/b>. Sa finition en <b>noir<\/b> offre une esth\u00e9tique professionnelle adapt\u00e9e \u00e0 tout environnement d\u2019entreprise. De plus, il respecte les normes strictes de certification <b>CE<\/b> et les standards internationaux <b>IEC\/EN 62040-1 et IEC\/EN 62040-2<\/b>, garantissant fiabilit\u00e9 et s\u00e9curit\u00e9 selon les exigences du secteur. Ce mod\u00e8le repr\u00e9sente une solution robuste pour la protection \u00e9nerg\u00e9tique, assurant un fonctionnement continu et s\u00e9curis\u00e9 des infrastructures technologiques critiques.<\/p>\n<ul>\n<li>Produit \u00e0 brancher: Oui<\/li>\n<li>Type de prise: Prise EU<\/li>\n<li>Type: Syst\u00e8me d&#8217;Alimentation Sans Interruption Interactif<\/li>\n<li>Bloc d\u2019Alimentation: r\u00e9seau \u00e9lectrique<\/li>\n<li>Couleur: Noir<\/li>\n<li>Longueur du c\u00e2ble: 1,8 m<\/li>\n<li>Puissance nominale: 3 kVA<\/li>\n<li>Technologie: LCD<\/li>\n<li>Tension: 230 V<\/li>\n<li>Capacit\u00e9 de la batterie: 9 Ah<\/li>\n<li>puissance: 2700 W<\/li>\n<li>Connexions:\n<ul>\n<li>RS-232<\/li>\n<li>C14 x 1<\/li>\n<li>AC x 7<\/li>\n<\/ul>\n<\/li>\n<li>Largeur: 438 mm<\/li>\n<li>Niveau sonore: 45 dB<\/li>\n<\/ul>","protected":false},"excerpt":{"rendered":"<p><span class=\"unit-info\">643.9950 &euro; \/ 1 unit<\/span><\/p>","protected":false},"featured_media":20947,"comment_status":"open","ping_status":"closed","template":"","meta":[],"product_brand":[652],"product_cat":[65,581,603],"product_tag":[106],"class_list":{"0":"post-20959","1":"product","2":"type-product","3":"status-publish","4":"has-post-thumbnail","6":"product_brand-brandp_4815","7":"product_cat-informatique-electronique","8":"product_cat-informatique-peripheriques-et-consommables","9":"product_cat-ups","10":"product_tag-tag_1295","12":"first","13":"instock","14":"taxable","15":"shipping-taxable","16":"purchasable","17":"product-type-simple"},"_links":{"self":[{"href":"https:\/\/bigbuy.tupique.com\/en\/wp-json\/wp\/v2\/product\/20959","targetHints":{"allow":["GET"]}}],"collection":[{"href":"https:\/\/bigbuy.tupique.com\/en\/wp-json\/wp\/v2\/product"}],"about":[{"href":"https:\/\/bigbuy.tupique.com\/en\/wp-json\/wp\/v2\/types\/product"}],"replies":[{"embeddable":true,"href":"https:\/\/bigbuy.tupique.com\/en\/wp-json\/wp\/v2\/comments?post=20959"}],"wp:featuredmedia":[{"embeddable":true,"href":"https:\/\/bigbuy.tupique.com\/en\/wp-json\/wp\/v2\/media\/20947"}],"wp:attachment":[{"href":"https:\/\/bigbuy.tupique.com\/en\/wp-json\/wp\/v2\/media?parent=20959"}],"wp:term":[{"taxonomy":"product_brand","embeddable":true,"href":"https:\/\/bigbuy.tupique.com\/en\/wp-json\/wp\/v2\/product_brand?post=20959"},{"taxonomy":"product_cat","embeddable":true,"href":"https:\/\/bigbuy.tupique.com\/en\/wp-json\/wp\/v2\/product_cat?post=20959"},{"taxonomy":"product_tag","embeddable":true,"href":"https:\/\/bigbuy.tupique.com\/en\/wp-json\/wp\/v2\/product_tag?post=20959"}],"curies":[{"name":"wp","href":"https:\/\/api.w.org\/{rel}","templated":true}]}}