{"id":20913,"date":"2026-03-29T17:28:42","date_gmt":"2026-03-29T16:28:42","guid":{"rendered":"https:\/\/bigbuy.tupique.com\/produto\/router-synology-wrx560-black\/"},"modified":"2026-04-15T02:18:58","modified_gmt":"2026-04-15T01:18:58","slug":"router-synology-wrx560-black","status":"publish","type":"product","link":"https:\/\/bigbuy.tupique.com\/en\/produto\/router-synology-wrx560-black\/","title":{"rendered":"Router Synology WRX560 Noir"},"content":{"rendered":"<p>Si vous \u00eates passionn\u00e9 d&#8217;<b>informatique et d&#8217;\u00e9lectronique<\/b>, si vous \u00eates \u00e0 la pointe de la technologie et qu&#8217;aucun d\u00e9tail ne vous \u00e9chappe, achetez <b>Router Synology WRX560 Noir<\/b> au meilleur prix.<\/p>\n<p>Le <b>Synology WRX560<\/b> est un <b>routeur<\/b> con\u00e7u pour offrir une connectivit\u00e9 avanc\u00e9e et performante dans des environnements domestiques ou professionnels n\u00e9cessitant des r\u00e9seaux fiables et rapides. Cet appareil prend en charge une connexion WAN via <b>RJ-45<\/b> et fournit une connexion sans fil double bande en <b>2,4 GHz et 5 GHz<\/b>, int\u00e9grant la norme <b>Wi-Fi 6 (802.11ax)<\/b> qui optimise la vitesse et l\u2019efficacit\u00e9 du r\u00e9seau, atteignant un d\u00e9bit maximal de <b>2400 Mbps<\/b>. Il dispose \u00e9galement d\u2019interfaces Ethernet LAN <b>Gigabit avec des vitesses combin\u00e9es jusqu\u2019\u00e0 2,5 Gbps<\/b>, permettant des connexions filaires stables et rapides pour les \u00e9quipements \u00e0 forte demande de bande passante. La s\u00e9curit\u00e9 est un point cl\u00e9, ce routeur \u00e9tant compatible avec des algorithmes robustes tels que <b>WPA, WPA2, WPA2-Enterprise et WPA3-Enterprise<\/b>, garantissant une protection fiable contre les menaces et acc\u00e8s non autoris\u00e9s. L\u2019appareil se pr\u00e9sente en version \u00e9l\u00e9gante de couleur <b>noir<\/b> et poss\u00e8de des voyants LED pour surveiller l\u2019\u00e9tat de <b>l\u2019alimentation et du WPS<\/b>. Parmi ses fonctionnalit\u00e9s suppl\u00e9mentaires, il inclut des <b>ports USB<\/b> qui \u00e9tendent les options de connectivit\u00e9 et de stockage. Sa m\u00e9moire interne de <b>512 MB<\/b> assure une gestion fluide des processus r\u00e9seau, et le guide d\u2019installation inclus facilite une configuration rapide et simple. Le Synology WRX560 se distingue par la combinaison de technologies modernes de derni\u00e8re g\u00e9n\u00e9ration, r\u00e9pondant aux besoins actuels de connectivit\u00e9 sans fil et filaire, offrant un \u00e9quipement polyvalent, s\u00e9curis\u00e9 et performant pour tout type de r\u00e9seau domestique ou de petite entreprise.<\/p>\n<ul>\n<li>Connexions:\n<ul>\n<li>RJ45<\/li>\n<li>Ethernet LAN<\/li>\n<li>USB<\/li>\n<\/ul>\n<\/li>\n<li>Produit \u00e0 brancher: Oui<\/li>\n<li>Type de prise: Prise EU<\/li>\n<li>Couleur:\n<ul>\n<li>Noir<\/li>\n<li>Blanc<\/li>\n<\/ul>\n<\/li>\n<li>Type:\n<ul>\n<li>Router<\/li>\n<li>DDR4<\/li>\n<\/ul>\n<\/li>\n<li>Bloc d\u2019Alimentation: r\u00e9seau \u00e9lectrique<\/li>\n<li>Connectivit\u00e9:\n<ul>\n<li>Wi-Fi 6 GHz<\/li>\n<li>Wi-Fi<\/li>\n<li>Ethernet LAN<\/li>\n<\/ul>\n<\/li>\n<li>M\u00e9moire interne: 512 MB<\/li>\n<li>Fr\u00e9quence: 50-60 Hz<\/li>\n<li>Caract\u00e9ristiques: Guide d&#8217;installation inclus<\/li>\n<li>Interface: Gigabit Ethernet<\/li>\n<li>Ports: 5<\/li>\n<li>Processeur: 1,4 GHz<\/li>\n<li>Tension: 100 &#8211; 240 V<\/li>\n<li>Syst\u00e8me d&#8217;exploitation: RouterOS<\/li>\n<li>Bande: 2,4 GHz &#8211; 5 GHz<\/li>\n<li>Fr\u00e9quence d&#8217;entr\u00e9e AC: 50-60 Hz<\/li>\n<li>Non Inclus: Adaptateur AC<\/li>\n<li>Type de m\u00e9moire: DDR4<\/li>\n<li>Capacit\u00e9: 900 g<\/li>\n<\/ul>","protected":false},"excerpt":{"rendered":"<p><span class=\"unit-info\">32.2211 &euro; \/ 100 gr<\/span><\/p>","protected":false},"featured_media":20912,"comment_status":"open","ping_status":"closed","template":"","meta":[],"product_brand":[990],"product_cat":[65,584,612],"product_tag":[106],"class_list":{"0":"post-20913","1":"product","2":"type-product","3":"status-publish","4":"has-post-thumbnail","6":"product_brand-brandp_653","7":"product_cat-informatique-electronique","8":"product_cat-informatique-reseaux-et-composants","9":"product_cat-routeurs-et-modems","10":"product_tag-tag_1295","12":"first","13":"instock","14":"taxable","15":"shipping-taxable","16":"purchasable","17":"product-type-simple"},"_links":{"self":[{"href":"https:\/\/bigbuy.tupique.com\/en\/wp-json\/wp\/v2\/product\/20913","targetHints":{"allow":["GET"]}}],"collection":[{"href":"https:\/\/bigbuy.tupique.com\/en\/wp-json\/wp\/v2\/product"}],"about":[{"href":"https:\/\/bigbuy.tupique.com\/en\/wp-json\/wp\/v2\/types\/product"}],"replies":[{"embeddable":true,"href":"https:\/\/bigbuy.tupique.com\/en\/wp-json\/wp\/v2\/comments?post=20913"}],"wp:featuredmedia":[{"embeddable":true,"href":"https:\/\/bigbuy.tupique.com\/en\/wp-json\/wp\/v2\/media\/20912"}],"wp:attachment":[{"href":"https:\/\/bigbuy.tupique.com\/en\/wp-json\/wp\/v2\/media?parent=20913"}],"wp:term":[{"taxonomy":"product_brand","embeddable":true,"href":"https:\/\/bigbuy.tupique.com\/en\/wp-json\/wp\/v2\/product_brand?post=20913"},{"taxonomy":"product_cat","embeddable":true,"href":"https:\/\/bigbuy.tupique.com\/en\/wp-json\/wp\/v2\/product_cat?post=20913"},{"taxonomy":"product_tag","embeddable":true,"href":"https:\/\/bigbuy.tupique.com\/en\/wp-json\/wp\/v2\/product_tag?post=20913"}],"curies":[{"name":"wp","href":"https:\/\/api.w.org\/{rel}","templated":true}]}}