{"id":20864,"date":"2026-03-29T17:27:44","date_gmt":"2026-03-29T16:27:44","guid":{"rendered":"https:\/\/bigbuy.tupique.com\/produto\/angle-grinder-bosch-procore\/"},"modified":"2026-04-16T16:37:27","modified_gmt":"2026-04-16T15:37:27","slug":"angle-grinder-bosch-procore","status":"publish","type":"product","link":"https:\/\/bigbuy.tupique.com\/en\/produto\/angle-grinder-bosch-procore\/","title":{"rendered":"Meuleuse d&#8217;angle BOSCH ProCORE"},"content":{"rendered":"<p>Si vous aimez prendre soin de chaque d\u00e9tail de votre maison et d&#8217;\u00eatre \u00e0 la derni\u00e8re mode en mati\u00e8re de produits qui vous rendront la vie plus facile, achetez <b>Meuleuse d&#8217;angle BOSCH ProCORE<\/b> au meilleur prix.<\/p>\n<p>La <b>meuleuse d\u2019angle ProCORE<\/b> de <b>BOSCH<\/b> est un outil professionnel con\u00e7u pour offrir performance et polyvalence dans les travaux exigeants de coupe, meulage et polissage. Elle fonctionne avec une <b>tension de 18 V<\/b>, garantissant une puissance efficace et une autonomie gr\u00e2ce \u00e0 son syst\u00e8me de batteries ProCORE18V, qui int\u00e8gre deux batteries haute capacit\u00e9 de <b>5,5 Ah<\/b> pour prolonger la dur\u00e9e d\u2019utilisation continue sans c\u00e2ble. Cette meuleuse, pr\u00e9sent\u00e9e dans un \u00e9l\u00e9gant <b>coloris bleu<\/b> caract\u00e9ristique de BOSCH Professional, accepte des disques d\u2019un <b>diam\u00e8tre d\u2019environ 125 mm<\/b>, taille standard permettant une large gamme d\u2019applications, des travaux de pr\u00e9cision aux t\u00e2ches plus lourdes. Son coffret inclus facilite le transport et le rangement s\u00e9curis\u00e9, tandis que le chargeur GAL 1880 CV assure une recharge rapide et efficace pour garder les batteries toujours pr\u00eates. \u00c9quip\u00e9 d\u2019une prise europ\u00e9enne (EU), cet appareil est pr\u00eat \u00e0 l\u2019emploi dans le secteur professionnel europ\u00e9en. L\u2019association d\u2019un design ergonomique, d\u2019une technologie avanc\u00e9e et des accessoires fournis fait de cette meuleuse d\u2019angle une solution robuste et fiable pour ateliers, construction et maintenance. En r\u00e9sum\u00e9, la meuleuse d\u2019angle <b>BOSCH ProCORE<\/b> est un outil compact, puissant et pratique garantissant haute performance et autonomie pour les professionnels exigeant qualit\u00e9 et durabilit\u00e9 dans leur \u00e9quipement.<\/p>\n<ul>\n<li>Tension: 18 V<\/li>\n<li>Inclut:\n<ul>\n<li>Porte documents<\/li>\n<li>Piles x 2<\/li>\n<li>Chargeur<\/li>\n<\/ul>\n<\/li>\n<li>diam\u00e8tre approx.:\n<ul>\n<li>\u00d8 125 mm<\/li>\n<li>125 mm<\/li>\n<\/ul>\n<\/li>\n<li>Produit \u00e0 brancher: Oui<\/li>\n<li>Type de prise: Prise EU<\/li>\n<li>Bloc d\u2019Alimentation:\n<ul>\n<li>r\u00e9seau \u00e9lectrique<\/li>\n<li>\u00c9lectrique<\/li>\n<\/ul>\n<\/li>\n<li>Couleur: Bleu<\/li>\n<li>Type de batterie: Litio Ion<\/li>\n<\/ul>","protected":false},"excerpt":{"rendered":"<p>Si vous aimez prendre soin de chaque d\u00e9tail de votre maison et d&#8217;\u00eatre \u00e0 la derni\u00e8re mode en mati\u00e8re de produits qui vous rendront la vie plus facile, achetez Meuleuse d&#8217;angle BOSCH ProCORE au meilleur prix. La meuleuse d\u2019angle ProCORE de BOSCH est un outil professionnel con\u00e7u pour offrir performance et polyvalence dans les travaux [&hellip;]<\/p>\n","protected":false},"featured_media":20861,"comment_status":"open","ping_status":"closed","template":"","meta":[],"product_brand":[162],"product_cat":[613,239],"product_tag":[59,210],"class_list":{"0":"post-20864","1":"product","2":"type-product","3":"status-publish","4":"has-post-thumbnail","6":"product_brand-brandp_959","7":"product_cat-bricolage-et-materiel","8":"product_cat-maison-jardin","9":"product_tag-tag_1304","10":"product_tag-tag_25","12":"first","13":"instock","14":"taxable","15":"shipping-taxable","16":"purchasable","17":"product-type-simple"},"_links":{"self":[{"href":"https:\/\/bigbuy.tupique.com\/en\/wp-json\/wp\/v2\/product\/20864","targetHints":{"allow":["GET"]}}],"collection":[{"href":"https:\/\/bigbuy.tupique.com\/en\/wp-json\/wp\/v2\/product"}],"about":[{"href":"https:\/\/bigbuy.tupique.com\/en\/wp-json\/wp\/v2\/types\/product"}],"replies":[{"embeddable":true,"href":"https:\/\/bigbuy.tupique.com\/en\/wp-json\/wp\/v2\/comments?post=20864"}],"wp:featuredmedia":[{"embeddable":true,"href":"https:\/\/bigbuy.tupique.com\/en\/wp-json\/wp\/v2\/media\/20861"}],"wp:attachment":[{"href":"https:\/\/bigbuy.tupique.com\/en\/wp-json\/wp\/v2\/media?parent=20864"}],"wp:term":[{"taxonomy":"product_brand","embeddable":true,"href":"https:\/\/bigbuy.tupique.com\/en\/wp-json\/wp\/v2\/product_brand?post=20864"},{"taxonomy":"product_cat","embeddable":true,"href":"https:\/\/bigbuy.tupique.com\/en\/wp-json\/wp\/v2\/product_cat?post=20864"},{"taxonomy":"product_tag","embeddable":true,"href":"https:\/\/bigbuy.tupique.com\/en\/wp-json\/wp\/v2\/product_tag?post=20864"}],"curies":[{"name":"wp","href":"https:\/\/api.w.org\/{rel}","templated":true}]}}