{"id":20773,"date":"2026-03-29T17:14:08","date_gmt":"2026-03-29T16:14:08","guid":{"rendered":"https:\/\/bigbuy.tupique.com\/produto\/nas-network-storage-synology-rs2423-black-black-grey-am4-socket-amd-ryzen\/"},"modified":"2026-04-15T02:18:44","modified_gmt":"2026-04-15T01:18:44","slug":"nas-network-storage-synology-rs2423-black-black-grey-am4-socket-amd-ryzen","status":"publish","type":"product","link":"https:\/\/bigbuy.tupique.com\/en\/produto\/nas-network-storage-synology-rs2423-black-black-grey-am4-socket-amd-ryzen\/","title":{"rendered":"Stockage en R\u00e9seau NAS Synology RS2423+ Noir Noir\/Gris AM4 Socket: AMD Ryzen\u2122"},"content":{"rendered":"<p>Si vous \u00eates passionn\u00e9 d&#8217;<b>informatique et d&#8217;\u00e9lectronique<\/b>, si vous \u00eates \u00e0 la pointe de la technologie et qu&#8217;aucun d\u00e9tail ne vous \u00e9chappe, achetez <b>Stockage en R\u00e9seau NAS Synology RS2423+ Noir Noir\/Gris AM4 Socket: AMD Ryzen\u2122<\/b> au meilleur prix.<\/p>\n<p>Le <b>Synology RS2423+<\/b> est un serveur de <b>stockage en r\u00e9seau NAS<\/b> con\u00e7u pour les environnements professionnels n\u00e9cessitant une grande capacit\u00e9 et performance en format rack. Cet appareil dispose de <b>12 baies compatibles avec disques durs et SSD de 3,5 et 2,5 pouces<\/b>, offrant une flexibilit\u00e9 pour des configurations personnalis\u00e9es selon les besoins de stockage. \u00c9quip\u00e9 de <b>8 Go de m\u00e9moire RAM DDR4<\/b>, il assure une gestion fluide des t\u00e2ches multiples et des acc\u00e8s simultan\u00e9s, optimisant la vitesse de transfert et de sauvegarde des donn\u00e9es. Son ch\u00e2ssis pr\u00e9sente une finition <b>noire<\/b> facilitant son int\u00e9gration dans les racks d\u2019entreprise et les centres de donn\u00e9es. C\u00f4t\u00e9 connectivit\u00e9, il dispose de ports <b>USB et RJ45<\/b>, permettant des connexions rapides et s\u00e9curis\u00e9es aux r\u00e9seaux locaux et aux p\u00e9riph\u00e9riques externes pour extension ou maintenance. Il b\u00e9n\u00e9ficie d\u2019une alimentation efficace de <b>500 W<\/b>, avec c\u00e2ble secteur inclus, garantissant une alimentation stable et prot\u00e9g\u00e9e. Le <b>format rack<\/b> est con\u00e7u pour maximiser l\u2019espace dans les environnements techniques, avec une installation standard en baie optimisant l\u2019organisation physique de l\u2019\u00e9quipement. En r\u00e9sum\u00e9, le Synology RS2423+ est une solution robuste et polyvalente offrant haute capacit\u00e9, performance et connectivit\u00e9 avanc\u00e9e, destin\u00e9e aux entreprises qui exigent un <b>NAS fiable et \u00e9volutif<\/b> pour g\u00e9rer de grands volumes d\u2019informations de mani\u00e8re s\u00e9curis\u00e9e et efficace.<\/p>\n<ul>\n<li>Bloc d\u2019Alimentation:\n<ul>\n<li>C\u00e2ble<\/li>\n<li>500 W<\/li>\n<li>r\u00e9seau \u00e9lectrique<\/li>\n<li>Cordon d&#8217;alimentation CA<\/li>\n<li>Int\u00e9rieur<\/li>\n<\/ul>\n<\/li>\n<li>Nombre de Baies: x 12<\/li>\n<li>Produit \u00e0 brancher: Oui<\/li>\n<li>Type:\n<ul>\n<li>NAS<\/li>\n<li>DDR4<\/li>\n<li>HDD\/SSD<\/li>\n<\/ul>\n<\/li>\n<li>Transmission de donn\u00e9es: 1000 Mbit\/s<\/li>\n<li>Connexions:\n<ul>\n<li>Sata II<\/li>\n<li>Ethernet LAN<\/li>\n<li>UDIMM<\/li>\n<li>2<\/li>\n<li>3<\/li>\n<li>USB<\/li>\n<li>RJ45<\/li>\n<li>USB-A 3.2<\/li>\n<\/ul>\n<\/li>\n<li>\u00c9cran integr\u00e9: Non<\/li>\n<li>Fr\u00e9quence:\n<ul>\n<li>50-60 Hz<\/li>\n<li>50 &#8211; 60 Hz<\/li>\n<\/ul>\n<\/li>\n<li>Tension:\n<ul>\n<li>100-240 V<\/li>\n<li>100 &#8211; 240 V<\/li>\n<\/ul>\n<\/li>\n<li>Compatible:\n<ul>\n<li>HDD\/SSD<\/li>\n<li>2,5&#8243;-3,5&#8243;<\/li>\n<li>Raid 0,1,5,6,10,JBOD<\/li>\n<\/ul>\n<\/li>\n<li>Ventillateur: 3<\/li>\n<li>Type de prise: Prise EU<\/li>\n<li>Couleur:\n<ul>\n<li>Noir<\/li>\n<li>Gris<\/li>\n<\/ul>\n<\/li>\n<li>M\u00e9moire RAM: 8 GB RAM<\/li>\n<li>puissance: 500 W<\/li>\n<li>Connectivit\u00e9: Ethernet LAN<\/li>\n<li>Caract\u00e9ristiques: T\u00e9moin de fonctionnement LED<\/li>\n<li>Taille maximale de la carte m\u00e9moire: 32 GB<\/li>\n<li>Certificat: CE &#8211; RoHS<\/li>\n<li>Type de m\u00e9moire: DDR4<\/li>\n<li>M\u00e9moire: x 2<\/li>\n<li>vitesse:\n<ul>\n<li>10\/100\/1000\/10000 Mbps<\/li>\n<li>3.6 Ghz<\/li>\n<\/ul>\n<\/li>\n<li>Syst\u00e8me d&#8217;exploitation: DiskStation Manager<\/li>\n<li>Noyaux: 4 Noyaux<\/li>\n<li>Famille de processeurs: AMD<\/li>\n<\/ul>","protected":false},"excerpt":{"rendered":"<p>Si vous \u00eates passionn\u00e9 d&#8217;informatique et d&#8217;\u00e9lectronique, si vous \u00eates \u00e0 la pointe de la technologie et qu&#8217;aucun d\u00e9tail ne vous \u00e9chappe, achetez Stockage en R\u00e9seau NAS Synology RS2423+ Noir Noir\/Gris AM4 Socket: AMD Ryzen\u2122 au meilleur prix. Le Synology RS2423+ est un serveur de stockage en r\u00e9seau NAS con\u00e7u pour les environnements professionnels n\u00e9cessitant [&hellip;]<\/p>\n","protected":false},"featured_media":20771,"comment_status":"open","ping_status":"closed","template":"","meta":[],"product_brand":[990],"product_cat":[588,65,584],"product_tag":[106],"class_list":{"0":"post-20773","1":"product","2":"type-product","3":"status-publish","4":"has-post-thumbnail","6":"product_brand-brandp_653","7":"product_cat-disques-durs","8":"product_cat-informatique-electronique","9":"product_cat-informatique-reseaux-et-composants","10":"product_tag-tag_1295","12":"first","13":"instock","14":"taxable","15":"shipping-taxable","16":"purchasable","17":"product-type-simple"},"_links":{"self":[{"href":"https:\/\/bigbuy.tupique.com\/en\/wp-json\/wp\/v2\/product\/20773","targetHints":{"allow":["GET"]}}],"collection":[{"href":"https:\/\/bigbuy.tupique.com\/en\/wp-json\/wp\/v2\/product"}],"about":[{"href":"https:\/\/bigbuy.tupique.com\/en\/wp-json\/wp\/v2\/types\/product"}],"replies":[{"embeddable":true,"href":"https:\/\/bigbuy.tupique.com\/en\/wp-json\/wp\/v2\/comments?post=20773"}],"wp:featuredmedia":[{"embeddable":true,"href":"https:\/\/bigbuy.tupique.com\/en\/wp-json\/wp\/v2\/media\/20771"}],"wp:attachment":[{"href":"https:\/\/bigbuy.tupique.com\/en\/wp-json\/wp\/v2\/media?parent=20773"}],"wp:term":[{"taxonomy":"product_brand","embeddable":true,"href":"https:\/\/bigbuy.tupique.com\/en\/wp-json\/wp\/v2\/product_brand?post=20773"},{"taxonomy":"product_cat","embeddable":true,"href":"https:\/\/bigbuy.tupique.com\/en\/wp-json\/wp\/v2\/product_cat?post=20773"},{"taxonomy":"product_tag","embeddable":true,"href":"https:\/\/bigbuy.tupique.com\/en\/wp-json\/wp\/v2\/product_tag?post=20773"}],"curies":[{"name":"wp","href":"https:\/\/api.w.org\/{rel}","templated":true}]}}