{"id":20683,"date":"2026-03-29T17:11:59","date_gmt":"2026-03-29T16:11:59","guid":{"rendered":"https:\/\/bigbuy.tupique.com\/produto\/racing-seat-logitech-playseat-challenge-black\/"},"modified":"2026-04-16T15:35:31","modified_gmt":"2026-04-16T14:35:31","slug":"racing-seat-logitech-playseat-challenge-black","status":"publish","type":"product","link":"https:\/\/bigbuy.tupique.com\/en\/produto\/racing-seat-logitech-playseat-challenge-black\/","title":{"rendered":"Si\u00e8ge Racing Logitech Playseat Challenge Noir"},"content":{"rendered":"<p>Vous voulez donner une touche d&#8217;originalit\u00e9 \u00e0 votre maison ? Vous y arriverez gr\u00e2ce au <b>Si\u00e8ge Racing Logitech Playseat Challenge Noir<\/b>.<\/p>\n<ul>\n<li>Type: Si\u00e8ge Racing<\/li>\n<li>Couleur: Noir<\/li>\n<li>Non inclut:\n<ul>\n<li>P\u00e9dales<\/li>\n<li>Volant<\/li>\n<\/ul>\n<\/li>\n<li>Largeur: 60 cm<\/li>\n<li>Caract\u00e9ristiques: R\u00e9glable<\/li>\n<li>Langue: Anglais<\/li>\n<\/ul>","protected":false},"excerpt":{"rendered":"<p>Vous voulez donner une touche d&#8217;originalit\u00e9 \u00e0 votre maison ? Vous y arriverez gr\u00e2ce au Si\u00e8ge Racing Logitech Playseat Challenge Noir. Type: Si\u00e8ge Racing Couleur: Noir Non inclut: P\u00e9dales Volant Largeur: 60 cm Caract\u00e9ristiques: R\u00e9glable Langue: Anglais<\/p>","protected":false},"featured_media":20677,"comment_status":"open","ping_status":"closed","template":"","meta":[],"product_brand":[647],"product_cat":[739,65,737],"product_tag":[59,572],"class_list":{"0":"post-20683","1":"product","2":"type-product","3":"status-publish","4":"has-post-thumbnail","6":"product_brand-brandp_561","7":"product_cat-accessoires-gaming","8":"product_cat-informatique-electronique","9":"product_cat-informatique-gaming","10":"product_tag-tag_1304","11":"product_tag-tag_29","13":"first","14":"instock","15":"taxable","16":"shipping-taxable","17":"purchasable","18":"product-type-simple"},"_links":{"self":[{"href":"https:\/\/bigbuy.tupique.com\/en\/wp-json\/wp\/v2\/product\/20683","targetHints":{"allow":["GET"]}}],"collection":[{"href":"https:\/\/bigbuy.tupique.com\/en\/wp-json\/wp\/v2\/product"}],"about":[{"href":"https:\/\/bigbuy.tupique.com\/en\/wp-json\/wp\/v2\/types\/product"}],"replies":[{"embeddable":true,"href":"https:\/\/bigbuy.tupique.com\/en\/wp-json\/wp\/v2\/comments?post=20683"}],"wp:featuredmedia":[{"embeddable":true,"href":"https:\/\/bigbuy.tupique.com\/en\/wp-json\/wp\/v2\/media\/20677"}],"wp:attachment":[{"href":"https:\/\/bigbuy.tupique.com\/en\/wp-json\/wp\/v2\/media?parent=20683"}],"wp:term":[{"taxonomy":"product_brand","embeddable":true,"href":"https:\/\/bigbuy.tupique.com\/en\/wp-json\/wp\/v2\/product_brand?post=20683"},{"taxonomy":"product_cat","embeddable":true,"href":"https:\/\/bigbuy.tupique.com\/en\/wp-json\/wp\/v2\/product_cat?post=20683"},{"taxonomy":"product_tag","embeddable":true,"href":"https:\/\/bigbuy.tupique.com\/en\/wp-json\/wp\/v2\/product_tag?post=20683"}],"curies":[{"name":"wp","href":"https:\/\/api.w.org\/{rel}","templated":true}]}}