{"id":20632,"date":"2026-03-29T17:10:52","date_gmt":"2026-03-29T16:10:52","guid":{"rendered":"https:\/\/bigbuy.tupique.com\/produto\/induction-hot-plate-beko-hii63200mtb\/"},"modified":"2026-04-16T16:18:35","modified_gmt":"2026-04-16T15:18:35","slug":"induction-hot-plate-beko-hii63200mtb","status":"publish","type":"product","link":"https:\/\/bigbuy.tupique.com\/en\/produto\/induction-hot-plate-beko-hii63200mtb\/","title":{"rendered":"Plaque \u00e0 Induction BEKO HII63200MTB"},"content":{"rendered":"<p>Si vous pensez r\u00e9nover votre cuisine, achetez <b>Plaque \u00e0 Induction BEKO HII63200MTB<\/b> et d\u00b4autres <b>produits BEKO<\/b> !<\/p>\n<p>La <b>plaque \u00e0 induction BEKO<\/b> pr\u00e9sente un design int\u00e9gr\u00e9 et moderne en couleur <b>noir<\/b> qui s\u2019adapte facilement \u00e0 toute cuisine contemporaine. Avec des dimensions de <b>58 cm de largeur<\/b> et un format compact de 58&#215;51 cm, cette plaque offre <b>trois zones de cuisson<\/b> rondes, id\u00e9ales pour cuisiner efficacement et avec polyvalence, permettant de pr\u00e9parer plusieurs plats simultan\u00e9ment. La technologie \u00e0 induction assure un chauffage rapide et pr\u00e9cis, am\u00e9liorant le contr\u00f4le instantan\u00e9 de la temp\u00e9rature et r\u00e9duisant la consommation d\u2019\u00e9nergie. De plus, elle int\u00e8gre des syst\u00e8mes de s\u00e9curit\u00e9 avanc\u00e9s tels que l\u2019<b>arr\u00eat automatique<\/b>, qui \u00e9teint la plaque en cas d\u2019absence d\u2019ustensiles ou de situations \u00e0 risque, et le <b>verrouillage enfant<\/b>, emp\u00eachant toute manipulation accidentelle, garantissant une utilisation s\u00fbre \u00e0 domicile. Son installation int\u00e9gr\u00e9e facilite une finition propre et harmonieuse sur le plan de travail, valorisant \u00e0 la fois l\u2019esth\u00e9tique et la fonctionnalit\u00e9 de l\u2019espace cuisine. Cette plaque repr\u00e9sente une solution pratique et s\u00fbre pour ceux qui recherchent efficacit\u00e9 et modernit\u00e9 au quotidien, combinant des caract\u00e9ristiques techniques r\u00e9pondant aux attentes des utilisateurs exigeants sans complications.<\/p>\n<ul>\n<li>Produit \u00e0 brancher: Oui<\/li>\n<li>Type de prise: Prise EU<\/li>\n<li>Type:\n<ul>\n<li>Plaque \u00e0 Induction<\/li>\n<li>Num\u00e9rique<\/li>\n<li>Int\u00e9gr\u00e9<\/li>\n<\/ul>\n<\/li>\n<li>Couleur:\n<ul>\n<li>Noir<\/li>\n<li>noir<\/li>\n<\/ul>\n<\/li>\n<li>Bloc d\u2019Alimentation: r\u00e9seau \u00e9lectrique<\/li>\n<li>Largeur:\n<ul>\n<li>60 cm<\/li>\n<li>65 cm<\/li>\n<li>58 cm<\/li>\n<\/ul>\n<\/li>\n<li>Type d&#8217;installation: Int\u00e9grable<\/li>\n<li>Profondeur:\n<ul>\n<li>51 cm<\/li>\n<li>66 cm<\/li>\n<\/ul>\n<\/li>\n<li>Hauteur: 15 cm<\/li>\n<li>Zones de cuisson: 3<\/li>\n<li>Poids approx.:\n<ul>\n<li>10,5 kg<\/li>\n<li>9,5 Kg<\/li>\n<\/ul>\n<\/li>\n<li>Caract\u00e9ristiques:\n<ul>\n<li>Arr\u00eat Automatique<\/li>\n<li>Verrouillage pour enfants<\/li>\n<\/ul>\n<\/li>\n<li>Forme: Rond<\/li>\n<li>Fr\u00e9quence: 50 Hz<\/li>\n<li>Inclut: Ecran<\/li>\n<li>Type de commande: Tactile<\/li>\n<\/ul>","protected":false},"excerpt":{"rendered":"<p>Si vous pensez r\u00e9nover votre cuisine, achetez Plaque \u00e0 Induction BEKO HII63200MTB et d\u00b4autres produits BEKO ! La plaque \u00e0 induction BEKO pr\u00e9sente un design int\u00e9gr\u00e9 et moderne en couleur noir qui s\u2019adapte facilement \u00e0 toute cuisine contemporaine. Avec des dimensions de 58 cm de largeur et un format compact de 58&#215;51 cm, cette plaque [&hellip;]<\/p>\n","protected":false},"featured_media":20626,"comment_status":"open","ping_status":"closed","template":"","meta":[],"product_brand":[825],"product_cat":[60,77,78],"product_tag":[55,59,56],"class_list":{"0":"post-20632","1":"product","2":"type-product","3":"status-publish","4":"has-post-thumbnail","6":"product_brand-brandp_1255","7":"product_cat-cuisine-gourmet","8":"product_cat-petit-electromenager","9":"product_cat-plaques-de-cuisson","10":"product_tag-tag_926","11":"product_tag-tag_1304","12":"product_tag-tag_930","14":"first","15":"instock","16":"taxable","17":"shipping-taxable","18":"purchasable","19":"product-type-simple"},"_links":{"self":[{"href":"https:\/\/bigbuy.tupique.com\/en\/wp-json\/wp\/v2\/product\/20632","targetHints":{"allow":["GET"]}}],"collection":[{"href":"https:\/\/bigbuy.tupique.com\/en\/wp-json\/wp\/v2\/product"}],"about":[{"href":"https:\/\/bigbuy.tupique.com\/en\/wp-json\/wp\/v2\/types\/product"}],"replies":[{"embeddable":true,"href":"https:\/\/bigbuy.tupique.com\/en\/wp-json\/wp\/v2\/comments?post=20632"}],"wp:featuredmedia":[{"embeddable":true,"href":"https:\/\/bigbuy.tupique.com\/en\/wp-json\/wp\/v2\/media\/20626"}],"wp:attachment":[{"href":"https:\/\/bigbuy.tupique.com\/en\/wp-json\/wp\/v2\/media?parent=20632"}],"wp:term":[{"taxonomy":"product_brand","embeddable":true,"href":"https:\/\/bigbuy.tupique.com\/en\/wp-json\/wp\/v2\/product_brand?post=20632"},{"taxonomy":"product_cat","embeddable":true,"href":"https:\/\/bigbuy.tupique.com\/en\/wp-json\/wp\/v2\/product_cat?post=20632"},{"taxonomy":"product_tag","embeddable":true,"href":"https:\/\/bigbuy.tupique.com\/en\/wp-json\/wp\/v2\/product_tag?post=20632"}],"curies":[{"name":"wp","href":"https:\/\/api.w.org\/{rel}","templated":true}]}}