{"id":20618,"date":"2026-03-29T17:10:30","date_gmt":"2026-03-29T16:10:30","guid":{"rendered":"https:\/\/bigbuy.tupique.com\/produto\/food-processor-kenwood-blue-1000-w-5-l\/"},"modified":"2026-04-16T18:55:36","modified_gmt":"2026-04-16T17:55:36","slug":"food-processor-kenwood-blue-1000-w-5-l","status":"publish","type":"product","link":"https:\/\/bigbuy.tupique.com\/en\/produto\/food-processor-kenwood-blue-1000-w-5-l\/","title":{"rendered":"Robot culinaire Kenwood Bleu 1000 W 5 L"},"content":{"rendered":"<p>Si vous recherchez des \u00e9lectrom\u00e9nagers pour votre maison aux meilleurs prix, ne manquez pas <b>Robot culinaire Kenwood Bleu 1000 W 5 L<\/b> et une large s\u00e9lection de petits \u00e9lectrom\u00e9nagers de qualit\u00e9 !<\/p>\n<p>Le <b>Robot de Cuisine Kenwood<\/b> est un appareil multifonction con\u00e7u pour faciliter les t\u00e2ches de p\u00e2tisserie et de cuisine gr\u00e2ce \u00e0 son moteur puissant de <b>1000 W<\/b>, garantissant une performance efficace et constante m\u00eame avec des p\u00e2tes denses et volumineuses. Son design robuste int\u00e8gre un bol en verre d\u2019une <b>capacit\u00e9 de 5 litres<\/b>, id\u00e9al pour pr\u00e9parer de petites pr\u00e9parations comme de grandes quantit\u00e9s, facilitant la r\u00e9alisation de p\u00e2tes, cr\u00e8mes ou smoothies. La structure du robot est fabriqu\u00e9e en <b>mat\u00e9riau m\u00e9tallique<\/b>, lui conf\u00e9rant durabilit\u00e9 et stabilit\u00e9 pendant l\u2019utilisation, tandis que sa finition \u00e9l\u00e9gante en <b>bleu<\/b> apporte une touche distinctive \u00e0 la cuisine. De plus, il dispose de deux sorties pour accessoires permettant d\u2019\u00e9tendre ses fonctionnalit\u00e9s avec diff\u00e9rents outils, s\u2019adaptant \u00e0 diverses techniques culinaires et offrant une grande polyvalence. Sa cat\u00e9gorie de <b>batteur-p\u00e9trisseur<\/b> t\u00e9moigne de sa sp\u00e9cialisation pour m\u00e9langer, battre et p\u00e9trir efficacement, en faisant un outil essentiel pour les p\u00e2tissiers et amateurs recherchant pr\u00e9cision et qualit\u00e9 dans leurs pr\u00e9parations. Compatible avec prise europ\u00e9enne, le robot Kenwood allie puissance, capacit\u00e9 et robustesse dans un seul appareil pens\u00e9 pour ceux qui exigent une performance professionnelle en cuisine domestique. Ce produit refl\u00e8te l\u2019engagement de Kenwood envers des solutions pratiques et durables pour la pr\u00e9paration culinaire quotidienne.<\/p>\n<ul>\n<li>Produit \u00e0 brancher: Oui<\/li>\n<li>Type de prise: Prise EU<\/li>\n<li>Couleur: Bleu<\/li>\n<li>puissance: 1000 W<\/li>\n<li>Capacit\u00e9: 5 L<\/li>\n<li>Type: Mixeur\/m\u00e9langeur de p\u00e2te<\/li>\n<li>Bloc d\u2019Alimentation: r\u00e9seau \u00e9lectrique<\/li>\n<li>Vitesse:\n<ul>\n<li>Variable<\/li>\n<li>6<\/li>\n<\/ul>\n<\/li>\n<li>Dimensions approx.:\n<ul>\n<li>24 cm<\/li>\n<li>35,5 cm<\/li>\n<li>29,5 cm<\/li>\n<li>38,5 cm<\/li>\n<li>44,5 cm<\/li>\n<\/ul>\n<\/li>\n<li>Mati\u00e8re: M\u00e9tal<\/li>\n<\/ul>","protected":false},"excerpt":{"rendered":"<p><span class=\"unit-info\">77.7980 &euro; \/ 1 l<\/span><\/p>","protected":false},"featured_media":20612,"comment_status":"open","ping_status":"closed","template":"","meta":[],"product_brand":[318],"product_cat":[60,77,724],"product_tag":[55,59,56],"class_list":{"0":"post-20618","1":"product","2":"type-product","3":"status-publish","4":"has-post-thumbnail","6":"product_brand-brandp_1023","7":"product_cat-cuisine-gourmet","8":"product_cat-petit-electromenager","9":"product_cat-robots-de-cuisine","10":"product_tag-tag_926","11":"product_tag-tag_1304","12":"product_tag-tag_930","14":"first","15":"instock","16":"taxable","17":"shipping-taxable","18":"purchasable","19":"product-type-simple"},"_links":{"self":[{"href":"https:\/\/bigbuy.tupique.com\/en\/wp-json\/wp\/v2\/product\/20618","targetHints":{"allow":["GET"]}}],"collection":[{"href":"https:\/\/bigbuy.tupique.com\/en\/wp-json\/wp\/v2\/product"}],"about":[{"href":"https:\/\/bigbuy.tupique.com\/en\/wp-json\/wp\/v2\/types\/product"}],"replies":[{"embeddable":true,"href":"https:\/\/bigbuy.tupique.com\/en\/wp-json\/wp\/v2\/comments?post=20618"}],"wp:featuredmedia":[{"embeddable":true,"href":"https:\/\/bigbuy.tupique.com\/en\/wp-json\/wp\/v2\/media\/20612"}],"wp:attachment":[{"href":"https:\/\/bigbuy.tupique.com\/en\/wp-json\/wp\/v2\/media?parent=20618"}],"wp:term":[{"taxonomy":"product_brand","embeddable":true,"href":"https:\/\/bigbuy.tupique.com\/en\/wp-json\/wp\/v2\/product_brand?post=20618"},{"taxonomy":"product_cat","embeddable":true,"href":"https:\/\/bigbuy.tupique.com\/en\/wp-json\/wp\/v2\/product_cat?post=20618"},{"taxonomy":"product_tag","embeddable":true,"href":"https:\/\/bigbuy.tupique.com\/en\/wp-json\/wp\/v2\/product_tag?post=20618"}],"curies":[{"name":"wp","href":"https:\/\/api.w.org\/{rel}","templated":true}]}}