{"id":20611,"date":"2026-03-29T17:10:19","date_gmt":"2026-03-29T16:10:19","guid":{"rendered":"https:\/\/bigbuy.tupique.com\/produto\/car-chair-chicco-evo-i-size-black-ece-r129-04\/"},"modified":"2026-04-16T17:15:51","modified_gmt":"2026-04-16T16:15:51","slug":"car-chair-chicco-evo-i-size-black-ece-r129-04","status":"publish","type":"product","link":"https:\/\/bigbuy.tupique.com\/en\/produto\/car-chair-chicco-evo-i-size-black-ece-r129-04\/","title":{"rendered":"Si\u00e8ge de Voiture Chicco EVO I-SIZE Noir ECE R129\/04"},"content":{"rendered":"<p>Les enfants m\u00e9ritent ce qu\u2019il y a de mieux, nous vous pr\u00e9sentons donc <b>Si\u00e8ge de Voiture Chicco EVO I-SIZE Noir ECE R129\/04<\/b>, id\u00e9al pour ceux qui cherchent des produits de qualit\u00e9 pour les plus petits ! Procurez-vous <b>Chicco<\/b> et bien d\u2019autres marques et licences aux meilleurs prix !<\/p>\n<p>Le <b>si\u00e8ge auto EVO I-SIZE<\/b> de <b>Chicco<\/b> est con\u00e7u pour offrir une solution polyvalente et s\u00fbre pour le transport des enfants de la naissance jusqu\u2019\u00e0 36 kilogrammes, couvrant les groupes <b>0+<\/b> (de 0 \u00e0 13 kg), <b>II<\/b> (15 \u00e0 25 kg) et <b>III<\/b> (22 \u00e0 36 kg). Ce si\u00e8ge dispose d\u2019un <b>harnais 5 points<\/b> garantissant une protection maximale de l\u2019enfant, avec des points d\u2019ancrage r\u00e9partis pour assurer une fixation stable et s\u00e9curis\u00e9e tout au long du trajet. Il pr\u00e9sente un design en couleur <b>noir<\/b> qui apporte \u00e9l\u00e9gance et facilite son int\u00e9gration dans l\u2019habitacle de tout v\u00e9hicule. De plus, l\u2019EVO I-SIZE respecte les normes de s\u00e9curit\u00e9 europ\u00e9ennes les plus strictes pour si\u00e8ges enfants, incluant la norme <b>i-Size<\/b>, qui assure un ajustement correct et une protection contre les chocs lat\u00e9raux, essentiels pour une s\u00e9curit\u00e9 optimale. Son design ergonomique et modulable accompagne la croissance de l\u2019enfant, facilitant la transition entre groupes sans changer de si\u00e8ge, ce qui am\u00e9liore la durabilit\u00e9 et optimise l\u2019espace dans la voiture. La structure du si\u00e8ge est pens\u00e9e pour offrir confort et stabilit\u00e9, avec des mat\u00e9riaux r\u00e9sistants et des rembourrages assurant un bon confort \u00e0 chaque trajet. Le si\u00e8ge Chicco EVO I-SIZE combine praticit\u00e9, conformit\u00e9 r\u00e9glementaire et syst\u00e8me de s\u00e9curit\u00e9 avanc\u00e9, se positionnant comme une option compl\u00e8te pour les familles recherchant une solution fiable et durable pour le transport des enfants.<\/p>\n<ul>\n<li>Caract\u00e9ristiques:\n<ul>\n<li>Harnais \u00e0 5 points<\/li>\n<li>Installation simple<\/li>\n<li>Dossier r\u00e9glable<\/li>\n<\/ul>\n<\/li>\n<li>Groupe:\n<ul>\n<li>0+ (de 0 a 13 kilos)<\/li>\n<li>II (15-25 kg)<\/li>\n<li>III (22 &#8211; 36 kg)<\/li>\n<\/ul>\n<\/li>\n<li>Type:\n<ul>\n<li>Si\u00e8ge de Voiture<\/li>\n<li>ISOFIX<\/li>\n<\/ul>\n<\/li>\n<li>Homologu\u00e9: ECE R129\/04<\/li>\n<li>Couleur: Noir<\/li>\n<li>Syst\u00e8me de R\u00e9glage:\n<ul>\n<li>ISOFIX<\/li>\n<li>Ceinture de s\u00e9curit\u00e9<\/li>\n<\/ul>\n<\/li>\n<li>Mati\u00e8re: polystyr\u00e8ne<\/li>\n<li>Genre: Unisexe<\/li>\n<li>Largeur: 44 cm<\/li>\n<li>Poids: 18 kg<\/li>\n<\/ul>","protected":false},"excerpt":{"rendered":"<p>Les enfants m\u00e9ritent ce qu\u2019il y a de mieux, nous vous pr\u00e9sentons donc Si\u00e8ge de Voiture Chicco EVO I-SIZE Noir ECE R129\/04, id\u00e9al pour ceux qui cherchent des produits de qualit\u00e9 pour les plus petits ! Procurez-vous Chicco et bien d\u2019autres marques et licences aux meilleurs prix ! Le si\u00e8ge auto EVO I-SIZE de Chicco [&hellip;]<\/p>\n","protected":false},"featured_media":20605,"comment_status":"open","ping_status":"closed","template":"","meta":[],"product_brand":[998],"product_cat":[750,251,157],"product_tag":[59,164],"class_list":{"0":"post-20611","1":"product","2":"type-product","3":"status-publish","4":"has-post-thumbnail","6":"product_brand-brandp_2092","7":"product_cat-balades-et-voyages","8":"product_cat-bebes-et-enfants","9":"product_cat-jouets-deguisements","10":"product_tag-tag_1304","11":"product_tag-tag_152","13":"first","14":"instock","15":"taxable","16":"shipping-taxable","17":"purchasable","18":"product-type-simple"},"_links":{"self":[{"href":"https:\/\/bigbuy.tupique.com\/en\/wp-json\/wp\/v2\/product\/20611","targetHints":{"allow":["GET"]}}],"collection":[{"href":"https:\/\/bigbuy.tupique.com\/en\/wp-json\/wp\/v2\/product"}],"about":[{"href":"https:\/\/bigbuy.tupique.com\/en\/wp-json\/wp\/v2\/types\/product"}],"replies":[{"embeddable":true,"href":"https:\/\/bigbuy.tupique.com\/en\/wp-json\/wp\/v2\/comments?post=20611"}],"wp:featuredmedia":[{"embeddable":true,"href":"https:\/\/bigbuy.tupique.com\/en\/wp-json\/wp\/v2\/media\/20605"}],"wp:attachment":[{"href":"https:\/\/bigbuy.tupique.com\/en\/wp-json\/wp\/v2\/media?parent=20611"}],"wp:term":[{"taxonomy":"product_brand","embeddable":true,"href":"https:\/\/bigbuy.tupique.com\/en\/wp-json\/wp\/v2\/product_brand?post=20611"},{"taxonomy":"product_cat","embeddable":true,"href":"https:\/\/bigbuy.tupique.com\/en\/wp-json\/wp\/v2\/product_cat?post=20611"},{"taxonomy":"product_tag","embeddable":true,"href":"https:\/\/bigbuy.tupique.com\/en\/wp-json\/wp\/v2\/product_tag?post=20611"}],"curies":[{"name":"wp","href":"https:\/\/api.w.org\/{rel}","templated":true}]}}