{"id":20589,"date":"2026-03-29T17:09:50","date_gmt":"2026-03-29T16:09:50","guid":{"rendered":"https:\/\/bigbuy.tupique.com\/produto\/switch-microchip-pd-9624gc-ac-eu\/"},"modified":"2026-05-11T19:59:02","modified_gmt":"2026-05-11T17:59:02","slug":"switch-microchip-pd-9624gc-ac-eu","status":"publish","type":"product","link":"https:\/\/bigbuy.tupique.com\/en\/produto\/switch-microchip-pd-9624gc-ac-eu\/","title":{"rendered":"Switch Microchip PD-9624GC\/AC-EU"},"content":{"rendered":"<p>Si vous \u00eates passionn\u00e9 d&#8217;<b>informatique et d&#8217;\u00e9lectronique<\/b>, si vous \u00eates \u00e0 la pointe de la technologie et qu&#8217;aucun d\u00e9tail ne vous \u00e9chappe, achetez <b>Switch Microchip PD-9624GC\/AC-EU<\/b> au meilleur prix.<\/p>\n<p>Le <b>Microchip PD-9624GC\/AC-EU<\/b> est un <b>switch<\/b> r\u00e9seau con\u00e7u pour offrir des solutions de connectivit\u00e9 efficaces et haute capacit\u00e9 en environnements professionnels. Il dispose de <b>24 ports RJ45<\/b> compatibles avec la technologie <b>PoE (Power over Ethernet)<\/b>, permettant l\u2019alimentation directe des appareils connect\u00e9s tels que cam\u00e9ras IP, t\u00e9l\u00e9phones VoIP ou points d\u2019acc\u00e8s sans fil, avec une puissance totale allant jusqu\u2019\u00e0 <b>90 W<\/b>. Son interface r\u00e9seau supporte des vitesses de transfert de <b>10\/100\/1000 Mbit\/s<\/b>, garantissant une connexion rapide et stable gr\u00e2ce \u00e0 sa compatibilit\u00e9 avec les normes Ethernet avanc\u00e9es <b>IEEE 802.3af, 802.3at et 802.3bt<\/b>. L\u2019appareil pr\u00e9sente un design compact de <b>1U<\/b>, adapt\u00e9 \u00e0 une int\u00e9gration dans des racks standards, avec des dimensions de <b>438 mm de largeur, 272 mm de profondeur et 44 mm de hauteur<\/b>, optimisant l\u2019espace dans les installations professionnelles. Ce switch fonctionne avec une large plage de tension d\u2019entr\u00e9e, de <b>100 \u00e0 240 V<\/b>, assurant son fonctionnement dans diverses r\u00e9gions \u00e9lectriques, et b\u00e9n\u00e9ficie des certifications de conformit\u00e9 <b>RoHS et WEEE<\/b> attestant son engagement environnemental. \u00c9quip\u00e9 d\u2019une finition de couleur <b>noir<\/b> facilitant son int\u00e9gration esth\u00e9tique, le PD-9624GC\/AC-EU offre une solution Plug &amp; Play simple pour l\u2019extension et l\u2019am\u00e9lioration des r\u00e9seaux d\u2019entreprise avec exigences d\u2019alimentation PoE int\u00e9gr\u00e9es. Son \u00e9quilibre entre nombre de ports, alimentation et efficacit\u00e9 en fait une option solide pour les environnements n\u00e9cessitant des connexions fiables et une alimentation distribu\u00e9e via une infrastructure unique.<\/p>\n<ul>\n<li>Produit \u00e0 brancher: Oui<\/li>\n<li>Type de prise: Prise EU<\/li>\n<li>Type: Switch<\/li>\n<li>Bloc d\u2019Alimentation: r\u00e9seau \u00e9lectrique<\/li>\n<li>Couleur: Noir<\/li>\n<li>Caract\u00e9ristiques: Plug &amp; Play<\/li>\n<li>Connexions:\n<ul>\n<li>RJ45 x 24<\/li>\n<li>PoE<\/li>\n<\/ul>\n<\/li>\n<li>puissance: 90 W<\/li>\n<li>Tension d&#8217;entr\u00e9e AC: 100 &#8211; 240 V<\/li>\n<\/ul>","protected":false},"excerpt":{"rendered":"<p>Si vous \u00eates passionn\u00e9 d&#8217;informatique et d&#8217;\u00e9lectronique, si vous \u00eates \u00e0 la pointe de la technologie et qu&#8217;aucun d\u00e9tail ne vous \u00e9chappe, achetez Switch Microchip PD-9624GC\/AC-EU au meilleur prix. Le Microchip PD-9624GC\/AC-EU est un switch r\u00e9seau con\u00e7u pour offrir des solutions de connectivit\u00e9 efficaces et haute capacit\u00e9 en environnements professionnels. Il dispose de 24 ports [&hellip;]<\/p>\n","protected":false},"featured_media":20588,"comment_status":"open","ping_status":"closed","template":"","meta":[],"product_brand":[1007],"product_cat":[65,584,585],"product_tag":[106],"class_list":{"0":"post-20589","1":"product","2":"type-product","3":"status-publish","4":"has-post-thumbnail","6":"product_brand-brandp_8543","7":"product_cat-informatique-electronique","8":"product_cat-informatique-reseaux-et-composants","9":"product_cat-switch","10":"product_tag-tag_1295","12":"first","13":"instock","14":"taxable","15":"shipping-taxable","16":"purchasable","17":"product-type-simple"},"_links":{"self":[{"href":"https:\/\/bigbuy.tupique.com\/en\/wp-json\/wp\/v2\/product\/20589","targetHints":{"allow":["GET"]}}],"collection":[{"href":"https:\/\/bigbuy.tupique.com\/en\/wp-json\/wp\/v2\/product"}],"about":[{"href":"https:\/\/bigbuy.tupique.com\/en\/wp-json\/wp\/v2\/types\/product"}],"replies":[{"embeddable":true,"href":"https:\/\/bigbuy.tupique.com\/en\/wp-json\/wp\/v2\/comments?post=20589"}],"wp:featuredmedia":[{"embeddable":true,"href":"https:\/\/bigbuy.tupique.com\/en\/wp-json\/wp\/v2\/media\/20588"}],"wp:attachment":[{"href":"https:\/\/bigbuy.tupique.com\/en\/wp-json\/wp\/v2\/media?parent=20589"}],"wp:term":[{"taxonomy":"product_brand","embeddable":true,"href":"https:\/\/bigbuy.tupique.com\/en\/wp-json\/wp\/v2\/product_brand?post=20589"},{"taxonomy":"product_cat","embeddable":true,"href":"https:\/\/bigbuy.tupique.com\/en\/wp-json\/wp\/v2\/product_cat?post=20589"},{"taxonomy":"product_tag","embeddable":true,"href":"https:\/\/bigbuy.tupique.com\/en\/wp-json\/wp\/v2\/product_tag?post=20589"}],"curies":[{"name":"wp","href":"https:\/\/api.w.org\/{rel}","templated":true}]}}