{"id":20565,"date":"2026-03-29T17:09:22","date_gmt":"2026-03-29T16:09:22","guid":{"rendered":"https:\/\/bigbuy.tupique.com\/produto\/mens-watch-tissot-carson-automatic-o-30-mm\/"},"modified":"2026-04-15T02:18:14","modified_gmt":"2026-04-15T01:18:14","slug":"mens-watch-tissot-carson-automatic-o-30-mm","status":"publish","type":"product","link":"https:\/\/bigbuy.tupique.com\/en\/produto\/mens-watch-tissot-carson-automatic-o-30-mm\/","title":{"rendered":"Montre Homme Tissot CARSON AUTOMATIC (\u00d8 30 mm)"},"content":{"rendered":"<p>Si vous aimez suivre les derni\u00e8res tendances en mati\u00e8re de mode et accessoires, achetez <b>Montre Femme Tissot CARSON AUTOMATIC (\u00d8 30 mm)<\/b> au meilleur prix.<\/p>\n<p>Le <b>Tissot CARSON AUTOMATIC<\/b> est une <b>montre pour femme<\/b> qui allie \u00e9l\u00e9gance classique et fonctionnalit\u00e9 pr\u00e9cise, id\u00e9ale pour celles qui recherchent un accessoire raffin\u00e9 avec des caract\u00e9ristiques techniques fiables. Ce mod\u00e8le se distingue par son mouvement automatique suisse garantissant pr\u00e9cision et durabilit\u00e9, \u00e9l\u00e9ments typiques de la renomm\u00e9e qualit\u00e9 horlog\u00e8re de Tissot. Il pr\u00e9sente un <b>bracelet en cuir<\/b> offrant confort et finition sophistiqu\u00e9e, s\u2019adaptant facilement aux styles formels comme d\u00e9contract\u00e9s. Il int\u00e8gre une fonction <b>date<\/b>, pratique au quotidien, discr\u00e8tement plac\u00e9e pour harmoniser son design \u00e9quilibr\u00e9. Son <b>verre saphir<\/b> assure une r\u00e9sistance sup\u00e9rieure aux rayures, prot\u00e9geant efficacement le cadran tout en conservant une esth\u00e9tique impeccable au fil du temps. De plus, il b\u00e9n\u00e9ficie d\u2019une <b>\u00e9tanch\u00e9it\u00e9 de 5 ATM<\/b>, offrant une protection ad\u00e9quate contre \u00e9claboussures, pluie et activit\u00e9s courantes sans immersion. Cette montre est con\u00e7ue pour les femmes qui appr\u00e9cient la pr\u00e9cision technique associ\u00e9e \u00e0 un design classique et des mat\u00e9riaux de qualit\u00e9, refl\u00e9tant la tradition suisse en horlogerie. La polyvalence du <b>CARSON AUTOMATIC<\/b> de Tissot en fait un choix solide pour un usage quotidien ou des occasions sp\u00e9ciales, alliant \u00e9l\u00e9gance et fonctionnalit\u00e9 en un seul accessoire.<\/p>\n<ul>\n<li>Liens suppl\u00e9mentaires: Non<\/li>\n<li>Type de montre: Montre-bracelet<\/li>\n<li>Genre:\n<ul>\n<li>Femme<\/li>\n<li>Homme<\/li>\n<\/ul>\n<\/li>\n<li>Fonctions: Date<\/li>\n<li>Mat\u00e9riau du bracelet: Cuir<\/li>\n<li>Inclut: Inclut un \u00e9tui ou une housse de la marque<\/li>\n<li>Imperm\u00e9abilit\u00e9: 5 atm<\/li>\n<li>Verre: Saphir<\/li>\n<li>Type de mouvement: Automatique<\/li>\n<li>Diam\u00e8tre du bo\u00eetier de la montre: \u00d8 30 mm<\/li>\n<\/ul>","protected":false},"excerpt":{"rendered":"<p>Si vous aimez suivre les derni\u00e8res tendances en mati\u00e8re de mode et accessoires, achetez Montre Femme Tissot CARSON AUTOMATIC (\u00d8 30 mm) au meilleur prix. Le Tissot CARSON AUTOMATIC est une montre pour femme qui allie \u00e9l\u00e9gance classique et fonctionnalit\u00e9 pr\u00e9cise, id\u00e9ale pour celles qui recherchent un accessoire raffin\u00e9 avec des caract\u00e9ristiques techniques fiables. Ce [&hellip;]<\/p>\n","protected":false},"featured_media":20563,"comment_status":"open","ping_status":"closed","template":"","meta":[],"product_brand":[794],"product_cat":[544,546,545],"product_tag":[103,543],"class_list":{"0":"post-20565","1":"product","2":"type-product","3":"status-publish","4":"has-post-thumbnail","6":"product_brand-brandp_1719","7":"product_cat-mode-accessoires","8":"product_cat-montres-femme","9":"product_cat-montres-bracelets","10":"product_tag-tag_1261","11":"product_tag-tag_61","13":"first","14":"instock","15":"taxable","16":"shipping-taxable","17":"purchasable","18":"product-type-simple"},"_links":{"self":[{"href":"https:\/\/bigbuy.tupique.com\/en\/wp-json\/wp\/v2\/product\/20565","targetHints":{"allow":["GET"]}}],"collection":[{"href":"https:\/\/bigbuy.tupique.com\/en\/wp-json\/wp\/v2\/product"}],"about":[{"href":"https:\/\/bigbuy.tupique.com\/en\/wp-json\/wp\/v2\/types\/product"}],"replies":[{"embeddable":true,"href":"https:\/\/bigbuy.tupique.com\/en\/wp-json\/wp\/v2\/comments?post=20565"}],"wp:featuredmedia":[{"embeddable":true,"href":"https:\/\/bigbuy.tupique.com\/en\/wp-json\/wp\/v2\/media\/20563"}],"wp:attachment":[{"href":"https:\/\/bigbuy.tupique.com\/en\/wp-json\/wp\/v2\/media?parent=20565"}],"wp:term":[{"taxonomy":"product_brand","embeddable":true,"href":"https:\/\/bigbuy.tupique.com\/en\/wp-json\/wp\/v2\/product_brand?post=20565"},{"taxonomy":"product_cat","embeddable":true,"href":"https:\/\/bigbuy.tupique.com\/en\/wp-json\/wp\/v2\/product_cat?post=20565"},{"taxonomy":"product_tag","embeddable":true,"href":"https:\/\/bigbuy.tupique.com\/en\/wp-json\/wp\/v2\/product_tag?post=20565"}],"curies":[{"name":"wp","href":"https:\/\/api.w.org\/{rel}","templated":true}]}}