{"id":20472,"date":"2026-03-29T17:07:05","date_gmt":"2026-03-29T16:07:05","guid":{"rendered":"https:\/\/bigbuy.tupique.com\/produto\/pci-card-ssd-m-2-synology-e10m20-t1\/"},"modified":"2026-04-15T12:13:30","modified_gmt":"2026-04-15T11:13:30","slug":"pci-card-ssd-m-2-synology-e10m20-t1","status":"publish","type":"product","link":"https:\/\/bigbuy.tupique.com\/en\/produto\/pci-card-ssd-m-2-synology-e10m20-t1\/","title":{"rendered":"Carte PCI SSD M.2 Synology E10M20-T1"},"content":{"rendered":"<p>Si vous \u00eates passionn\u00e9 d&#8217;<b>informatique et d&#8217;\u00e9lectronique<\/b>, si vous \u00eates \u00e0 la pointe de la technologie et qu&#8217;aucun d\u00e9tail ne vous \u00e9chappe, achetez <b>Carte PCI SSD M.2 Synology E10M20-T1<\/b> au meilleur prix.<\/p>\n<p>La <b>carte PCI SSD M.2 Synology E10M20-T1<\/b> est un accessoire con\u00e7u sp\u00e9cifiquement pour am\u00e9liorer les performances des syst\u00e8mes NAS et serveurs de stockage compatibles avec la s\u00e9rie SA (SA3600, SA3400), ainsi qu\u2019avec divers mod\u00e8les des s\u00e9ries 22 (DS3622xs+, DS2422+) et 21 (RS4021xs+, RS3621xs+, RS3621RPxs+). Cette carte d\u2019extension se distingue par son <b>interface h\u00f4te PCIe<\/b> et sa <b>connexion haute vitesse 10 GbE<\/b>, permettant un transfert maximal de donn\u00e9es jusqu\u2019\u00e0 <b>10 Gbit\/s<\/b>, id\u00e9al pour les environnements n\u00e9cessitant un acc\u00e8s rapide et efficace \u00e0 de grands volumes d\u2019informations. Son format est <b>full-height \/ low-profile<\/b>, s\u2019adaptant \u00e0 diff\u00e9rents types de ch\u00e2ssis, et son syst\u00e8me de refroidissement passif garantit un fonctionnement silencieux sans ventilateurs actifs. Concernant ses dimensions physiques, elle pr\u00e9sente un design compact et allong\u00e9 mesurant <b>200,1 mm de largeur, 17,7 mm de profondeur et 71,8 mm de hauteur<\/b>, avec une finition <b>noire<\/b> conforme aux lignes esth\u00e9tiques professionnelles des \u00e9quipements Synology. De plus, la compatibilit\u00e9 PCIe assure une connexion stable et efficace avec la carte m\u00e8re, optimisant performance et stabilit\u00e9 du syst\u00e8me. Ce produit convient \u00e0 ceux qui souhaitent augmenter la capacit\u00e9 et la vitesse de leurs syst\u00e8mes de stockage en r\u00e9seau, notamment en milieu professionnel o\u00f9 rapidit\u00e9 de transfert et fiabilit\u00e9 sont essentielles. En r\u00e9sum\u00e9, la <b>Synology E10M20-T1<\/b> se positionne comme une solution technique robuste pour renforcer NAS et serveurs gr\u00e2ce \u00e0 une connectivit\u00e9 haute vitesse et pr\u00e9cise.<\/p>\n<ul>\n<li>Type: Accessoire<\/li>\n<li>Connexions:\n<ul>\n<li>10 GbE<\/li>\n<li>PCIe<\/li>\n<\/ul>\n<\/li>\n<li>Couleur: Noir<\/li>\n<li>puissance: 3600 W<\/li>\n<\/ul>","protected":false},"excerpt":{"rendered":"<p>Si vous \u00eates passionn\u00e9 d&#8217;informatique et d&#8217;\u00e9lectronique, si vous \u00eates \u00e0 la pointe de la technologie et qu&#8217;aucun d\u00e9tail ne vous \u00e9chappe, achetez Carte PCI SSD M.2 Synology E10M20-T1 au meilleur prix. La carte PCI SSD M.2 Synology E10M20-T1 est un accessoire con\u00e7u sp\u00e9cifiquement pour am\u00e9liorer les performances des syst\u00e8mes NAS et serveurs de stockage [&hellip;]<\/p>\n","protected":false},"featured_media":20471,"comment_status":"open","ping_status":"closed","template":"","meta":[],"product_brand":[990],"product_cat":[604,65,584],"product_tag":[106],"class_list":{"0":"post-20472","1":"product","2":"type-product","3":"status-publish","4":"has-post-thumbnail","6":"product_brand-brandp_653","7":"product_cat-cartes-pci","8":"product_cat-informatique-electronique","9":"product_cat-informatique-reseaux-et-composants","10":"product_tag-tag_1295","12":"first","13":"instock","14":"taxable","15":"shipping-taxable","16":"purchasable","17":"product-type-simple"},"_links":{"self":[{"href":"https:\/\/bigbuy.tupique.com\/en\/wp-json\/wp\/v2\/product\/20472","targetHints":{"allow":["GET"]}}],"collection":[{"href":"https:\/\/bigbuy.tupique.com\/en\/wp-json\/wp\/v2\/product"}],"about":[{"href":"https:\/\/bigbuy.tupique.com\/en\/wp-json\/wp\/v2\/types\/product"}],"replies":[{"embeddable":true,"href":"https:\/\/bigbuy.tupique.com\/en\/wp-json\/wp\/v2\/comments?post=20472"}],"wp:featuredmedia":[{"embeddable":true,"href":"https:\/\/bigbuy.tupique.com\/en\/wp-json\/wp\/v2\/media\/20471"}],"wp:attachment":[{"href":"https:\/\/bigbuy.tupique.com\/en\/wp-json\/wp\/v2\/media?parent=20472"}],"wp:term":[{"taxonomy":"product_brand","embeddable":true,"href":"https:\/\/bigbuy.tupique.com\/en\/wp-json\/wp\/v2\/product_brand?post=20472"},{"taxonomy":"product_cat","embeddable":true,"href":"https:\/\/bigbuy.tupique.com\/en\/wp-json\/wp\/v2\/product_cat?post=20472"},{"taxonomy":"product_tag","embeddable":true,"href":"https:\/\/bigbuy.tupique.com\/en\/wp-json\/wp\/v2\/product_tag?post=20472"}],"curies":[{"name":"wp","href":"https:\/\/api.w.org\/{rel}","templated":true}]}}