{"id":20431,"date":"2026-03-29T16:56:20","date_gmt":"2026-03-29T15:56:20","guid":{"rendered":"https:\/\/bigbuy.tupique.com\/produto\/electric-chainsaw-stephane-domergue-stiga-cs-300e-1000-w-30-cm\/"},"modified":"2026-04-16T21:05:20","modified_gmt":"2026-04-16T20:05:20","slug":"electric-chainsaw-stephane-domergue-stiga-cs-300e-1000-w-30-cm","status":"publish","type":"product","link":"https:\/\/bigbuy.tupique.com\/en\/produto\/electric-chainsaw-stephane-domergue-stiga-cs-300e-1000-w-30-cm\/","title":{"rendered":"Tron\u00e7onneuse \u00e9lectrique Stephane Domergue STIGA CS 300e 1000 W 30 cm"},"content":{"rendered":"<p>Si vous aimez prendre soin de chaque d\u00e9tail de votre maison et d&#8217;\u00eatre \u00e0 la derni\u00e8re mode en mati\u00e8re de produits qui vous rendront la vie plus facile, achetez <b>Tron\u00e7onneuse \u00e9lectrique Stephane Domergue STIGA CS 300e 1000 W 30 cm<\/b> au meilleur prix.<\/p>\n<p>Le <b>STIGA CS 300e<\/b> de la marque Stephane Domergue est une <b>tron\u00e7onneuse \u00e9lectrique<\/b> con\u00e7ue pour offrir une performance efficace et confortable lors de travaux de coupe de moyenne intensit\u00e9. Elle dispose d\u2019une puissance de <b>1000 W<\/b>, lui fournissant la force n\u00e9cessaire pour affronter des t\u00e2ches de taille, de bois de chauffage ou d\u2019entretien dans des espaces domestiques et professionnels l\u00e9gers, garantissant des coupes rapides et pr\u00e9cises. Cette tron\u00e7onneuse \u00e9lectrique se pr\u00e9sente dans un <b>coloris jaune<\/b> vif facilitant sa localisation sur le lieu de travail et p\u00e8se environ <b>5 kg<\/b>, un atout pour une manipulation agile et une r\u00e9duction de la fatigue lors d\u2019une utilisation prolong\u00e9e. Sa lame ou guide-cha\u00eene mesure <b>30 cm<\/b>, une longueur id\u00e9ale pour contr\u00f4ler et manipuler facilement branches et troncs de taille moyenne. De plus, elle fonctionne avec une alimentation directe via <b>prise europ\u00e9enne (EU)<\/b>, assurant un apport constant d\u2019\u00e9nergie sans souci de recharge ou d\u2019autonomie de batterie, favorisant une op\u00e9ration continue et stable. L\u2019association de son moteur puissant, de son design ergonomique et de ses composants robustes en fait un outil pratique pour les utilisateurs recherchant un \u00e9quilibre entre puissance et maniabilit\u00e9 sans sacrifier la s\u00e9curit\u00e9 et le confort offerts par une tron\u00e7onneuse \u00e9lectrique moderne. Ainsi, le STIGA CS 300e se positionne comme une solution efficace pour les travaux de jardinage et d\u2019entretien gr\u00e2ce \u00e0 sa performance ma\u00eetris\u00e9e, sa facilit\u00e9 d\u2019usage et sa qualit\u00e9 de fabrication.<\/p>\n<ul>\n<li>Type: Scie \u00e0 cha\u00eene<\/li>\n<li>puissance:\n<ul>\n<li>1000 W<\/li>\n<li>1,5 cv<\/li>\n<\/ul>\n<\/li>\n<li>Dimensions approx.:\n<ul>\n<li>30 cm<\/li>\n<li>27 x 27 x 46 cm<\/li>\n<\/ul>\n<\/li>\n<li>Bloc d\u2019Alimentation:\n<ul>\n<li>Batterie<\/li>\n<li>r\u00e9seau \u00e9lectrique<\/li>\n<\/ul>\n<\/li>\n<li>Produit \u00e0 brancher: Oui<\/li>\n<li>Type de prise: Prise EU<\/li>\n<li>Couleur: Jaune<\/li>\n<li>Longueur de la Lame: 30 cm<\/li>\n<\/ul>","protected":false},"excerpt":{"rendered":"<p>Si vous aimez prendre soin de chaque d\u00e9tail de votre maison et d&#8217;\u00eatre \u00e0 la derni\u00e8re mode en mati\u00e8re de produits qui vous rendront la vie plus facile, achetez Tron\u00e7onneuse \u00e9lectrique Stephane Domergue STIGA CS 300e 1000 W 30 cm au meilleur prix. Le STIGA CS 300e de la marque Stephane Domergue est une tron\u00e7onneuse [&hellip;]<\/p>\n","protected":false},"featured_media":20425,"comment_status":"open","ping_status":"closed","template":"","meta":[],"product_brand":[1069],"product_cat":[613,239],"product_tag":[59,210],"class_list":{"0":"post-20431","1":"product","2":"type-product","3":"status-publish","4":"has-post-thumbnail","6":"product_brand-brandp_9288","7":"product_cat-bricolage-et-materiel","8":"product_cat-maison-jardin","9":"product_tag-tag_1304","10":"product_tag-tag_25","12":"first","13":"instock","14":"taxable","15":"shipping-taxable","16":"purchasable","17":"product-type-simple"},"_links":{"self":[{"href":"https:\/\/bigbuy.tupique.com\/en\/wp-json\/wp\/v2\/product\/20431","targetHints":{"allow":["GET"]}}],"collection":[{"href":"https:\/\/bigbuy.tupique.com\/en\/wp-json\/wp\/v2\/product"}],"about":[{"href":"https:\/\/bigbuy.tupique.com\/en\/wp-json\/wp\/v2\/types\/product"}],"replies":[{"embeddable":true,"href":"https:\/\/bigbuy.tupique.com\/en\/wp-json\/wp\/v2\/comments?post=20431"}],"wp:featuredmedia":[{"embeddable":true,"href":"https:\/\/bigbuy.tupique.com\/en\/wp-json\/wp\/v2\/media\/20425"}],"wp:attachment":[{"href":"https:\/\/bigbuy.tupique.com\/en\/wp-json\/wp\/v2\/media?parent=20431"}],"wp:term":[{"taxonomy":"product_brand","embeddable":true,"href":"https:\/\/bigbuy.tupique.com\/en\/wp-json\/wp\/v2\/product_brand?post=20431"},{"taxonomy":"product_cat","embeddable":true,"href":"https:\/\/bigbuy.tupique.com\/en\/wp-json\/wp\/v2\/product_cat?post=20431"},{"taxonomy":"product_tag","embeddable":true,"href":"https:\/\/bigbuy.tupique.com\/en\/wp-json\/wp\/v2\/product_tag?post=20431"}],"curies":[{"name":"wp","href":"https:\/\/api.w.org\/{rel}","templated":true}]}}