{"id":20378,"date":"2026-03-29T16:55:02","date_gmt":"2026-03-29T15:55:02","guid":{"rendered":"https:\/\/bigbuy.tupique.com\/produto\/mens-watch-philip-watch-r8223150006-white-silver-o-40-mm-o-47-mm\/"},"modified":"2026-05-11T20:03:46","modified_gmt":"2026-05-11T18:03:46","slug":"mens-watch-philip-watch-r8223150006-white-silver-o-40-mm-o-47-mm","status":"publish","type":"product","link":"https:\/\/bigbuy.tupique.com\/en\/produto\/mens-watch-philip-watch-r8223150006-white-silver-o-40-mm-o-47-mm\/","title":{"rendered":"Montre Homme Philip Watch R8223150006 Blanc Argent\u00e9 (\u00d8 40 mm) (\u00d8 47 mm)"},"content":{"rendered":"<p>Si vous \u00eates \u00e0 la recherche de nouvelles tendances sur le march\u00e9, nous vous pr\u00e9sentons <b>Montre Homme Philip Watch R8223150006 Blanc Argent\u00e9 (\u00d8 40 mm) (\u00d8 47 mm)<\/b> !<\/p>\n<ul>\n<li>Genre: Homme<\/li>\n<li>Liens suppl\u00e9mentaires: Non<\/li>\n<li>Type de montre: Montre-bracelet<\/li>\n<li>Mat\u00e9riel: Argent<\/li>\n<li>Fonctions: Date<\/li>\n<li>Mat\u00e9riau du bracelet:\n<ul>\n<li>Acier inoxydable<\/li>\n<li>Silicone<\/li>\n<\/ul>\n<\/li>\n<li>Imperm\u00e9abilit\u00e9: 10 atm<\/li>\n<li>Verre: Saphir<\/li>\n<li>Type de mouvement: Automatique<\/li>\n<li>Diam\u00e8tre du bo\u00eetier de la montre:\n<ul>\n<li>\u00d8 40 mm<\/li>\n<li>\u00d8 47 mm<\/li>\n<\/ul>\n<\/li>\n<li>Couleur:\n<ul>\n<li>Blanc<\/li>\n<li>Argent\u00e9<\/li>\n<\/ul>\n<\/li>\n<\/ul>","protected":false},"excerpt":{"rendered":"<p>Si vous \u00eates \u00e0 la recherche de nouvelles tendances sur le march\u00e9, nous vous pr\u00e9sentons Montre Homme Philip Watch R8223150006 Blanc Argent\u00e9 (\u00d8 40 mm) (\u00d8 47 mm) ! Genre: Homme Liens suppl\u00e9mentaires: Non Type de montre: Montre-bracelet Mat\u00e9riel: Argent Fonctions: Date Mat\u00e9riau du bracelet: Acier inoxydable Silicone Imperm\u00e9abilit\u00e9: 10 atm Verre: Saphir Type de [&hellip;]<\/p>\n","protected":false},"featured_media":20376,"comment_status":"open","ping_status":"closed","template":"","meta":[],"product_brand":[872],"product_cat":[544,574,545],"product_tag":[103,543],"class_list":{"0":"post-20378","1":"product","2":"type-product","3":"status-publish","4":"has-post-thumbnail","6":"product_brand-brandp_6832","7":"product_cat-mode-accessoires","8":"product_cat-montres-homme","9":"product_cat-montres-bracelets","10":"product_tag-tag_1261","11":"product_tag-tag_61","13":"first","14":"instock","15":"taxable","16":"shipping-taxable","17":"purchasable","18":"product-type-simple"},"_links":{"self":[{"href":"https:\/\/bigbuy.tupique.com\/en\/wp-json\/wp\/v2\/product\/20378","targetHints":{"allow":["GET"]}}],"collection":[{"href":"https:\/\/bigbuy.tupique.com\/en\/wp-json\/wp\/v2\/product"}],"about":[{"href":"https:\/\/bigbuy.tupique.com\/en\/wp-json\/wp\/v2\/types\/product"}],"replies":[{"embeddable":true,"href":"https:\/\/bigbuy.tupique.com\/en\/wp-json\/wp\/v2\/comments?post=20378"}],"wp:featuredmedia":[{"embeddable":true,"href":"https:\/\/bigbuy.tupique.com\/en\/wp-json\/wp\/v2\/media\/20376"}],"wp:attachment":[{"href":"https:\/\/bigbuy.tupique.com\/en\/wp-json\/wp\/v2\/media?parent=20378"}],"wp:term":[{"taxonomy":"product_brand","embeddable":true,"href":"https:\/\/bigbuy.tupique.com\/en\/wp-json\/wp\/v2\/product_brand?post=20378"},{"taxonomy":"product_cat","embeddable":true,"href":"https:\/\/bigbuy.tupique.com\/en\/wp-json\/wp\/v2\/product_cat?post=20378"},{"taxonomy":"product_tag","embeddable":true,"href":"https:\/\/bigbuy.tupique.com\/en\/wp-json\/wp\/v2\/product_tag?post=20378"}],"curies":[{"name":"wp","href":"https:\/\/api.w.org\/{rel}","templated":true}]}}