{"id":20368,"date":"2026-03-29T16:54:49","date_gmt":"2026-03-29T15:54:49","guid":{"rendered":"https:\/\/bigbuy.tupique.com\/produto\/nas-network-storage-synology-rs2423rp-am4-socket-amd-ryzen\/"},"modified":"2026-04-15T01:27:57","modified_gmt":"2026-04-15T00:27:57","slug":"nas-network-storage-synology-rs2423rp-am4-socket-amd-ryzen","status":"publish","type":"product","link":"https:\/\/bigbuy.tupique.com\/en\/produto\/nas-network-storage-synology-rs2423rp-am4-socket-amd-ryzen\/","title":{"rendered":"Stockage en R\u00e9seau NAS Synology RS2423RP+ AM4 Socket: AMD Ryzen\u2122"},"content":{"rendered":"<p>Si vous \u00eates passionn\u00e9 d&#8217;<b>informatique et d&#8217;\u00e9lectronique<\/b>, si vous \u00eates \u00e0 la pointe de la technologie et qu&#8217;aucun d\u00e9tail ne vous \u00e9chappe, achetez <b>Stockage en R\u00e9seau NAS Synology RS2423RP+ AM4 Socket: AMD Ryzen\u2122<\/b> au meilleur prix.<\/p>\n<p>Le <b>Synology RS2423RP+<\/b> est un \u00e9quipement avanc\u00e9 de <b>stockage en r\u00e9seau NAS<\/b> con\u00e7u pour les environnements professionnels n\u00e9cessitant une grande capacit\u00e9 et fiabilit\u00e9. Sa couleur grise et son format rack 2U permettent une int\u00e9gration facile dans les infrastructures serveur standard. Ce mod\u00e8le se distingue par sa <b>m\u00e9moire DDR4 ECC UDIMM de 8 Go<\/b> pr\u00e9install\u00e9e, garantissant des op\u00e9rations stables et une protection contre les erreurs m\u00e9moire, avec une extension possible jusqu\u2019\u00e0 32 Go. Il dispose de baies pour 12 disques internes compatibles avec des <b>disques HDD et SSD SATA 2,5\u201d et 3,5\u201d<\/b>, offrant des configurations flexibles et une \u00e9volutivit\u00e9 jusqu\u2019\u00e0 24 disques via extension. Pour la connectivit\u00e9, il int\u00e8gre plusieurs interfaces dont des <b>ports USB 3.2 Gen 1<\/b> pour p\u00e9riph\u00e9riques externes et une combinaison de <b>ports LAN RJ-45 (deux 1 GbE et un 10 GbE)<\/b> assurant des transferts rapides et des options avanc\u00e9es de redondance et d\u2019agr\u00e9gation de liens. Son processeur AMD Ryzen V1780B quadric\u0153ur, cadenc\u00e9 jusqu\u2019\u00e0 3,6 GHz, garantit des performances \u00e9lev\u00e9es pour la gestion de fichiers, la virtualisation et les applications professionnelles. Le syst\u00e8me de fichiers interne supporte les technologies <b>Btrfs et EXT4<\/b>, reconnues pour l\u2019int\u00e9grit\u00e9 des donn\u00e9es et les options avanc\u00e9es de r\u00e9cup\u00e9ration, tandis que la compatibilit\u00e9 des disques externes s\u2019\u00e9tend aux formats FAT, NTFS et exFAT, facilitant l\u2019interop\u00e9rabilit\u00e9. Le design comprend trois ventilateurs de 60 mm avec modes \u00e9quilibrant efficacit\u00e9 thermique et niveau sonore, ce dernier mesur\u00e9 \u00e0 52,3 dB(A). L\u2019alimentation est assur\u00e9e par une source de 500 W avec une large plage de tension d\u2019entr\u00e9e (100-240 V AC) et fr\u00e9quence monophas\u00e9e (50\/60 Hz), adapt\u00e9e \u00e0 divers sites. Pesant 11,5 kg et mesurant pr\u00e9cis\u00e9ment 88 x 482 x 552 mm, il est con\u00e7u pour un montage en rack 19\u201d, optimisant l\u2019espace en datacenters. Le <b>Synology RS2423RP+<\/b> offre aux entreprises une solution robuste, \u00e9volutive et conforme aux normes internationales garantissant qualit\u00e9, s\u00e9curit\u00e9 et performance dans les environnements professionnels de stockage en r\u00e9seau.<\/p>\n<ul>\n<li>Produit \u00e0 brancher: Oui<\/li>\n<li>Type de prise: Prise EU<\/li>\n<li>Bloc d\u2019Alimentation:\n<ul>\n<li>r\u00e9seau \u00e9lectrique<\/li>\n<li>350 W<\/li>\n<li>Cordon d&#8217;alimentation CA<\/li>\n<li>Int\u00e9rieur<\/li>\n<\/ul>\n<\/li>\n<li>Type:\n<ul>\n<li>DDR4<\/li>\n<li>NAS<\/li>\n<li>HDD\/SSD<\/li>\n<\/ul>\n<\/li>\n<li>Couleur:\n<ul>\n<li>Noir<\/li>\n<li>Gris<\/li>\n<\/ul>\n<\/li>\n<li>Connexions:\n<ul>\n<li>Ethernet LAN<\/li>\n<li>2<\/li>\n<li>3<\/li>\n<li>Sata II<\/li>\n<li>UDIMM<\/li>\n<li>USB<\/li>\n<li>RJ45<\/li>\n<li>USB-A 3.2<\/li>\n<\/ul>\n<\/li>\n<li>M\u00e9moire RAM: 8 GB RAM<\/li>\n<li>Tension:\n<ul>\n<li>100-240 V<\/li>\n<li>100 &#8211; 240 V<\/li>\n<\/ul>\n<\/li>\n<li>Fr\u00e9quence:\n<ul>\n<li>50-60 Hz<\/li>\n<li>50 &#8211; 60 Hz<\/li>\n<\/ul>\n<\/li>\n<li>Compatible:\n<ul>\n<li>HDD\/SSD<\/li>\n<li>2,5&#8243;-3,5&#8243;<\/li>\n<li>Raid 0,1,5,6,10,JBOD<\/li>\n<\/ul>\n<\/li>\n<li>Nombre de Baies: x 12<\/li>\n<li>Caract\u00e9ristiques:\n<ul>\n<li>Interrupteur marche\/arr\u00eat<\/li>\n<li>T\u00e9moin de fonctionnement LED<\/li>\n<\/ul>\n<\/li>\n<li>Ventillateur: 3<\/li>\n<li>Batterie au lithium rechargeable: 350 mAh<\/li>\n<li>Connectivit\u00e9: Ethernet LAN<\/li>\n<li>Taille maximale de la carte m\u00e9moire: 32 GB<\/li>\n<li>Certificat: CE &#8211; RoHS<\/li>\n<li>Type de m\u00e9moire: DDR4<\/li>\n<li>M\u00e9moire: x 2<\/li>\n<li>vitesse:\n<ul>\n<li>10\/100\/1000\/10000 Mbps<\/li>\n<li>3.6 Ghz<\/li>\n<\/ul>\n<\/li>\n<li>Syst\u00e8me d&#8217;exploitation: DiskStation Manager<\/li>\n<li>Noyaux: 4 Noyaux<\/li>\n<li>Famille de processeurs: AMD<\/li>\n<\/ul>","protected":false},"excerpt":{"rendered":"<p>Si vous \u00eates passionn\u00e9 d&#8217;informatique et d&#8217;\u00e9lectronique, si vous \u00eates \u00e0 la pointe de la technologie et qu&#8217;aucun d\u00e9tail ne vous \u00e9chappe, achetez Stockage en R\u00e9seau NAS Synology RS2423RP+ AM4 Socket: AMD Ryzen\u2122 au meilleur prix. Le Synology RS2423RP+ est un \u00e9quipement avanc\u00e9 de stockage en r\u00e9seau NAS con\u00e7u pour les environnements professionnels n\u00e9cessitant une [&hellip;]<\/p>\n","protected":false},"featured_media":20367,"comment_status":"open","ping_status":"closed","template":"","meta":[],"product_brand":[990],"product_cat":[588,65,584],"product_tag":[106],"class_list":{"0":"post-20368","1":"product","2":"type-product","3":"status-publish","4":"has-post-thumbnail","6":"product_brand-brandp_653","7":"product_cat-disques-durs","8":"product_cat-informatique-electronique","9":"product_cat-informatique-reseaux-et-composants","10":"product_tag-tag_1295","12":"first","13":"instock","14":"taxable","15":"shipping-taxable","16":"purchasable","17":"product-type-simple"},"_links":{"self":[{"href":"https:\/\/bigbuy.tupique.com\/en\/wp-json\/wp\/v2\/product\/20368","targetHints":{"allow":["GET"]}}],"collection":[{"href":"https:\/\/bigbuy.tupique.com\/en\/wp-json\/wp\/v2\/product"}],"about":[{"href":"https:\/\/bigbuy.tupique.com\/en\/wp-json\/wp\/v2\/types\/product"}],"replies":[{"embeddable":true,"href":"https:\/\/bigbuy.tupique.com\/en\/wp-json\/wp\/v2\/comments?post=20368"}],"wp:featuredmedia":[{"embeddable":true,"href":"https:\/\/bigbuy.tupique.com\/en\/wp-json\/wp\/v2\/media\/20367"}],"wp:attachment":[{"href":"https:\/\/bigbuy.tupique.com\/en\/wp-json\/wp\/v2\/media?parent=20368"}],"wp:term":[{"taxonomy":"product_brand","embeddable":true,"href":"https:\/\/bigbuy.tupique.com\/en\/wp-json\/wp\/v2\/product_brand?post=20368"},{"taxonomy":"product_cat","embeddable":true,"href":"https:\/\/bigbuy.tupique.com\/en\/wp-json\/wp\/v2\/product_cat?post=20368"},{"taxonomy":"product_tag","embeddable":true,"href":"https:\/\/bigbuy.tupique.com\/en\/wp-json\/wp\/v2\/product_tag?post=20368"}],"curies":[{"name":"wp","href":"https:\/\/api.w.org\/{rel}","templated":true}]}}