{"id":20363,"date":"2026-03-29T16:54:45","date_gmt":"2026-03-29T15:54:45","guid":{"rendered":"https:\/\/bigbuy.tupique.com\/produto\/network-card-eaton-indgw-m2\/"},"modified":"2026-04-15T01:27:57","modified_gmt":"2026-04-15T00:27:57","slug":"network-card-eaton-indgw-m2","status":"publish","type":"product","link":"https:\/\/bigbuy.tupique.com\/en\/produto\/network-card-eaton-indgw-m2\/","title":{"rendered":"Carte R\u00e9seau Eaton INDGW-M2"},"content":{"rendered":"<p>Si vous \u00eates passionn\u00e9 d&#8217;<b>informatique et d&#8217;\u00e9lectronique<\/b>, si vous \u00eates \u00e0 la pointe de la technologie et qu&#8217;aucun d\u00e9tail ne vous \u00e9chappe, achetez <b>Carte R\u00e9seau Eaton INDGW-M2<\/b> au meilleur prix.<\/p>\n<ul>\n<li>Type: Carte R\u00e9seau<\/li>\n<li>Connexions: Ethernet LAN<\/li>\n<li>Interface: Gigabit Ethernet<\/li>\n<li>vitesse: 10\/100\/1000 Mbps<\/li>\n<li>Tension: 5-12 V<\/li>\n<li>Pr\u00e9cision (humidit\u00e9 relative): 0 % &#8211; 90 %<\/li>\n<\/ul>","protected":false},"excerpt":{"rendered":"<p>Si vous \u00eates passionn\u00e9 d&#8217;informatique et d&#8217;\u00e9lectronique, si vous \u00eates \u00e0 la pointe de la technologie et qu&#8217;aucun d\u00e9tail ne vous \u00e9chappe, achetez Carte R\u00e9seau Eaton INDGW-M2 au meilleur prix. Type: Carte R\u00e9seau Connexions: Ethernet LAN Interface: Gigabit Ethernet vitesse: 10\/100\/1000 Mbps Tension: 5-12 V Pr\u00e9cision (humidit\u00e9 relative): 0 % &#8211; 90 %<\/p>","protected":false},"featured_media":20362,"comment_status":"open","ping_status":"closed","template":"","meta":[],"product_brand":[652],"product_cat":[604,65,584],"product_tag":[106],"class_list":{"0":"post-20363","1":"product","2":"type-product","3":"status-publish","4":"has-post-thumbnail","6":"product_brand-brandp_4815","7":"product_cat-cartes-pci","8":"product_cat-informatique-electronique","9":"product_cat-informatique-reseaux-et-composants","10":"product_tag-tag_1295","12":"first","13":"instock","14":"taxable","15":"shipping-taxable","16":"purchasable","17":"product-type-simple"},"_links":{"self":[{"href":"https:\/\/bigbuy.tupique.com\/en\/wp-json\/wp\/v2\/product\/20363","targetHints":{"allow":["GET"]}}],"collection":[{"href":"https:\/\/bigbuy.tupique.com\/en\/wp-json\/wp\/v2\/product"}],"about":[{"href":"https:\/\/bigbuy.tupique.com\/en\/wp-json\/wp\/v2\/types\/product"}],"replies":[{"embeddable":true,"href":"https:\/\/bigbuy.tupique.com\/en\/wp-json\/wp\/v2\/comments?post=20363"}],"wp:featuredmedia":[{"embeddable":true,"href":"https:\/\/bigbuy.tupique.com\/en\/wp-json\/wp\/v2\/media\/20362"}],"wp:attachment":[{"href":"https:\/\/bigbuy.tupique.com\/en\/wp-json\/wp\/v2\/media?parent=20363"}],"wp:term":[{"taxonomy":"product_brand","embeddable":true,"href":"https:\/\/bigbuy.tupique.com\/en\/wp-json\/wp\/v2\/product_brand?post=20363"},{"taxonomy":"product_cat","embeddable":true,"href":"https:\/\/bigbuy.tupique.com\/en\/wp-json\/wp\/v2\/product_cat?post=20363"},{"taxonomy":"product_tag","embeddable":true,"href":"https:\/\/bigbuy.tupique.com\/en\/wp-json\/wp\/v2\/product_tag?post=20363"}],"curies":[{"name":"wp","href":"https:\/\/api.w.org\/{rel}","templated":true}]}}