{"id":20322,"date":"2026-03-29T16:53:46","date_gmt":"2026-03-29T15:53:46","guid":{"rendered":"https:\/\/bigbuy.tupique.com\/produto\/induction-hot-plate-bosch-pvw831hc1e\/"},"modified":"2026-04-16T16:37:32","modified_gmt":"2026-04-16T15:37:32","slug":"induction-hot-plate-bosch-pvw831hc1e","status":"publish","type":"product","link":"https:\/\/bigbuy.tupique.com\/en\/produto\/induction-hot-plate-bosch-pvw831hc1e\/","title":{"rendered":"Plaque \u00e0 Induction BOSCH PVW831HC1E"},"content":{"rendered":"<p>Si vous pensez r\u00e9nover votre cuisine, achetez <b>Plaque \u00e0 Induction BOSCH PVW831HC1E<\/b> et d\u00b4autres <b>produits BOSCH<\/b> !<\/p>\n<p>La <b>plaque \u00e0 induction BOSCH<\/b> se distingue comme un appareil moderne et efficace con\u00e7u pour offrir une exp\u00e9rience de cuisson avanc\u00e9e et s\u00e9curis\u00e9e. Ce mod\u00e8le encastrable pr\u00e9sente une surface de <b>couleur noire<\/b> \u00e0 la finition \u00e9l\u00e9gante, avec une configuration spacieuse comprenant <b>cinq foyers<\/b> r\u00e9partis sur une surface rectangulaire d\u2019environ <b>80 cm de longueur sur 52 cm de profondeur<\/b>, permettant de cuisiner plusieurs plats simultan\u00e9ment avec grand confort. Elle utilise la technologie \u00e0 induction, qui chauffe directement le r\u00e9cipient, assurant une cuisson rapide et pr\u00e9cise tout en optimisant la consommation d\u2019\u00e9nergie. Parmi ses fonctionnalit\u00e9s, le <b>minuteur<\/b> se distingue, id\u00e9al pour programmer le temps de cuisson et \u00e9viter que les aliments ne br\u00fblent ou ne soient trop cuits, am\u00e9liorant ainsi la s\u00e9curit\u00e9 et le confort d\u2019utilisation. De plus, elle int\u00e8gre un syst\u00e8me de <b>verrouillage enfant<\/b> qui emp\u00eache toute manipulation accidentelle, apportant tranquillit\u00e9 dans les foyers avec des enfants. Son design combine des \u00e9l\u00e9ments rectangulaires et ronds dans les zones de cuisson, offrant une grande polyvalence pour les ustensiles de diff\u00e9rentes tailles et formes. La plaque est con\u00e7ue pour une installation encastr\u00e9e dans le plan de travail, favorisant une finition propre et homog\u00e8ne qui valorise l\u2019esth\u00e9tique de la cuisine. La combinaison de ces atouts positionne cette plaque BOSCH comme une solution adapt\u00e9e \u00e0 ceux qui recherchent un \u00e9quilibre entre technologie fonctionnelle, s\u00e9curit\u00e9 et style sobre dans leur cuisine.<\/p>\n<ul>\n<li>Produit \u00e0 brancher: Oui<\/li>\n<li>Type de prise: Prise EU<\/li>\n<li>Type:\n<ul>\n<li>Plaque \u00e0 Induction<\/li>\n<li>Int\u00e9gr\u00e9<\/li>\n<\/ul>\n<\/li>\n<li>Couleur:\n<ul>\n<li>Noir<\/li>\n<li>noir<\/li>\n<\/ul>\n<\/li>\n<li>Bloc d\u2019Alimentation: r\u00e9seau \u00e9lectrique<\/li>\n<li>Caract\u00e9ristiques: Verrouillage pour enfants<\/li>\n<li>Fonctions: Minuterie<\/li>\n<li>Forme:\n<ul>\n<li>Rectangulaire<\/li>\n<li>Rond<\/li>\n<\/ul>\n<\/li>\n<li>Longueur du c\u00e2ble: 1 m<\/li>\n<li>Fr\u00e9quence d&#8217;entr\u00e9e AC: 50-60 Hz<\/li>\n<li>Inclut: Ecran<\/li>\n<li>Type de commande: Tactile<\/li>\n<li>Tension: 220-240 V<\/li>\n<\/ul>","protected":false},"excerpt":{"rendered":"<p>Si vous pensez r\u00e9nover votre cuisine, achetez Plaque \u00e0 Induction BOSCH PVW831HC1E et d\u00b4autres produits BOSCH ! La plaque \u00e0 induction BOSCH se distingue comme un appareil moderne et efficace con\u00e7u pour offrir une exp\u00e9rience de cuisson avanc\u00e9e et s\u00e9curis\u00e9e. Ce mod\u00e8le encastrable pr\u00e9sente une surface de couleur noire \u00e0 la finition \u00e9l\u00e9gante, avec une [&hellip;]<\/p>\n","protected":false},"featured_media":20316,"comment_status":"open","ping_status":"closed","template":"","meta":[],"product_brand":[162],"product_cat":[60,77,78],"product_tag":[55,59,56],"class_list":{"0":"post-20322","1":"product","2":"type-product","3":"status-publish","4":"has-post-thumbnail","6":"product_brand-brandp_959","7":"product_cat-cuisine-gourmet","8":"product_cat-petit-electromenager","9":"product_cat-plaques-de-cuisson","10":"product_tag-tag_926","11":"product_tag-tag_1304","12":"product_tag-tag_930","14":"first","15":"instock","16":"taxable","17":"shipping-taxable","18":"purchasable","19":"product-type-simple"},"_links":{"self":[{"href":"https:\/\/bigbuy.tupique.com\/en\/wp-json\/wp\/v2\/product\/20322","targetHints":{"allow":["GET"]}}],"collection":[{"href":"https:\/\/bigbuy.tupique.com\/en\/wp-json\/wp\/v2\/product"}],"about":[{"href":"https:\/\/bigbuy.tupique.com\/en\/wp-json\/wp\/v2\/types\/product"}],"replies":[{"embeddable":true,"href":"https:\/\/bigbuy.tupique.com\/en\/wp-json\/wp\/v2\/comments?post=20322"}],"wp:featuredmedia":[{"embeddable":true,"href":"https:\/\/bigbuy.tupique.com\/en\/wp-json\/wp\/v2\/media\/20316"}],"wp:attachment":[{"href":"https:\/\/bigbuy.tupique.com\/en\/wp-json\/wp\/v2\/media?parent=20322"}],"wp:term":[{"taxonomy":"product_brand","embeddable":true,"href":"https:\/\/bigbuy.tupique.com\/en\/wp-json\/wp\/v2\/product_brand?post=20322"},{"taxonomy":"product_cat","embeddable":true,"href":"https:\/\/bigbuy.tupique.com\/en\/wp-json\/wp\/v2\/product_cat?post=20322"},{"taxonomy":"product_tag","embeddable":true,"href":"https:\/\/bigbuy.tupique.com\/en\/wp-json\/wp\/v2\/product_tag?post=20322"}],"curies":[{"name":"wp","href":"https:\/\/api.w.org\/{rel}","templated":true}]}}