{"id":20284,"date":"2026-03-29T16:52:51","date_gmt":"2026-03-29T15:52:51","guid":{"rendered":"https:\/\/bigbuy.tupique.com\/produto\/cordless-vacuum-cleaner-karcher\/"},"modified":"2026-04-16T18:55:37","modified_gmt":"2026-04-16T17:55:37","slug":"cordless-vacuum-cleaner-karcher","status":"publish","type":"product","link":"https:\/\/bigbuy.tupique.com\/en\/produto\/cordless-vacuum-cleaner-karcher\/","title":{"rendered":"Aspirateur sans fil K\u00e4rcher"},"content":{"rendered":"<p>Si vous recherchez des \u00e9lectrom\u00e9nagers pour votre maison aux meilleurs prix, ne manquez pas <b>Aspirateur sans fil K\u00e4rcher<\/b> et une large s\u00e9lection de petits \u00e9lectrom\u00e9nagers de qualit\u00e9 !<\/p>\n<p>Le <b>aspirateur sans fil FC 7 mod\u00e8le 1.055-701.0<\/b> de K\u00e4rcher est un appareil innovant con\u00e7u pour un nettoyage efficace des sols, alliant fonctionnalit\u00e9 avanc\u00e9e et confort sans fil. Ce nettoyeur se distingue par son <b>coloris blanc<\/b> \u00e9l\u00e9gant et moderne, offrant une autonomie d\u2019environ <b>45 minutes<\/b> gr\u00e2ce \u00e0 sa <b>batterie rechargeable<\/b>, permettant un nettoyage continu sans contrainte de c\u00e2ble. Il inclut un <b>chargeur de batterie<\/b> pour une recharge facile \u00e0 tout moment. Son design int\u00e8gre une pratique <b>lumi\u00e8re LED<\/b> int\u00e9gr\u00e9e, am\u00e9liorant la visibilit\u00e9 de la surface \u00e0 nettoyer et facilitant la d\u00e9tection de la poussi\u00e8re et des salet\u00e9s dans les zones peu \u00e9clair\u00e9es ou les recoins difficiles. Son fonctionnement g\u00e9n\u00e8re un niveau sonore contenu de <b>71 dB<\/b>, r\u00e9duisant les nuisances lors de son utilisation dans toutes les pi\u00e8ces de la maison. Compatible avec une plage de tension de <b>100 &#8211; 240 V<\/b>, c\u2019est un appareil polyvalent adapt\u00e9 \u00e0 diff\u00e9rents r\u00e9seaux \u00e9lectriques. De par sa nature sans fil et son autonomie prolong\u00e9e, il convient particuli\u00e8rement \u00e0 ceux qui recherchent une solution pratique et l\u00e9g\u00e8re pour l\u2019entretien quotidien des sols, sans sacrifier la puissance et l\u2019efficacit\u00e9 d\u2019une marque reconnue comme K\u00e4rcher. Ce mod\u00e8le r\u00e9unit les caract\u00e9ristiques technologiques n\u00e9cessaires pour un nettoyage rapide et confortable, se positionnant comme un outil utile pour les foyers qui valorisent \u00e0 la fois performance et mobilit\u00e9 dans leurs \u00e9quipements de nettoyage.<\/p>\n<ul>\n<li>Couleur: Blanc<\/li>\n<li>Caract\u00e9ristiques:\n<ul>\n<li>Lumi\u00e8re LED<\/li>\n<li>Sans fil<\/li>\n<\/ul>\n<\/li>\n<li>Bloc d\u2019Alimentation: Batterie<\/li>\n<li>Fonctionne \u00e0 piles: Oui<\/li>\n<li>Inclut:\n<ul>\n<li>Batterie<\/li>\n<li>Chargeur de batterie<\/li>\n<\/ul>\n<\/li>\n<li>Tension: 100 &#8211; 240 V<\/li>\n<li>Niveau sonore: 71 dB<\/li>\n<li>Facteur de forme: Vertical<\/li>\n<li>Type de batterie: Litio Ion<\/li>\n<li>Autonomie approx.: 45 minutes<\/li>\n<\/ul>","protected":false},"excerpt":{"rendered":"<p>Si vous recherchez des \u00e9lectrom\u00e9nagers pour votre maison aux meilleurs prix, ne manquez pas Aspirateur sans fil K\u00e4rcher et une large s\u00e9lection de petits \u00e9lectrom\u00e9nagers de qualit\u00e9 ! Le aspirateur sans fil FC 7 mod\u00e8le 1.055-701.0 de K\u00e4rcher est un appareil innovant con\u00e7u pour un nettoyage efficace des sols, alliant fonctionnalit\u00e9 avanc\u00e9e et confort sans [&hellip;]<\/p>\n","protected":false},"featured_media":20278,"comment_status":"open","ping_status":"closed","template":"","meta":[],"product_brand":[828],"product_cat":[762,239,240],"product_tag":[59,56,210],"class_list":{"0":"post-20284","1":"product","2":"type-product","3":"status-publish","4":"has-post-thumbnail","6":"product_brand-brandp_1299","7":"product_cat-aspirateurs-et-robots","8":"product_cat-maison-jardin","9":"product_cat-nettoyage-aspirateur-et-repassage","10":"product_tag-tag_1304","11":"product_tag-tag_930","12":"product_tag-tag_25","14":"first","15":"instock","16":"taxable","17":"shipping-taxable","18":"purchasable","19":"product-type-simple"},"_links":{"self":[{"href":"https:\/\/bigbuy.tupique.com\/en\/wp-json\/wp\/v2\/product\/20284","targetHints":{"allow":["GET"]}}],"collection":[{"href":"https:\/\/bigbuy.tupique.com\/en\/wp-json\/wp\/v2\/product"}],"about":[{"href":"https:\/\/bigbuy.tupique.com\/en\/wp-json\/wp\/v2\/types\/product"}],"replies":[{"embeddable":true,"href":"https:\/\/bigbuy.tupique.com\/en\/wp-json\/wp\/v2\/comments?post=20284"}],"wp:featuredmedia":[{"embeddable":true,"href":"https:\/\/bigbuy.tupique.com\/en\/wp-json\/wp\/v2\/media\/20278"}],"wp:attachment":[{"href":"https:\/\/bigbuy.tupique.com\/en\/wp-json\/wp\/v2\/media?parent=20284"}],"wp:term":[{"taxonomy":"product_brand","embeddable":true,"href":"https:\/\/bigbuy.tupique.com\/en\/wp-json\/wp\/v2\/product_brand?post=20284"},{"taxonomy":"product_cat","embeddable":true,"href":"https:\/\/bigbuy.tupique.com\/en\/wp-json\/wp\/v2\/product_cat?post=20284"},{"taxonomy":"product_tag","embeddable":true,"href":"https:\/\/bigbuy.tupique.com\/en\/wp-json\/wp\/v2\/product_tag?post=20284"}],"curies":[{"name":"wp","href":"https:\/\/api.w.org\/{rel}","templated":true}]}}