{"id":20181,"date":"2026-03-29T16:50:31","date_gmt":"2026-03-29T15:50:31","guid":{"rendered":"https:\/\/bigbuy.tupique.com\/produto\/barcode-reader-honeywell-7190g-0usbx-0\/"},"modified":"2026-04-15T01:27:33","modified_gmt":"2026-04-15T00:27:33","slug":"barcode-reader-honeywell-7190g-0usbx-0","status":"publish","type":"product","link":"https:\/\/bigbuy.tupique.com\/en\/produto\/barcode-reader-honeywell-7190g-0usbx-0\/","title":{"rendered":"Lecteur de Codes Barres Honeywell 7190G-0USBX-0"},"content":{"rendered":"<p>Si vous \u00eates passionn\u00e9 d&#8217;<b>informatique et d&#8217;\u00e9lectronique<\/b>, si vous \u00eates \u00e0 la pointe de la technologie et qu&#8217;aucun d\u00e9tail ne vous \u00e9chappe, achetez <b>Lecteur de Codes Barres Honeywell 7190G-0USBX-0<\/b> au meilleur prix.<\/p>\n<ul>\n<li>Type:\n<ul>\n<li>Avec fil<\/li>\n<li>Lecteur de Codes Barres<\/li>\n<\/ul>\n<\/li>\n<li>Couleur: Blanc<\/li>\n<li>Capteur: L\u00e1ser<\/li>\n<li>Inclut: C\u00e2ble USB<\/li>\n<li>Compatible: 1D\/2D<\/li>\n<\/ul>","protected":false},"excerpt":{"rendered":"<p>Si vous \u00eates passionn\u00e9 d&#8217;informatique et d&#8217;\u00e9lectronique, si vous \u00eates \u00e0 la pointe de la technologie et qu&#8217;aucun d\u00e9tail ne vous \u00e9chappe, achetez Lecteur de Codes Barres Honeywell 7190G-0USBX-0 au meilleur prix. Type: Avec fil Lecteur de Codes Barres Couleur: Blanc Capteur: L\u00e1ser Inclut: C\u00e2ble USB Compatible: 1D\/2D<\/p>","protected":false},"featured_media":20179,"comment_status":"open","ping_status":"closed","template":"","meta":[],"product_brand":[1066],"product_cat":[65,584,625],"product_tag":[210],"class_list":{"0":"post-20181","1":"product","2":"type-product","3":"status-publish","4":"has-post-thumbnail","6":"product_brand-brandp_591","7":"product_cat-informatique-electronique","8":"product_cat-informatique-reseaux-et-composants","9":"product_cat-multilecteurs","10":"product_tag-tag_25","12":"first","13":"instock","14":"taxable","15":"shipping-taxable","16":"purchasable","17":"product-type-simple"},"_links":{"self":[{"href":"https:\/\/bigbuy.tupique.com\/en\/wp-json\/wp\/v2\/product\/20181","targetHints":{"allow":["GET"]}}],"collection":[{"href":"https:\/\/bigbuy.tupique.com\/en\/wp-json\/wp\/v2\/product"}],"about":[{"href":"https:\/\/bigbuy.tupique.com\/en\/wp-json\/wp\/v2\/types\/product"}],"replies":[{"embeddable":true,"href":"https:\/\/bigbuy.tupique.com\/en\/wp-json\/wp\/v2\/comments?post=20181"}],"wp:featuredmedia":[{"embeddable":true,"href":"https:\/\/bigbuy.tupique.com\/en\/wp-json\/wp\/v2\/media\/20179"}],"wp:attachment":[{"href":"https:\/\/bigbuy.tupique.com\/en\/wp-json\/wp\/v2\/media?parent=20181"}],"wp:term":[{"taxonomy":"product_brand","embeddable":true,"href":"https:\/\/bigbuy.tupique.com\/en\/wp-json\/wp\/v2\/product_brand?post=20181"},{"taxonomy":"product_cat","embeddable":true,"href":"https:\/\/bigbuy.tupique.com\/en\/wp-json\/wp\/v2\/product_cat?post=20181"},{"taxonomy":"product_tag","embeddable":true,"href":"https:\/\/bigbuy.tupique.com\/en\/wp-json\/wp\/v2\/product_tag?post=20181"}],"curies":[{"name":"wp","href":"https:\/\/api.w.org\/{rel}","templated":true}]}}