{"id":20178,"date":"2026-03-29T16:50:27","date_gmt":"2026-03-29T15:50:27","guid":{"rendered":"https:\/\/bigbuy.tupique.com\/produto\/uninterruptible-power-supply-system-interactive-ups-eaton-9px1500irt2u-1500-w\/"},"modified":"2026-05-11T19:58:44","modified_gmt":"2026-05-11T17:58:44","slug":"uninterruptible-power-supply-system-interactive-ups-eaton-9px1500irt2u-1500-w","status":"publish","type":"product","link":"https:\/\/bigbuy.tupique.com\/en\/produto\/uninterruptible-power-supply-system-interactive-ups-eaton-9px1500irt2u-1500-w\/","title":{"rendered":"Syst\u00e8me d&#8217;Alimentation Sans Interruption Interactif Eaton 9PX1500IRT2U 1500 W"},"content":{"rendered":"<p>Si vous \u00eates passionn\u00e9 d&#8217;<b>informatique et d&#8217;\u00e9lectronique<\/b>, si vous \u00eates \u00e0 la pointe de la technologie et qu&#8217;aucun d\u00e9tail ne vous \u00e9chappe, achetez <b>Syst\u00e8me d&#8217;Alimentation Sans Interruption Interactif Eaton 9PX1500IRT2U 1500 W<\/b> au meilleur prix.<\/p>\n<p>Le <b>SAI interactif Eaton 9PX1500IRT2U<\/b> est une solution d\u2019alimentation sans coupure con\u00e7ue pour prot\u00e9ger les \u00e9quipements critiques avec un haut niveau de fiabilit\u00e9 et d\u2019efficacit\u00e9. Ce <b>SAI \u00e0 double conversion en ligne<\/b> offre une capacit\u00e9 maximale de <b>1,5 kVA et 1500 W<\/b>, fournissant une puissance stable via sa <b>sortie AC type C13<\/b> et connect\u00e9 par un connecteur C14, avec un total de <b>8 sorties AC<\/b> permettant d\u2019alimenter plusieurs appareils simultan\u00e9ment. Sa batterie plomb-acide scell\u00e9e avec technologie <b>VRLA<\/b> garantit une autonomie typique de secours jusqu\u2019\u00e0 <b>5 minutes \u00e0 pleine charge<\/b> et <b>14 minutes \u00e0 moiti\u00e9 charge<\/b>, adapt\u00e9e pour assurer le temps n\u00e9cessaire \u00e0 un arr\u00eat correct ou \u00e0 la continuit\u00e9 op\u00e9rationnelle. Cet \u00e9quipement int\u00e8gre des fonctions avanc\u00e9es de contr\u00f4le et de surveillance via <b>USB 2.0<\/b> et <b>RS-232<\/b>, facilitant la gestion \u00e0 distance et le suivi de l\u2019\u00e9tat du SAI gr\u00e2ce \u00e0 son \u00e9cran <b>LCD<\/b>, qui affiche clairement les performances et alertes en temps r\u00e9el. Avec un format con\u00e7u pour un <b>montage en rack 2U ou en tour<\/b>, l\u2019Eaton 9PX1500IRT2U se distingue aussi par sa construction robuste de couleur noire, adapt\u00e9e aux environnements professionnels et centres de donn\u00e9es. De plus, il respecte les principales certifications internationales de s\u00e9curit\u00e9 et qualit\u00e9 telles que <b>IEC\/EN 62040-1, UL 1778, CSA 22.2, FCC Classe B et CE<\/b>, garantissant fiabilit\u00e9 et conformit\u00e9. Ses tensions de fonctionnement de <b>230 V et 240 V<\/b> \u00e9largissent sa compatibilit\u00e9 dans diverses r\u00e9gions, tandis que la technologie interactive du SAI contribue \u00e0 stabiliser les fluctuations \u00e9lectriques avant qu\u2019elles n\u2019affectent les appareils connect\u00e9s. En r\u00e9sum\u00e9, ce mod\u00e8le repr\u00e9sente une solution \u00e9quilibr\u00e9e et efficace pour la protection \u00e9nerg\u00e9tique dans les environnements professionnels exigeant continuit\u00e9 et s\u00e9curit\u00e9 d\u2019alimentation \u00e9lectrique.<\/p>\n<ul>\n<li>Technologie:\n<ul>\n<li>LCD<\/li>\n<li>VRLA<\/li>\n<\/ul>\n<\/li>\n<li>Largeur: 44 cm<\/li>\n<li>Produit \u00e0 brancher: Oui<\/li>\n<li>Type de prise: Prise EU<\/li>\n<li>Connexions:\n<ul>\n<li>RS-232<\/li>\n<li>USB 2.0<\/li>\n<li>C14 x 1<\/li>\n<li>AC x 8<\/li>\n<\/ul>\n<\/li>\n<li>Unit\u00e9s: 2 Unit\u00e9s<\/li>\n<li>Type:\n<ul>\n<li>Syst\u00e8me d&#8217;Alimentation Sans Interruption Interactif<\/li>\n<li>C13<\/li>\n<\/ul>\n<\/li>\n<li>Bloc d\u2019Alimentation: r\u00e9seau \u00e9lectrique<\/li>\n<li>Couleur: Noir<\/li>\n<li>Tension:\n<ul>\n<li>230 V<\/li>\n<li>240 V<\/li>\n<\/ul>\n<\/li>\n<li>Niveau sonore: 35 dB<\/li>\n<li>puissance: 1500 W<\/li>\n<li>Type de batterie: Litio Ion<\/li>\n<\/ul>","protected":false},"excerpt":{"rendered":"<p><span class=\"unit-info\">1018.4950 &euro; \/ 1 unit<\/span><\/p>","protected":false},"featured_media":20177,"comment_status":"open","ping_status":"closed","template":"","meta":[],"product_brand":[652],"product_cat":[65,581,603],"product_tag":[106],"class_list":{"0":"post-20178","1":"product","2":"type-product","3":"status-publish","4":"has-post-thumbnail","6":"product_brand-brandp_4815","7":"product_cat-informatique-electronique","8":"product_cat-informatique-peripheriques-et-consommables","9":"product_cat-ups","10":"product_tag-tag_1295","12":"first","13":"instock","14":"taxable","15":"shipping-taxable","16":"purchasable","17":"product-type-simple"},"_links":{"self":[{"href":"https:\/\/bigbuy.tupique.com\/en\/wp-json\/wp\/v2\/product\/20178","targetHints":{"allow":["GET"]}}],"collection":[{"href":"https:\/\/bigbuy.tupique.com\/en\/wp-json\/wp\/v2\/product"}],"about":[{"href":"https:\/\/bigbuy.tupique.com\/en\/wp-json\/wp\/v2\/types\/product"}],"replies":[{"embeddable":true,"href":"https:\/\/bigbuy.tupique.com\/en\/wp-json\/wp\/v2\/comments?post=20178"}],"wp:featuredmedia":[{"embeddable":true,"href":"https:\/\/bigbuy.tupique.com\/en\/wp-json\/wp\/v2\/media\/20177"}],"wp:attachment":[{"href":"https:\/\/bigbuy.tupique.com\/en\/wp-json\/wp\/v2\/media?parent=20178"}],"wp:term":[{"taxonomy":"product_brand","embeddable":true,"href":"https:\/\/bigbuy.tupique.com\/en\/wp-json\/wp\/v2\/product_brand?post=20178"},{"taxonomy":"product_cat","embeddable":true,"href":"https:\/\/bigbuy.tupique.com\/en\/wp-json\/wp\/v2\/product_cat?post=20178"},{"taxonomy":"product_tag","embeddable":true,"href":"https:\/\/bigbuy.tupique.com\/en\/wp-json\/wp\/v2\/product_tag?post=20178"}],"curies":[{"name":"wp","href":"https:\/\/api.w.org\/{rel}","templated":true}]}}