{"id":19970,"date":"2026-03-29T16:36:58","date_gmt":"2026-03-29T15:36:58","guid":{"rendered":"https:\/\/bigbuy.tupique.com\/produto\/superautomatic-coffee-maker-delonghi-1450-w-18-l\/"},"modified":"2026-05-11T20:02:50","modified_gmt":"2026-05-11T18:02:50","slug":"superautomatic-coffee-maker-delonghi-1450-w-18-l","status":"publish","type":"product","link":"https:\/\/bigbuy.tupique.com\/en\/produto\/superautomatic-coffee-maker-delonghi-1450-w-18-l\/","title":{"rendered":"Cafeti\u00e8re superautomatique DeLonghi 1450 W 1,8 L"},"content":{"rendered":"<p>Si vous recherchez des \u00e9lectrom\u00e9nagers pour votre maison aux meilleurs prix, ne manquez pas <b>Cafeti\u00e8re superautomatique DeLonghi 1450 W 1,8 L<\/b> et une large s\u00e9lection de petits \u00e9lectrom\u00e9nagers de qualit\u00e9 !<\/p>\n<p>La <b>cafeti\u00e8re super-automatique<\/b> DeLonghi en couleur <b>blanche<\/b> offre une combinaison optimale de fonctionnalit\u00e9 et de design moderne, id\u00e9ale pour ceux qui recherchent qualit\u00e9 et praticit\u00e9 dans la pr\u00e9paration du caf\u00e9 \u00e0 domicile. L\u2019appareil dispose d\u2019une <b>pression de 15 bars<\/b>, un crit\u00e8re essentiel pour obtenir un espresso avec une cr\u00e8me dense et un go\u00fbt intense, comparable \u00e0 celui d\u2019un caf\u00e9 professionnel. Son <b>r\u00e9servoir d\u2019eau de 1,8 litre<\/b> assure une autonomie suffisante pour plusieurs pr\u00e9parations cons\u00e9cutives, \u00e9vitant les recharges fr\u00e9quentes et permettant une utilisation dans des environnements domestiques \u00e0 forte consommation. La cafeti\u00e8re int\u00e8gre un <b>moulin int\u00e9gr\u00e9<\/b> d\u2019une capacit\u00e9 de <b>250 grammes de grains de caf\u00e9<\/b>, facilitant la s\u00e9lection personnalis\u00e9e de la mouture et garantissant la fra\u00eecheur \u00e0 chaque tasse. Gr\u00e2ce \u00e0 ses <b>1450 W de puissance<\/b>, le chauffage est rapide et efficace, r\u00e9duisant le temps d\u2019attente et assurant une temp\u00e9rature constante, essentielle pour extraire tous les ar\u00f4mes du caf\u00e9. Son design compact, d\u2019environ <b>40 cm<\/b> de hauteur, permet une int\u00e9gration facile dans des cuisines de diff\u00e9rentes tailles sans compromettre l\u2019espace disponible. L\u2019interface intuitive simplifie la s\u00e9lection et la personnalisation des boissons, convenant aussi bien aux amateurs qu\u2019aux utilisateurs exp\u00e9riment\u00e9s. Avec un design soign\u00e9 et des standards \u00e9lev\u00e9s de performance, cette cafeti\u00e8re super-automatique DeLonghi se pr\u00e9sente comme une solution compl\u00e8te pour savourer des sp\u00e9cialit\u00e9s caf\u00e9 avec confort et r\u00e9sultats constants.<\/p>\n<ul>\n<li>Type: Cafeti\u00e8re superautomatique<\/li>\n<li>puissance: 1450 W<\/li>\n<li>Capacit\u00e9:\n<ul>\n<li>1,8 L<\/li>\n<li>250 g<\/li>\n<\/ul>\n<\/li>\n<li>Couleur: Blanc<\/li>\n<li>Produit \u00e0 brancher: Oui<\/li>\n<li>Bloc d\u2019Alimentation: r\u00e9seau \u00e9lectrique<\/li>\n<li>Largeur: 29 cm<\/li>\n<li>\u00c9lev\u00e9: 40 cm<\/li>\n<li>Long: 49 cm<\/li>\n<li>Pression: 15 bar<\/li>\n<\/ul>","protected":false},"excerpt":{"rendered":"<p>Si vous recherchez des \u00e9lectrom\u00e9nagers pour votre maison aux meilleurs prix, ne manquez pas Cafeti\u00e8re superautomatique DeLonghi 1450 W 1,8 L et une large s\u00e9lection de petits \u00e9lectrom\u00e9nagers de qualit\u00e9 ! La cafeti\u00e8re super-automatique DeLonghi en couleur blanche offre une combinaison optimale de fonctionnalit\u00e9 et de design moderne, id\u00e9ale pour ceux qui recherchent qualit\u00e9 et [&hellip;]<\/p>\n","protected":false},"featured_media":19966,"comment_status":"open","ping_status":"closed","template":"","meta":[],"product_brand":[299],"product_cat":[725,60,77],"product_tag":[59,56],"class_list":{"0":"post-19970","1":"product","2":"type-product","3":"status-publish","4":"has-post-thumbnail","6":"product_brand-brandp_5487","7":"product_cat-cafetieres","8":"product_cat-cuisine-gourmet","9":"product_cat-petit-electromenager","10":"product_tag-tag_1304","11":"product_tag-tag_930","13":"first","14":"instock","15":"taxable","16":"shipping-taxable","17":"purchasable","18":"product-type-simple"},"_links":{"self":[{"href":"https:\/\/bigbuy.tupique.com\/en\/wp-json\/wp\/v2\/product\/19970","targetHints":{"allow":["GET"]}}],"collection":[{"href":"https:\/\/bigbuy.tupique.com\/en\/wp-json\/wp\/v2\/product"}],"about":[{"href":"https:\/\/bigbuy.tupique.com\/en\/wp-json\/wp\/v2\/types\/product"}],"replies":[{"embeddable":true,"href":"https:\/\/bigbuy.tupique.com\/en\/wp-json\/wp\/v2\/comments?post=19970"}],"wp:featuredmedia":[{"embeddable":true,"href":"https:\/\/bigbuy.tupique.com\/en\/wp-json\/wp\/v2\/media\/19966"}],"wp:attachment":[{"href":"https:\/\/bigbuy.tupique.com\/en\/wp-json\/wp\/v2\/media?parent=19970"}],"wp:term":[{"taxonomy":"product_brand","embeddable":true,"href":"https:\/\/bigbuy.tupique.com\/en\/wp-json\/wp\/v2\/product_brand?post=19970"},{"taxonomy":"product_cat","embeddable":true,"href":"https:\/\/bigbuy.tupique.com\/en\/wp-json\/wp\/v2\/product_cat?post=19970"},{"taxonomy":"product_tag","embeddable":true,"href":"https:\/\/bigbuy.tupique.com\/en\/wp-json\/wp\/v2\/product_tag?post=19970"}],"curies":[{"name":"wp","href":"https:\/\/api.w.org\/{rel}","templated":true}]}}