{"id":19965,"date":"2026-03-29T16:36:52","date_gmt":"2026-03-29T15:36:52","guid":{"rendered":"https:\/\/bigbuy.tupique.com\/produto\/router-zyxel-fwa-510-eu0102f\/"},"modified":"2026-04-15T01:27:31","modified_gmt":"2026-04-15T00:27:31","slug":"router-zyxel-fwa-510-eu0102f","status":"publish","type":"product","link":"https:\/\/bigbuy.tupique.com\/en\/produto\/router-zyxel-fwa-510-eu0102f\/","title":{"rendered":"Router ZyXEL FWA-510-EU0102F"},"content":{"rendered":"<p>Si vous \u00eates passionn\u00e9 d&#8217;<b>informatique et d&#8217;\u00e9lectronique<\/b>, si vous \u00eates \u00e0 la pointe de la technologie et qu&#8217;aucun d\u00e9tail ne vous \u00e9chappe, achetez <b>Router ZyXEL FWA-510-EU0102F<\/b> au meilleur prix.<\/p>\n<p>Le <b>routeur ZyXEL FWA-510-EU0102F<\/b> est un appareil con\u00e7u pour offrir une connectivit\u00e9 fiable et polyvalente dans les environnements domestiques ou les petits bureaux. Il int\u00e8gre des technologies avanc\u00e9es de communication sans fil, incluant la prise en charge du <b>Wi-Fi 5 GHz<\/b> et du <b>Wi-Fi 6 GHz<\/b>, garantissant une exp\u00e9rience r\u00e9seau rapide et stable, permettant la connexion simultan\u00e9e de plusieurs appareils avec une vitesse accrue et moins d\u2019interf\u00e9rences. De plus, il dispose de ports <b>Ethernet LAN<\/b> pour des connexions filaires s\u00e9curis\u00e9es et optimales, id\u00e9ales pour les \u00e9quipements n\u00e9cessitant un lien direct \u00e0 faible latence. L\u2019appareil est disponible en deux couleurs, <b>blanc<\/b> et <b>noir<\/b>, facilitant son int\u00e9gration esth\u00e9tique dans diff\u00e9rents environnements. Il comprend un <b>interrupteur marche\/arr\u00eat<\/b> pour une utilisation simple et une \u00e9conomie d\u2019\u00e9nergie, et est livr\u00e9 avec un <b>guide d\u2019installation<\/b> qui simplifie sa configuration initiale. Fabriqu\u00e9 en <b>Chine<\/b>, ce mod\u00e8le b\u00e9n\u00e9ficie d\u2019une garantie qui assure la qualit\u00e9 et la fiabilit\u00e9 du produit. En r\u00e9sum\u00e9, le ZyXEL FWA-510-EU0102F allie facilit\u00e9 d\u2019usage et support des normes sans fil les plus r\u00e9centes, constituant une solution compl\u00e8te et efficace pour ceux qui recherchent un routeur robuste et adaptable \u00e0 divers besoins de connectivit\u00e9.<\/p>\n<ul>\n<li>Couleur:\n<ul>\n<li>Blanc<\/li>\n<li>Noir<\/li>\n<\/ul>\n<\/li>\n<li>Connectivit\u00e9:\n<ul>\n<li>Wi-Fi 4<\/li>\n<li>Wi-Fi 5 GHz<\/li>\n<li>Wi-Fi 6 GHz<\/li>\n<li>Wi-Fi<\/li>\n<li>Ethernet LAN<\/li>\n<\/ul>\n<\/li>\n<li>Inclut:\n<ul>\n<li>Manuel de l&#8217;utilisateur<\/li>\n<li>LAN (RJ-45)<\/li>\n<li>C\u00e2ble Ethernet LAN<\/li>\n<li>C\u00e2ble RJ45<\/li>\n<\/ul>\n<\/li>\n<li>Bloc d\u2019Alimentation:\n<ul>\n<li>CC<\/li>\n<li>r\u00e9seau \u00e9lectrique<\/li>\n<li>DC<\/li>\n<\/ul>\n<\/li>\n<li>Certificat: RoHS<\/li>\n<li>Connexions:\n<ul>\n<li>RJ45<\/li>\n<li>Ethernet LAN<\/li>\n<li>2<\/li>\n<li>USB<\/li>\n<li>USB 3.2<\/li>\n<\/ul>\n<\/li>\n<li>\u00c9lev\u00e9: 23 cm<\/li>\n<li>Poids approx.: 1,01 kg<\/li>\n<li>Produit \u00e0 brancher: Oui<\/li>\n<li>Type de prise: Prise EU<\/li>\n<li>Caract\u00e9ristiques:\n<ul>\n<li>Interrupteur marche\/arr\u00eat<\/li>\n<li>Garantie<\/li>\n<li>Guide d&#8217;installation inclus<\/li>\n<li>Bouton de r\u00e9initialisation<\/li>\n<\/ul>\n<\/li>\n<li>Mode d&#8217;\u00e9clairage: T\u00e9moin<\/li>\n<li>Syst\u00e8me d&#8217;exploitation: RouterOS<\/li>\n<li>Bande: 2,4 GHz &#8211; 5 GHz<\/li>\n<li>Non Inclus: Adaptateur AC<\/li>\n<li>Fr\u00e9quence: 5 GHz<\/li>\n<li>Poids: 1,8 kg<\/li>\n<li>Plage d&#8217;humidit\u00e9 de travail: 10 % &#8211; 90 %<\/li>\n<li>Type: Router<\/li>\n<li>vitesse: 10\/100\/1000\/2500 Mbps<\/li>\n<\/ul>","protected":false},"excerpt":{"rendered":"<p>Si vous \u00eates passionn\u00e9 d&#8217;informatique et d&#8217;\u00e9lectronique, si vous \u00eates \u00e0 la pointe de la technologie et qu&#8217;aucun d\u00e9tail ne vous \u00e9chappe, achetez Router ZyXEL FWA-510-EU0102F au meilleur prix. Le routeur ZyXEL FWA-510-EU0102F est un appareil con\u00e7u pour offrir une connectivit\u00e9 fiable et polyvalente dans les environnements domestiques ou les petits bureaux. Il int\u00e8gre des [&hellip;]<\/p>\n","protected":false},"featured_media":19961,"comment_status":"open","ping_status":"closed","template":"","meta":[],"product_brand":[648],"product_cat":[65,584,612],"product_tag":[104,106],"class_list":{"0":"post-19965","1":"product","2":"type-product","3":"status-publish","4":"has-post-thumbnail","6":"product_brand-brandp_669","7":"product_cat-informatique-electronique","8":"product_cat-informatique-reseaux-et-composants","9":"product_cat-routeurs-et-modems","10":"product_tag-tag_1279","11":"product_tag-tag_1295","13":"first","14":"instock","15":"taxable","16":"shipping-taxable","17":"purchasable","18":"product-type-simple"},"_links":{"self":[{"href":"https:\/\/bigbuy.tupique.com\/en\/wp-json\/wp\/v2\/product\/19965","targetHints":{"allow":["GET"]}}],"collection":[{"href":"https:\/\/bigbuy.tupique.com\/en\/wp-json\/wp\/v2\/product"}],"about":[{"href":"https:\/\/bigbuy.tupique.com\/en\/wp-json\/wp\/v2\/types\/product"}],"replies":[{"embeddable":true,"href":"https:\/\/bigbuy.tupique.com\/en\/wp-json\/wp\/v2\/comments?post=19965"}],"wp:featuredmedia":[{"embeddable":true,"href":"https:\/\/bigbuy.tupique.com\/en\/wp-json\/wp\/v2\/media\/19961"}],"wp:attachment":[{"href":"https:\/\/bigbuy.tupique.com\/en\/wp-json\/wp\/v2\/media?parent=19965"}],"wp:term":[{"taxonomy":"product_brand","embeddable":true,"href":"https:\/\/bigbuy.tupique.com\/en\/wp-json\/wp\/v2\/product_brand?post=19965"},{"taxonomy":"product_cat","embeddable":true,"href":"https:\/\/bigbuy.tupique.com\/en\/wp-json\/wp\/v2\/product_cat?post=19965"},{"taxonomy":"product_tag","embeddable":true,"href":"https:\/\/bigbuy.tupique.com\/en\/wp-json\/wp\/v2\/product_tag?post=19965"}],"curies":[{"name":"wp","href":"https:\/\/api.w.org\/{rel}","templated":true}]}}