{"id":19960,"date":"2026-03-29T16:36:46","date_gmt":"2026-03-29T15:36:46","guid":{"rendered":"https:\/\/bigbuy.tupique.com\/produto\/gps-locator-tomtom-go-expert-plus\/"},"modified":"2026-04-16T21:43:36","modified_gmt":"2026-04-16T20:43:36","slug":"gps-locator-tomtom-go-expert-plus","status":"publish","type":"product","link":"https:\/\/bigbuy.tupique.com\/en\/produto\/gps-locator-tomtom-go-expert-plus\/","title":{"rendered":"Localisateur GPS TomTom GO Expert Plus"},"content":{"rendered":"<p>\u00c9quipez votre v\u00e9hicule avec les derni\u00e8res nouveaut\u00e9s du secteur ! Achetez <b>Localisateur GPS TomTom GO Expert Plus<\/b> et aucun d\u00e9tail ne vous \u00e9chappera!<\/p>\n<p>Le <b>GPS navigateur<\/b> TomTom 1YD6.002.20 est une solution avanc\u00e9e pour les conducteurs exigeant pr\u00e9cision et connectivit\u00e9 sur la route. Cet appareil, pr\u00e9sent\u00e9 dans une \u00e9l\u00e9gante <b>couleur noire<\/b>, dispose d\u2019un <b>\u00e9cran tactile HD de 6 pouces<\/b> (15,2 cm) avec une <b>r\u00e9solution \u00e9lev\u00e9e de 1280 x 720 pixels<\/b>, offrant une visualisation claire des cartes et des indications essentielles lors de la conduite. Il est \u00e9quip\u00e9 des technologies <b>Bluetooth<\/b> et <b>Wi-Fi<\/b>, permettant la mise \u00e0 jour des cartes, la synchronisation des informations de trafic en temps r\u00e9el et la connectivit\u00e9 mains libres, am\u00e9liorant ainsi la s\u00e9curit\u00e9 et le confort \u00e0 chaque trajet. Il propose <b>32 Go de stockage interne<\/b> et <b>2 Go de RAM<\/b>, assurant la fluidit\u00e9 n\u00e9cessaire pour ex\u00e9cuter des applications et stocker de nombreux fichiers cartographiques sans contrainte. La navigation s\u2019adapte aux pr\u00e9f\u00e9rences de l\u2019utilisateur gr\u00e2ce aux <b>modes d\u2019affichage 2D et 3D<\/b>, et la large couverture cartographique inclut de nombreux pays en Europe ainsi que d\u2019autres r\u00e9gions cl\u00e9s du monde, en faisant un outil optimal pour les voyageurs fr\u00e9quents et les professionnels du transport. Son format fixe et son alimentation par <b>secteur<\/b> garantissent une installation stable et un fonctionnement continu lors de longs trajets. Solide et dot\u00e9 d\u2019un support multilingue, ce mod\u00e8le associe technologie de pointe et fonctionnalit\u00e9 intuitive pour offrir une exp\u00e9rience de navigation compl\u00e8te et efficace. Ainsi, le TomTom 1YD6.002.20 s\u2019impose comme un choix fiable et sophistiqu\u00e9 pour ceux qui recherchent pr\u00e9cision, simplicit\u00e9 et connectivit\u00e9 sur la route.<\/p>\n<ul>\n<li>Pays \/ r\u00e9gion de fabrication: Chine<\/li>\n<li>R\u00e9solution: HD<\/li>\n<li>Diagonale de l&#8217;\u00e9cran (cm): 15,2 cm<\/li>\n<\/ul>","protected":false},"excerpt":{"rendered":"<p>\u00c9quipez votre v\u00e9hicule avec les derni\u00e8res nouveaut\u00e9s du secteur ! Achetez Localisateur GPS TomTom GO Expert Plus et aucun d\u00e9tail ne vous \u00e9chappera! Le GPS navigateur TomTom 1YD6.002.20 est une solution avanc\u00e9e pour les conducteurs exigeant pr\u00e9cision et connectivit\u00e9 sur la route. Cet appareil, pr\u00e9sent\u00e9 dans une \u00e9l\u00e9gante couleur noire, dispose d\u2019un \u00e9cran tactile HD [&hellip;]<\/p>\n","protected":false},"featured_media":159629,"comment_status":"open","ping_status":"closed","template":"","meta":[],"product_brand":[671],"product_cat":[623,65,624],"product_tag":[59,164],"class_list":{"0":"post-19960","1":"product","2":"type-product","3":"status-publish","4":"has-post-thumbnail","6":"product_brand-brandp_582","7":"product_cat-electronique-gps-et-automobile","8":"product_cat-informatique-electronique","9":"product_cat-navigateurs-gps","10":"product_tag-tag_1304","11":"product_tag-tag_152","13":"first","14":"instock","15":"taxable","16":"shipping-taxable","17":"purchasable","18":"product-type-simple"},"_links":{"self":[{"href":"https:\/\/bigbuy.tupique.com\/en\/wp-json\/wp\/v2\/product\/19960","targetHints":{"allow":["GET"]}}],"collection":[{"href":"https:\/\/bigbuy.tupique.com\/en\/wp-json\/wp\/v2\/product"}],"about":[{"href":"https:\/\/bigbuy.tupique.com\/en\/wp-json\/wp\/v2\/types\/product"}],"replies":[{"embeddable":true,"href":"https:\/\/bigbuy.tupique.com\/en\/wp-json\/wp\/v2\/comments?post=19960"}],"wp:featuredmedia":[{"embeddable":true,"href":"https:\/\/bigbuy.tupique.com\/en\/wp-json\/wp\/v2\/media\/159629"}],"wp:attachment":[{"href":"https:\/\/bigbuy.tupique.com\/en\/wp-json\/wp\/v2\/media?parent=19960"}],"wp:term":[{"taxonomy":"product_brand","embeddable":true,"href":"https:\/\/bigbuy.tupique.com\/en\/wp-json\/wp\/v2\/product_brand?post=19960"},{"taxonomy":"product_cat","embeddable":true,"href":"https:\/\/bigbuy.tupique.com\/en\/wp-json\/wp\/v2\/product_cat?post=19960"},{"taxonomy":"product_tag","embeddable":true,"href":"https:\/\/bigbuy.tupique.com\/en\/wp-json\/wp\/v2\/product_tag?post=19960"}],"curies":[{"name":"wp","href":"https:\/\/api.w.org\/{rel}","templated":true}]}}