{"id":19899,"date":"2026-03-29T16:35:20","date_gmt":"2026-03-29T15:35:20","guid":{"rendered":"https:\/\/bigbuy.tupique.com\/produto\/lawn-mowing-robot-bosch-indo-s-500-30-50-mm-500-m-19-cm\/"},"modified":"2026-04-16T16:37:33","modified_gmt":"2026-04-16T15:37:33","slug":"lawn-mowing-robot-bosch-indo-s-500-30-50-mm-500-m-19-cm","status":"publish","type":"product","link":"https:\/\/bigbuy.tupique.com\/en\/produto\/lawn-mowing-robot-bosch-indo-s-500-30-50-mm-500-m-19-cm\/","title":{"rendered":"Robot tondeuse BOSCH Indo S+ 500 30-50 mm 500 m 19 cm"},"content":{"rendered":"<p>Si vous aimez prendre soin de chaque d\u00e9tail de votre maison et d&#8217;\u00eatre \u00e0 la derni\u00e8re mode en mati\u00e8re de produits qui vous rendront la vie plus facile, achetez <b>Robot tondeuse BOSCH Indo S+ 500 30-50 mm 500 m 19 cm<\/b> au meilleur prix.<\/p>\n<p>Le <b>robot tondeuse Indego S+ 500<\/b> de <b>BOSCH<\/b> est une solution avanc\u00e9e pour l\u2019entretien automatique des jardins, con\u00e7u pour offrir un soin efficace et pr\u00e9cis de la pelouse sans intervention continue. Ce <b>robot tondeuse<\/b> se distingue par sa technologie <b>GPS<\/b>, qui permet de cartographier et planifier des coupes syst\u00e9matiques et optimis\u00e9es, s\u2019adaptant \u00e0 la configuration sp\u00e9cifique de chaque jardin et \u00e9vitant les r\u00e9p\u00e9titions ou zones non couvertes. Son <b>alimentation par batterie 18 V<\/b> assure une autonomie suffisante pour des travaux prolong\u00e9s, tandis que son poids l\u00e9ger de <b>8 kg<\/b> facilite une mobilit\u00e9 fluide et une manipulation ais\u00e9e. L\u2019appareil est fini dans une teinte <b>verte<\/b>, adapt\u00e9e \u00e0 son usage ext\u00e9rieur, et a \u00e9t\u00e9 con\u00e7u selon les hauts standards de qualit\u00e9 de Bosch, reconnue pour son innovation technologique et sa fiabilit\u00e9. L\u2019Indego S+ 500 allie fonctionnalit\u00e9 et praticit\u00e9, garantissant une coupe uniforme et d\u00e9licate respectant l\u2019int\u00e9grit\u00e9 de la pelouse. Gr\u00e2ce \u00e0 son fonctionnement silencieux et efficace, ce robot est id\u00e9al pour les jardins domestiques de taille moyenne ainsi que pour les utilisateurs souhaitant automatiser l\u2019entretien r\u00e9gulier de leur espace vert avec un produit compact et technologiquement avanc\u00e9. En r\u00e9sum\u00e9, le robot Indego S+ 500 repr\u00e9sente un \u00e9quilibre entre autonomie, technologie et confort pour ceux qui d\u00e9sirent une pelouse toujours soign\u00e9e sans y consacrer temps ni effort direct.<\/p>\n<ul>\n<li>Produit \u00e0 brancher: Oui<\/li>\n<li>Type de prise: Prise EU<\/li>\n<li>Temps de charge approx.: 1 heure<\/li>\n<li>Type:\n<ul>\n<li>Robot tondeuse<\/li>\n<li>Rotative<\/li>\n<\/ul>\n<\/li>\n<li>Inclut:\n<ul>\n<li>Accessoires<\/li>\n<li>Base de charge<\/li>\n<\/ul>\n<\/li>\n<li>Caract\u00e9ristiques: GPS<\/li>\n<li>Utilisation recommand\u00e9e:\n<ul>\n<li>Pelouse<\/li>\n<li>500 M\u00b2<\/li>\n<\/ul>\n<\/li>\n<li>Hauteur r\u00e9glable: 30-50 mm<\/li>\n<li>Bloc d\u2019Alimentation:\n<ul>\n<li>r\u00e9seau \u00e9lectrique<\/li>\n<li>Batterie<\/li>\n<\/ul>\n<\/li>\n<li>Tension: 18 V<\/li>\n<li>Taille de coupe: 19 cm<\/li>\n<li>Positions: 3 Positions<\/li>\n<li>Type de batterie: Litio Ion<\/li>\n<li>Port\u00e9e: 500 m<\/li>\n<li>Inclinaison: 27\u00ba<\/li>\n<\/ul>","protected":false},"excerpt":{"rendered":"<p>Si vous aimez prendre soin de chaque d\u00e9tail de votre maison et d&#8217;\u00eatre \u00e0 la derni\u00e8re mode en mati\u00e8re de produits qui vous rendront la vie plus facile, achetez Robot tondeuse BOSCH Indo S+ 500 30-50 mm 500 m 19 cm au meilleur prix. Le robot tondeuse Indego S+ 500 de BOSCH est une solution [&hellip;]<\/p>\n","protected":false},"featured_media":19888,"comment_status":"open","ping_status":"closed","template":"","meta":[],"product_brand":[162],"product_cat":[613,239],"product_tag":[59,210],"class_list":{"0":"post-19899","1":"product","2":"type-product","3":"status-publish","4":"has-post-thumbnail","6":"product_brand-brandp_959","7":"product_cat-bricolage-et-materiel","8":"product_cat-maison-jardin","9":"product_tag-tag_1304","10":"product_tag-tag_25","12":"first","13":"instock","14":"taxable","15":"shipping-taxable","16":"purchasable","17":"product-type-simple"},"_links":{"self":[{"href":"https:\/\/bigbuy.tupique.com\/en\/wp-json\/wp\/v2\/product\/19899","targetHints":{"allow":["GET"]}}],"collection":[{"href":"https:\/\/bigbuy.tupique.com\/en\/wp-json\/wp\/v2\/product"}],"about":[{"href":"https:\/\/bigbuy.tupique.com\/en\/wp-json\/wp\/v2\/types\/product"}],"replies":[{"embeddable":true,"href":"https:\/\/bigbuy.tupique.com\/en\/wp-json\/wp\/v2\/comments?post=19899"}],"wp:featuredmedia":[{"embeddable":true,"href":"https:\/\/bigbuy.tupique.com\/en\/wp-json\/wp\/v2\/media\/19888"}],"wp:attachment":[{"href":"https:\/\/bigbuy.tupique.com\/en\/wp-json\/wp\/v2\/media?parent=19899"}],"wp:term":[{"taxonomy":"product_brand","embeddable":true,"href":"https:\/\/bigbuy.tupique.com\/en\/wp-json\/wp\/v2\/product_brand?post=19899"},{"taxonomy":"product_cat","embeddable":true,"href":"https:\/\/bigbuy.tupique.com\/en\/wp-json\/wp\/v2\/product_cat?post=19899"},{"taxonomy":"product_tag","embeddable":true,"href":"https:\/\/bigbuy.tupique.com\/en\/wp-json\/wp\/v2\/product_tag?post=19899"}],"curies":[{"name":"wp","href":"https:\/\/api.w.org\/{rel}","templated":true}]}}