{"id":19730,"date":"2026-03-29T16:31:21","date_gmt":"2026-03-29T15:31:21","guid":{"rendered":"https:\/\/bigbuy.tupique.com\/produto\/barcode-reader-socket-mobile-s740\/"},"modified":"2026-04-15T14:29:25","modified_gmt":"2026-04-15T13:29:25","slug":"barcode-reader-socket-mobile-s740","status":"publish","type":"product","link":"https:\/\/bigbuy.tupique.com\/en\/produto\/barcode-reader-socket-mobile-s740\/","title":{"rendered":"Lecteur de Codes Barres Socket Mobile S740"},"content":{"rendered":"<p>Si vous \u00eates passionn\u00e9 d&#8217;<b>informatique et d&#8217;\u00e9lectronique<\/b>, si vous \u00eates \u00e0 la pointe de la technologie et qu&#8217;aucun d\u00e9tail ne vous \u00e9chappe, achetez <b>Lecteur de Codes Barres Socket Mobile S740<\/b> au meilleur prix.<\/p>\n<ul>\n<li>Type:\n<ul>\n<li>2D<\/li>\n<li>Sans fil<\/li>\n<li>Lecteur de Codes Barres<\/li>\n<\/ul>\n<\/li>\n<li>Couleur: Bleu<\/li>\n<li>Connectivit\u00e9: Bluetooth<\/li>\n<li>Capacit\u00e9 de la batterie: 2000 mAh<\/li>\n<li>Capteur: LED<\/li>\n<\/ul>","protected":false},"excerpt":{"rendered":"<p>Si vous \u00eates passionn\u00e9 d&#8217;informatique et d&#8217;\u00e9lectronique, si vous \u00eates \u00e0 la pointe de la technologie et qu&#8217;aucun d\u00e9tail ne vous \u00e9chappe, achetez Lecteur de Codes Barres Socket Mobile S740 au meilleur prix. Type: 2D Sans fil Lecteur de Codes Barres Couleur: Bleu Connectivit\u00e9: Bluetooth Capacit\u00e9 de la batterie: 2000 mAh Capteur: LED<\/p>","protected":false},"featured_media":183288,"comment_status":"open","ping_status":"closed","template":"","meta":[],"product_brand":[981],"product_cat":[65,584,625],"product_tag":[210],"class_list":{"0":"post-19730","1":"product","2":"type-product","3":"status-publish","4":"has-post-thumbnail","6":"product_brand-brandp_8666","7":"product_cat-informatique-electronique","8":"product_cat-informatique-reseaux-et-composants","9":"product_cat-multilecteurs","10":"product_tag-tag_25","12":"first","13":"instock","14":"taxable","15":"shipping-taxable","16":"purchasable","17":"product-type-simple"},"_links":{"self":[{"href":"https:\/\/bigbuy.tupique.com\/en\/wp-json\/wp\/v2\/product\/19730","targetHints":{"allow":["GET"]}}],"collection":[{"href":"https:\/\/bigbuy.tupique.com\/en\/wp-json\/wp\/v2\/product"}],"about":[{"href":"https:\/\/bigbuy.tupique.com\/en\/wp-json\/wp\/v2\/types\/product"}],"replies":[{"embeddable":true,"href":"https:\/\/bigbuy.tupique.com\/en\/wp-json\/wp\/v2\/comments?post=19730"}],"wp:featuredmedia":[{"embeddable":true,"href":"https:\/\/bigbuy.tupique.com\/en\/wp-json\/wp\/v2\/media\/183288"}],"wp:attachment":[{"href":"https:\/\/bigbuy.tupique.com\/en\/wp-json\/wp\/v2\/media?parent=19730"}],"wp:term":[{"taxonomy":"product_brand","embeddable":true,"href":"https:\/\/bigbuy.tupique.com\/en\/wp-json\/wp\/v2\/product_brand?post=19730"},{"taxonomy":"product_cat","embeddable":true,"href":"https:\/\/bigbuy.tupique.com\/en\/wp-json\/wp\/v2\/product_cat?post=19730"},{"taxonomy":"product_tag","embeddable":true,"href":"https:\/\/bigbuy.tupique.com\/en\/wp-json\/wp\/v2\/product_tag?post=19730"}],"curies":[{"name":"wp","href":"https:\/\/api.w.org\/{rel}","templated":true}]}}