{"id":19705,"date":"2026-03-29T16:30:46","date_gmt":"2026-03-29T15:30:46","guid":{"rendered":"https:\/\/bigbuy.tupique.com\/produto\/processor-intel-bx8071514900f-lga-1700\/"},"modified":"2026-05-11T19:59:39","modified_gmt":"2026-05-11T17:59:39","slug":"processor-intel-bx8071514900f-lga-1700","status":"publish","type":"product","link":"https:\/\/bigbuy.tupique.com\/en\/produto\/processor-intel-bx8071514900f-lga-1700\/","title":{"rendered":"Processeur Intel BX8071514900F LGA 1700"},"content":{"rendered":"<p>Si vous \u00eates passionn\u00e9 d&#8217;<b>informatique et d&#8217;\u00e9lectronique<\/b>, si vous \u00eates \u00e0 la pointe de la technologie et qu&#8217;aucun d\u00e9tail ne vous \u00e9chappe, achetez <b>Processeur Intel BX8071514900F LGA 1700<\/b> au meilleur prix.<\/p>\n<ul>\n<li>Compatible: Intel\u00ae Turbo Boost Technology 2.0<\/li>\n<li>Exigences: 64 bits<\/li>\n<li>Technologie:\n<ul>\n<li>VT-d<\/li>\n<li>VT-x<\/li>\n<\/ul>\n<\/li>\n<li>Non inclut: Adaptateur graphique discret<\/li>\n<li>PCI Express: X20<\/li>\n<li>Noyaux:\n<ul>\n<li>8 Noyaux<\/li>\n<li>16 Noyaux<\/li>\n<li>24 Noyaux<\/li>\n<\/ul>\n<\/li>\n<li>Socket: LGA 1700<\/li>\n<li>Famille de processeurs: Intel<\/li>\n<\/ul>","protected":false},"excerpt":{"rendered":"<p>Si vous \u00eates passionn\u00e9 d&#8217;informatique et d&#8217;\u00e9lectronique, si vous \u00eates \u00e0 la pointe de la technologie et qu&#8217;aucun d\u00e9tail ne vous \u00e9chappe, achetez Processeur Intel BX8071514900F LGA 1700 au meilleur prix. Compatible: Intel\u00ae Turbo Boost Technology 2.0 Exigences: 64 bits Technologie: VT-d VT-x Non inclut: Adaptateur graphique discret PCI Express: X20 Noyaux: 8 Noyaux 16 [&hellip;]<\/p>\n","protected":false},"featured_media":19704,"comment_status":"open","ping_status":"closed","template":"","meta":[],"product_brand":[982],"product_cat":[65,584,743],"product_tag":[106],"class_list":{"0":"post-19705","1":"product","2":"type-product","3":"status-publish","4":"has-post-thumbnail","6":"product_brand-brandp_555","7":"product_cat-informatique-electronique","8":"product_cat-informatique-reseaux-et-composants","9":"product_cat-processeurs","10":"product_tag-tag_1295","12":"first","13":"instock","14":"taxable","15":"shipping-taxable","16":"purchasable","17":"product-type-simple"},"_links":{"self":[{"href":"https:\/\/bigbuy.tupique.com\/en\/wp-json\/wp\/v2\/product\/19705","targetHints":{"allow":["GET"]}}],"collection":[{"href":"https:\/\/bigbuy.tupique.com\/en\/wp-json\/wp\/v2\/product"}],"about":[{"href":"https:\/\/bigbuy.tupique.com\/en\/wp-json\/wp\/v2\/types\/product"}],"replies":[{"embeddable":true,"href":"https:\/\/bigbuy.tupique.com\/en\/wp-json\/wp\/v2\/comments?post=19705"}],"wp:featuredmedia":[{"embeddable":true,"href":"https:\/\/bigbuy.tupique.com\/en\/wp-json\/wp\/v2\/media\/19704"}],"wp:attachment":[{"href":"https:\/\/bigbuy.tupique.com\/en\/wp-json\/wp\/v2\/media?parent=19705"}],"wp:term":[{"taxonomy":"product_brand","embeddable":true,"href":"https:\/\/bigbuy.tupique.com\/en\/wp-json\/wp\/v2\/product_brand?post=19705"},{"taxonomy":"product_cat","embeddable":true,"href":"https:\/\/bigbuy.tupique.com\/en\/wp-json\/wp\/v2\/product_cat?post=19705"},{"taxonomy":"product_tag","embeddable":true,"href":"https:\/\/bigbuy.tupique.com\/en\/wp-json\/wp\/v2\/product_tag?post=19705"}],"curies":[{"name":"wp","href":"https:\/\/api.w.org\/{rel}","templated":true}]}}