{"id":195917,"date":"2026-04-17T00:48:42","date_gmt":"2026-04-16T23:48:42","guid":{"rendered":"https:\/\/bigbuy.tupique.com\/produto\/bouteille-pulverisatrice-philips-noir-plastique\/"},"modified":"2026-04-17T00:48:42","modified_gmt":"2026-04-16T23:48:42","slug":"bouteille-pulverisatrice-philips-noir-plastique","status":"publish","type":"product","link":"https:\/\/bigbuy.tupique.com\/en\/produto\/bouteille-pulverisatrice-philips-noir-plastique\/","title":{"rendered":"Bouteille Pulv\u00e9risatrice Philips Noir Plastique"},"content":{"rendered":"<p>Si vous \u00eates \u00e0 la recherche de nouvelles tendances sur le march\u00e9, nous vous pr\u00e9sentons <b>Bouteille Pulv\u00e9risatrice Philips Noir Plastique<\/b> !<\/p>\n<ul>\n<li>Type: Bouteille Pulv\u00e9risatrice<\/li>\n<li>Couleur: Noir<\/li>\n<li>Mati\u00e8re: Plastique<\/li>\n<\/ul>","protected":false},"excerpt":{"rendered":"<p>Si vous \u00eates \u00e0 la recherche de nouvelles tendances sur le march\u00e9, nous vous pr\u00e9sentons Bouteille Pulv\u00e9risatrice Philips Noir Plastique ! Type: Bouteille Pulv\u00e9risatrice Couleur: Noir Mati\u00e8re: Plastique<\/p>","protected":false},"featured_media":195907,"comment_status":"open","ping_status":"closed","template":"","meta":[],"product_brand":[315],"product_cat":[1805,1378,769],"product_tag":[722,164],"class_list":{"0":"post-195917","1":"product","2":"type-product","3":"status-publish","4":"has-post-thumbnail","6":"product_brand-brandp_571","7":"product_cat-accessoires-et-organisateurs","8":"product_cat-cosmetiques","9":"product_cat-parfum-cosmetique","10":"product_tag-tag_923","11":"product_tag-tag_152","13":"first","14":"instock","15":"taxable","16":"shipping-taxable","17":"purchasable","18":"product-type-simple"},"_links":{"self":[{"href":"https:\/\/bigbuy.tupique.com\/en\/wp-json\/wp\/v2\/product\/195917","targetHints":{"allow":["GET"]}}],"collection":[{"href":"https:\/\/bigbuy.tupique.com\/en\/wp-json\/wp\/v2\/product"}],"about":[{"href":"https:\/\/bigbuy.tupique.com\/en\/wp-json\/wp\/v2\/types\/product"}],"replies":[{"embeddable":true,"href":"https:\/\/bigbuy.tupique.com\/en\/wp-json\/wp\/v2\/comments?post=195917"}],"wp:featuredmedia":[{"embeddable":true,"href":"https:\/\/bigbuy.tupique.com\/en\/wp-json\/wp\/v2\/media\/195907"}],"wp:attachment":[{"href":"https:\/\/bigbuy.tupique.com\/en\/wp-json\/wp\/v2\/media?parent=195917"}],"wp:term":[{"taxonomy":"product_brand","embeddable":true,"href":"https:\/\/bigbuy.tupique.com\/en\/wp-json\/wp\/v2\/product_brand?post=195917"},{"taxonomy":"product_cat","embeddable":true,"href":"https:\/\/bigbuy.tupique.com\/en\/wp-json\/wp\/v2\/product_cat?post=195917"},{"taxonomy":"product_tag","embeddable":true,"href":"https:\/\/bigbuy.tupique.com\/en\/wp-json\/wp\/v2\/product_tag?post=195917"}],"curies":[{"name":"wp","href":"https:\/\/api.w.org\/{rel}","templated":true}]}}