{"id":19583,"date":"2026-03-29T16:19:09","date_gmt":"2026-03-29T15:19:09","guid":{"rendered":"https:\/\/bigbuy.tupique.com\/produto\/network-video-recorder-axis-s9301\/"},"modified":"2026-04-15T01:27:09","modified_gmt":"2026-04-15T00:27:09","slug":"network-video-recorder-axis-s9301","status":"publish","type":"product","link":"https:\/\/bigbuy.tupique.com\/en\/produto\/network-video-recorder-axis-s9301\/","title":{"rendered":"Enregistreur Vid\u00e9o de R\u00e9seau Axis S9301"},"content":{"rendered":"<p>Si vous \u00eates passionn\u00e9 d&#8217;<b>informatique et d&#8217;\u00e9lectronique<\/b>, si vous \u00eates \u00e0 la pointe de la technologie et qu&#8217;aucun d\u00e9tail ne vous \u00e9chappe, achetez <b>Enregistreur Vid\u00e9o de R\u00e9seau Axis S9301<\/b> au meilleur prix.<\/p>\n<p>Le <b>S9301<\/b> d\u2019<b>Axis<\/b> est un <b>enregistreur vid\u00e9o r\u00e9seau<\/b> avanc\u00e9 con\u00e7u pour les syst\u00e8mes de surveillance professionnels n\u00e9cessitant efficacit\u00e9 et flexibilit\u00e9. Cet appareil compact, avec une finition \u00e9l\u00e9gante en <b>noir<\/b> et des dimensions r\u00e9duites de <b>182 mm de largeur, 178 mm de profondeur et 36 mm de hauteur<\/b>, s\u2019adapte parfaitement aux espaces restreints sans compromettre les performances. Il dispose d\u2019une <b>m\u00e9moire interne de 8 Go RAM<\/b> assurant un traitement fluide et peut g\u00e9rer et lire simultan\u00e9ment jusqu\u2019\u00e0 <b>36 canaux vid\u00e9o<\/b>, avec une capacit\u00e9 d\u2019entr\u00e9e de <b>1 canal vid\u00e9o<\/b>. La connectivit\u00e9 est assur\u00e9e via une interface <b>RJ45<\/b>, id\u00e9ale pour l\u2019int\u00e9gration dans des r\u00e9seaux IP d\u2019entreprise. Il int\u00e8gre \u00e9galement deux ports <b>DisplayPort<\/b> permettant de connecter et g\u00e9rer jusqu\u2019\u00e0 deux \u00e9crans 4K, offrant une visualisation d\u00e9taill\u00e9e et \u00e9tendue pour une surveillance efficace. L\u2019appareil fonctionne avec une consommation maximale de <b>90 W<\/b> et supporte une large plage de tensions d\u2019entr\u00e9e AC entre <b>100 \u2013 240 V<\/b> et une fr\u00e9quence de <b>50\/60 Hz<\/b>, garantissant une stabilit\u00e9 dans divers environnements. Il est \u00e9quip\u00e9 du logiciel client <b>AXIS Camera Station<\/b> pr\u00e9install\u00e9, simplifiant la gestion du syst\u00e8me de vid\u00e9osurveillance. L\u2019installation est facilit\u00e9e par l\u2019assistant int\u00e9gr\u00e9 <b>AXIS Recorder Toolbox<\/b>, qui permet une configuration rapide. Ce mod\u00e8le offre aussi des services premium comme le remplacement mat\u00e9riel sur site le jour ouvrable suivant et une garantie de <b>5 ans<\/b>, soutenue par le support technique sp\u00e9cialis\u00e9 d\u2019Axis. Parmi les accessoires inclus figure le c\u00e2ble d\u2019alimentation, assurant une mise en service rapide. En r\u00e9sum\u00e9, l\u2019Axis S9301 est une solution fiable et performante pour l\u2019enregistrement et la surveillance r\u00e9seau, id\u00e9ale pour les environnements professionnels exigeant qualit\u00e9 visuelle, performance et facilit\u00e9 d\u2019usage dans un format compact.<\/p>\n<ul>\n<li>Produit \u00e0 brancher: Oui<\/li>\n<li>Type de prise: Prise EU<\/li>\n<li>Type: Enregistreur Vid\u00e9o de R\u00e9seau<\/li>\n<li>Bloc d\u2019Alimentation:\n<ul>\n<li>r\u00e9seau \u00e9lectrique<\/li>\n<li>Cordon d&#8217;alimentation CA<\/li>\n<\/ul>\n<\/li>\n<li>Couleur: Noir<\/li>\n<li>Connexions:\n<ul>\n<li>DisplayPort<\/li>\n<li>RJ45<\/li>\n<li>DisplayPort x 2<\/li>\n<li>USB A 3.2 Gen 1 (3.1 Gen 1) x 5<\/li>\n<\/ul>\n<\/li>\n<li>Tension:\n<ul>\n<li>100-240 V<\/li>\n<li>100 &#8211; 240 V<\/li>\n<\/ul>\n<\/li>\n<li>Caract\u00e9ristiques: T\u00e9moin de fonctionnement LED<\/li>\n<li>Fr\u00e9quence d&#8217;entr\u00e9e AC: 50-60 Hz<\/li>\n<li>Non Inclus: Adaptateur AC<\/li>\n<li>Pr\u00e9cision (humidit\u00e9 relative): 20 % &#8211; 80 %<\/li>\n<\/ul>","protected":false},"excerpt":{"rendered":"<p>Si vous \u00eates passionn\u00e9 d&#8217;informatique et d&#8217;\u00e9lectronique, si vous \u00eates \u00e0 la pointe de la technologie et qu&#8217;aucun d\u00e9tail ne vous \u00e9chappe, achetez Enregistreur Vid\u00e9o de R\u00e9seau Axis S9301 au meilleur prix. Le S9301 d\u2019Axis est un enregistreur vid\u00e9o r\u00e9seau avanc\u00e9 con\u00e7u pour les syst\u00e8mes de surveillance professionnels n\u00e9cessitant efficacit\u00e9 et flexibilit\u00e9. Cet appareil compact, [&hellip;]<\/p>\n","protected":false},"featured_media":19581,"comment_status":"open","ping_status":"closed","template":"","meta":[],"product_brand":[645],"product_cat":[580,239,579],"product_tag":[567,210],"class_list":{"0":"post-19583","1":"product","2":"type-product","3":"status-publish","4":"has-post-thumbnail","6":"product_brand-brandp_4776","7":"product_cat-cameras-de-surveillance-video","8":"product_cat-maison-jardin","9":"product_cat-securite-a-la-maison","10":"product_tag-tag_556","11":"product_tag-tag_25","13":"first","14":"instock","15":"taxable","16":"shipping-taxable","17":"purchasable","18":"product-type-simple"},"_links":{"self":[{"href":"https:\/\/bigbuy.tupique.com\/en\/wp-json\/wp\/v2\/product\/19583","targetHints":{"allow":["GET"]}}],"collection":[{"href":"https:\/\/bigbuy.tupique.com\/en\/wp-json\/wp\/v2\/product"}],"about":[{"href":"https:\/\/bigbuy.tupique.com\/en\/wp-json\/wp\/v2\/types\/product"}],"replies":[{"embeddable":true,"href":"https:\/\/bigbuy.tupique.com\/en\/wp-json\/wp\/v2\/comments?post=19583"}],"wp:featuredmedia":[{"embeddable":true,"href":"https:\/\/bigbuy.tupique.com\/en\/wp-json\/wp\/v2\/media\/19581"}],"wp:attachment":[{"href":"https:\/\/bigbuy.tupique.com\/en\/wp-json\/wp\/v2\/media?parent=19583"}],"wp:term":[{"taxonomy":"product_brand","embeddable":true,"href":"https:\/\/bigbuy.tupique.com\/en\/wp-json\/wp\/v2\/product_brand?post=19583"},{"taxonomy":"product_cat","embeddable":true,"href":"https:\/\/bigbuy.tupique.com\/en\/wp-json\/wp\/v2\/product_cat?post=19583"},{"taxonomy":"product_tag","embeddable":true,"href":"https:\/\/bigbuy.tupique.com\/en\/wp-json\/wp\/v2\/product_tag?post=19583"}],"curies":[{"name":"wp","href":"https:\/\/api.w.org\/{rel}","templated":true}]}}