{"id":19530,"date":"2026-03-29T16:17:49","date_gmt":"2026-03-29T15:17:49","guid":{"rendered":"https:\/\/bigbuy.tupique.com\/produto\/switch-d-link-dgs-1520-28mp-e\/"},"modified":"2026-05-11T19:59:27","modified_gmt":"2026-05-11T17:59:27","slug":"switch-d-link-dgs-1520-28mp-e","status":"publish","type":"product","link":"https:\/\/bigbuy.tupique.com\/en\/produto\/switch-d-link-dgs-1520-28mp-e\/","title":{"rendered":"Switch D-Link DGS-1520-28MP\/E"},"content":{"rendered":"<p>Si vous \u00eates passionn\u00e9 d&#8217;<b>informatique et d&#8217;\u00e9lectronique<\/b>, si vous \u00eates \u00e0 la pointe de la technologie et qu&#8217;aucun d\u00e9tail ne vous \u00e9chappe, achetez <b>Switch D-Link DGS-1520-28MP\/E<\/b> au meilleur prix.<\/p>\n<p>Le <b>switch DGS-1520-28MP\/E<\/b> de <b>D-Link<\/b> est un \u00e9quipement r\u00e9seau professionnel con\u00e7u pour les environnements d\u2019entreprise n\u00e9cessitant haute capacit\u00e9 et flexibilit\u00e9 dans la gestion des connexions. Il s\u2019agit d\u2019un <b>switch de baie noir<\/b>, au format compact conforme au standard <b>rack 19 pouces et hauteur 1U<\/b>, id\u00e9al pour \u00e9conomiser de l\u2019espace dans les centres de donn\u00e9es ou armoires t\u00e9l\u00e9coms. Il dispose de <b>24 ports Ethernet LAN<\/b>, dont <b>20 ports RJ-45 compatibles PoE<\/b> respectant les normes IEEE 802.3af et 802.3at, permettant d\u2019alimenter les appareils via Power over Ethernet avec un budget \u00e9nerg\u00e9tique jusqu\u2019\u00e0 <b>370 W<\/b>, extensible \u00e0 740 W avec alimentation redondante (RPS). Il int\u00e8gre \u00e9galement <b>2 ports 10GBASE-T et 2 ports 10G SFP+<\/b>, offrant des connexions haut d\u00e9bit pour uplinks ou agr\u00e9gation, garantissant un trafic efficace et faible latence jusqu\u2019\u00e0 10 Gbps. Sa capacit\u00e9 de commutation de <b>140 Gbps<\/b> et une table MAC jusqu\u2019\u00e0 <b>16 384 entr\u00e9es<\/b> assurent une gestion fluide de r\u00e9seaux \u00e9tendus avec de nombreux appareils connect\u00e9s. C\u00f4t\u00e9 normes, il supporte un large \u00e9ventail allant de l\u2019Ethernet 10\/100\/1000BASE-T aux technologies avanc\u00e9es comme IEEE 802.3ae (10 Gigabit Ethernet), contr\u00f4le de flux 802.3x et efficacit\u00e9 \u00e9nerg\u00e9tique IEEE 802.3az, optimisant performance et consommation. Sur le plan logiciel, il offre des fonctions compl\u00e8tes de couche 2 et 3, incluant plusieurs protocoles Spanning Tree (STP, RSTP, MSTP), VLAN avanc\u00e9es (jusqu\u2019\u00e0 4 000 groupes et double VLAN Q-in-Q), contr\u00f4le de qualit\u00e9 de service (QoS) avec huit files par port et gestion de bande passante, ainsi que des listes de contr\u00f4le d\u2019acc\u00e8s (ACL) jusqu\u2019\u00e0 1 536 entr\u00e9es hardware pour garantir s\u00e9curit\u00e9 et segmentation du trafic. En outre, il propose authentification 802.1X, protection contre attaques DoS et DHCP snooping, avec gestion \u00e0 distance flexible via interface web, CLI, SNMP et support IPv6, facilitant son int\u00e9gration dans des infrastructures modernes. Son design robuste p\u00e8se <b>4,3 kg<\/b> pour des dimensions de <b>441 x 308,5 x 44 mm<\/b>, et son MTBF \u00e9lev\u00e9 d\u2019environ 334 000 heures atteste de sa fiabilit\u00e9. Ce mod\u00e8le est id\u00e9al pour les entreprises recherchant un switch puissant, adaptable, avec support PoE et fonctions avanc\u00e9es de gestion et s\u00e9curit\u00e9 pour optimiser r\u00e9seaux convergents et services voix, donn\u00e9es et vid\u00e9o en environnements professionnels.<\/p>\n<ul>\n<li>Produit \u00e0 brancher: Oui<\/li>\n<li>Type de prise: Prise EU<\/li>\n<li>Type:\n<ul>\n<li>Switch<\/li>\n<li>Empilable<\/li>\n<\/ul>\n<\/li>\n<li>Bloc d\u2019Alimentation: r\u00e9seau \u00e9lectrique<\/li>\n<li>Couleur: Noir<\/li>\n<li>Connexions:\n<ul>\n<li>2<\/li>\n<li>RJ-45 x 20<\/li>\n<li>SFP+<\/li>\n<li>Ethernet LAN<\/li>\n<\/ul>\n<\/li>\n<li>puissance: 370 W<\/li>\n<li>N\u00b0 de rainures: 2<\/li>\n<li>Facteur de forme: 1U<\/li>\n<li>S\u00e9curit\u00e9: IGMP<\/li>\n<\/ul>","protected":false},"excerpt":{"rendered":"<p>Si vous \u00eates passionn\u00e9 d&#8217;informatique et d&#8217;\u00e9lectronique, si vous \u00eates \u00e0 la pointe de la technologie et qu&#8217;aucun d\u00e9tail ne vous \u00e9chappe, achetez Switch D-Link DGS-1520-28MP\/E au meilleur prix. Le switch DGS-1520-28MP\/E de D-Link est un \u00e9quipement r\u00e9seau professionnel con\u00e7u pour les environnements d\u2019entreprise n\u00e9cessitant haute capacit\u00e9 et flexibilit\u00e9 dans la gestion des connexions. Il [&hellip;]<\/p>\n","protected":false},"featured_media":19529,"comment_status":"open","ping_status":"closed","template":"","meta":[],"product_brand":[640],"product_cat":[65,584,585],"product_tag":[106],"class_list":{"0":"post-19530","1":"product","2":"type-product","3":"status-publish","4":"has-post-thumbnail","6":"product_brand-brandp_543","7":"product_cat-informatique-electronique","8":"product_cat-informatique-reseaux-et-composants","9":"product_cat-switch","10":"product_tag-tag_1295","12":"first","13":"instock","14":"taxable","15":"shipping-taxable","16":"purchasable","17":"product-type-simple"},"_links":{"self":[{"href":"https:\/\/bigbuy.tupique.com\/en\/wp-json\/wp\/v2\/product\/19530","targetHints":{"allow":["GET"]}}],"collection":[{"href":"https:\/\/bigbuy.tupique.com\/en\/wp-json\/wp\/v2\/product"}],"about":[{"href":"https:\/\/bigbuy.tupique.com\/en\/wp-json\/wp\/v2\/types\/product"}],"replies":[{"embeddable":true,"href":"https:\/\/bigbuy.tupique.com\/en\/wp-json\/wp\/v2\/comments?post=19530"}],"wp:featuredmedia":[{"embeddable":true,"href":"https:\/\/bigbuy.tupique.com\/en\/wp-json\/wp\/v2\/media\/19529"}],"wp:attachment":[{"href":"https:\/\/bigbuy.tupique.com\/en\/wp-json\/wp\/v2\/media?parent=19530"}],"wp:term":[{"taxonomy":"product_brand","embeddable":true,"href":"https:\/\/bigbuy.tupique.com\/en\/wp-json\/wp\/v2\/product_brand?post=19530"},{"taxonomy":"product_cat","embeddable":true,"href":"https:\/\/bigbuy.tupique.com\/en\/wp-json\/wp\/v2\/product_cat?post=19530"},{"taxonomy":"product_tag","embeddable":true,"href":"https:\/\/bigbuy.tupique.com\/en\/wp-json\/wp\/v2\/product_tag?post=19530"}],"curies":[{"name":"wp","href":"https:\/\/api.w.org\/{rel}","templated":true}]}}