{"id":19489,"date":"2026-03-29T16:16:53","date_gmt":"2026-03-29T15:16:53","guid":{"rendered":"https:\/\/bigbuy.tupique.com\/produto\/monitor-elo-touch-systems-et1517l-7cwb-1-bl-zb-g-15-50-60-hz\/"},"modified":"2026-04-15T01:26:30","modified_gmt":"2026-04-15T00:26:30","slug":"monitor-elo-touch-systems-et1517l-7cwb-1-bl-zb-g-15-50-60-hz","status":"publish","type":"product","link":"https:\/\/bigbuy.tupique.com\/en\/produto\/monitor-elo-touch-systems-et1517l-7cwb-1-bl-zb-g-15-50-60-hz\/","title":{"rendered":"\u00c9cran Elo Touch Systems ET1517L-7CWB-1-BL-ZB-G 15&#8243; 50-60 Hz"},"content":{"rendered":"<p>Si vous \u00eates passionn\u00e9 d&#8217;<b>informatique et d&#8217;\u00e9lectronique<\/b>, si vous \u00eates \u00e0 la pointe de la technologie et qu&#8217;aucun d\u00e9tail ne vous \u00e9chappe, achetez <b>\u00c9cran Elo Touch Systems ET1517L-7CWB-1-BL-ZB-G 15&#8243; 50-60 Hz<\/b> au meilleur prix.<\/p>\n<ul>\n<li>Produit \u00e0 brancher: Oui<\/li>\n<li>Type de prise: Prise EU<\/li>\n<li>Diagonale de l&#8217;\u00e9cran (cm): 38,1 cm<\/li>\n<li>Technologie:\n<ul>\n<li>LED<\/li>\n<li>TFT<\/li>\n<\/ul>\n<\/li>\n<li>Type: \u00c9cran<\/li>\n<li>Bloc d\u2019Alimentation:\n<ul>\n<li>r\u00e9seau \u00e9lectrique<\/li>\n<li>CA<\/li>\n<\/ul>\n<\/li>\n<li>Couleur: Noir<\/li>\n<li>VESA: 7,5 x 7,5 cm<\/li>\n<li>Tension:\n<ul>\n<li>100-240 V<\/li>\n<li>240 V<\/li>\n<li>100 &#8211; 240 V<\/li>\n<\/ul>\n<\/li>\n<li>Ecran: 15&#8243;<\/li>\n<li>puissance:\n<ul>\n<li>5 W<\/li>\n<li>12 W<\/li>\n<\/ul>\n<\/li>\n<li>Connexions: VGA D-sub<\/li>\n<li>Caract\u00e9ristiques:\n<ul>\n<li>Ecran tactile<\/li>\n<li>Montage mural<\/li>\n<li>Avec stand<\/li>\n<li>T\u00e9moin LED<\/li>\n<\/ul>\n<\/li>\n<li>R\u00e9solution (px): 1024 x 768 px<\/li>\n<li>Fr\u00e9quence:\n<ul>\n<li>50-60 Hz<\/li>\n<li>50 &#8211; 60 Hz<\/li>\n<li>60 Hz<\/li>\n<\/ul>\n<\/li>\n<li>Rapport d&#8217;aspect: 4:3<\/li>\n<li>R\u00e9solution: XGA<\/li>\n<li>Certificat: CE &#8211; RoHS<\/li>\n<li>Pr\u00e9cision (humidit\u00e9 relative): 20 % &#8211; 80 %<\/li>\n<li>Montage: VESA<\/li>\n<\/ul>","protected":false},"excerpt":{"rendered":"<p>Si vous \u00eates passionn\u00e9 d&#8217;informatique et d&#8217;\u00e9lectronique, si vous \u00eates \u00e0 la pointe de la technologie et qu&#8217;aucun d\u00e9tail ne vous \u00e9chappe, achetez \u00c9cran Elo Touch Systems ET1517L-7CWB-1-BL-ZB-G 15&#8243; 50-60 Hz au meilleur prix. Produit \u00e0 brancher: Oui Type de prise: Prise EU Diagonale de l&#8217;\u00e9cran (cm): 38,1 cm Technologie: LED TFT Type: \u00c9cran Bloc [&hellip;]<\/p>\n","protected":false},"featured_media":19488,"comment_status":"open","ping_status":"closed","template":"","meta":[],"product_brand":[980],"product_cat":[65,581,616],"product_tag":[213,106],"class_list":{"0":"post-19489","1":"product","2":"type-product","3":"status-publish","4":"has-post-thumbnail","6":"product_brand-brandp_4775","7":"product_cat-informatique-electronique","8":"product_cat-informatique-peripheriques-et-consommables","9":"product_cat-moniteurs","10":"product_tag-tag_933","11":"product_tag-tag_1295","13":"first","14":"instock","15":"taxable","16":"shipping-taxable","17":"purchasable","18":"product-type-simple"},"_links":{"self":[{"href":"https:\/\/bigbuy.tupique.com\/en\/wp-json\/wp\/v2\/product\/19489","targetHints":{"allow":["GET"]}}],"collection":[{"href":"https:\/\/bigbuy.tupique.com\/en\/wp-json\/wp\/v2\/product"}],"about":[{"href":"https:\/\/bigbuy.tupique.com\/en\/wp-json\/wp\/v2\/types\/product"}],"replies":[{"embeddable":true,"href":"https:\/\/bigbuy.tupique.com\/en\/wp-json\/wp\/v2\/comments?post=19489"}],"wp:featuredmedia":[{"embeddable":true,"href":"https:\/\/bigbuy.tupique.com\/en\/wp-json\/wp\/v2\/media\/19488"}],"wp:attachment":[{"href":"https:\/\/bigbuy.tupique.com\/en\/wp-json\/wp\/v2\/media?parent=19489"}],"wp:term":[{"taxonomy":"product_brand","embeddable":true,"href":"https:\/\/bigbuy.tupique.com\/en\/wp-json\/wp\/v2\/product_brand?post=19489"},{"taxonomy":"product_cat","embeddable":true,"href":"https:\/\/bigbuy.tupique.com\/en\/wp-json\/wp\/v2\/product_cat?post=19489"},{"taxonomy":"product_tag","embeddable":true,"href":"https:\/\/bigbuy.tupique.com\/en\/wp-json\/wp\/v2\/product_tag?post=19489"}],"curies":[{"name":"wp","href":"https:\/\/api.w.org\/{rel}","templated":true}]}}