{"id":19474,"date":"2026-03-29T16:16:36","date_gmt":"2026-03-29T15:16:36","guid":{"rendered":"https:\/\/bigbuy.tupique.com\/produto\/mens-watch-casio\/"},"modified":"2026-04-16T17:15:53","modified_gmt":"2026-04-16T16:15:53","slug":"mens-watch-casio","status":"publish","type":"product","link":"https:\/\/bigbuy.tupique.com\/en\/produto\/mens-watch-casio\/","title":{"rendered":"Montre Homme Casio"},"content":{"rendered":"<p>Si vous aimez suivre les derni\u00e8res tendances en mati\u00e8re de mode et accessoires, achetez <b>Montre Homme Casio<\/b> au meilleur prix.<\/p>\n<p>La <b>montre Casio GBD-H2000-1A9ER<\/b> est une <b>montre homme<\/b> robuste et multifonction con\u00e7ue pour un usage sportif et urbain, alliant technologie avanc\u00e9e et r\u00e9sistance. Sa <b>couleur gris clair<\/b> lui conf\u00e8re un style polyvalent et discret, tandis que le <b>bracelet en r\u00e9sine<\/b> garantit durabilit\u00e9 et confort au poignet, id\u00e9al pour les activit\u00e9s quotidiennes et sportives. Ce mod\u00e8le int\u00e8gre un <b>verre min\u00e9ral<\/b>, offrant une meilleure r\u00e9sistance aux rayures et \u00e0 l\u2019usure, et dispose d\u2019une <b>\u00e9tanch\u00e9it\u00e9 jusqu\u2019\u00e0 20 atmosph\u00e8res<\/b>, permettant son utilisation lors d\u2019activit\u00e9s aquatiques comme la natation et la plong\u00e9e en surface sans compromettre ses fonctions. Parmi ses multiples fonctions, on note son caract\u00e8re multifonction regroupant chronom\u00e8tre, minuteur, alarmes et modes sportifs, tous accessibles via une interface intuitive con\u00e7ue pour faciliter la prise en main pendant l\u2019effort ou au quotidien. L\u2019association de son design et de ses caract\u00e9ristiques techniques fait de cette <b>montre Casio G-Shock Sport<\/b> un outil fiable pour l\u2019homme actif recherchant pr\u00e9cision, robustesse et style dans un m\u00eame appareil. En r\u00e9sum\u00e9, la GBD-H2000-1A9ER repr\u00e9sente une solution compl\u00e8te pour ceux qui exigent une montre fonctionnelle, durable et pr\u00eate \u00e0 affronter des conditions exigeantes.<\/p>\n<ul>\n<li>Fonctions: Multifonction<\/li>\n<li>Imperm\u00e9abilit\u00e9: 20 atm<\/li>\n<li>Verre: Min\u00e9ral<\/li>\n<li>Design: Enfant<\/li>\n<li>Mat\u00e9riau du bracelet: R\u00e9sine<\/li>\n<li>Genre: Homme<\/li>\n<li>Diam\u00e8tre du bo\u00eetier de la montre: \u00d8 52,6 mm<\/li>\n<li>Liens suppl\u00e9mentaires: Non<\/li>\n<li>Type de montre: Montre-bracelet<\/li>\n<li>Connectivit\u00e9: Bluetooth<\/li>\n<\/ul>","protected":false},"excerpt":{"rendered":"<p>Si vous aimez suivre les derni\u00e8res tendances en mati\u00e8re de mode et accessoires, achetez Montre Homme Casio au meilleur prix. La montre Casio GBD-H2000-1A9ER est une montre homme robuste et multifonction con\u00e7ue pour un usage sportif et urbain, alliant technologie avanc\u00e9e et r\u00e9sistance. Sa couleur gris clair lui conf\u00e8re un style polyvalent et discret, tandis [&hellip;]<\/p>\n","protected":false},"featured_media":19470,"comment_status":"open","ping_status":"closed","template":"","meta":[],"product_brand":[806],"product_cat":[544,574,545],"product_tag":[103,59,543],"class_list":{"0":"post-19474","1":"product","2":"type-product","3":"status-publish","4":"has-post-thumbnail","6":"product_brand-brandp_816","7":"product_cat-mode-accessoires","8":"product_cat-montres-homme","9":"product_cat-montres-bracelets","10":"product_tag-tag_1261","11":"product_tag-tag_1304","12":"product_tag-tag_61","14":"first","15":"instock","16":"taxable","17":"shipping-taxable","18":"purchasable","19":"product-type-simple"},"_links":{"self":[{"href":"https:\/\/bigbuy.tupique.com\/en\/wp-json\/wp\/v2\/product\/19474","targetHints":{"allow":["GET"]}}],"collection":[{"href":"https:\/\/bigbuy.tupique.com\/en\/wp-json\/wp\/v2\/product"}],"about":[{"href":"https:\/\/bigbuy.tupique.com\/en\/wp-json\/wp\/v2\/types\/product"}],"replies":[{"embeddable":true,"href":"https:\/\/bigbuy.tupique.com\/en\/wp-json\/wp\/v2\/comments?post=19474"}],"wp:featuredmedia":[{"embeddable":true,"href":"https:\/\/bigbuy.tupique.com\/en\/wp-json\/wp\/v2\/media\/19470"}],"wp:attachment":[{"href":"https:\/\/bigbuy.tupique.com\/en\/wp-json\/wp\/v2\/media?parent=19474"}],"wp:term":[{"taxonomy":"product_brand","embeddable":true,"href":"https:\/\/bigbuy.tupique.com\/en\/wp-json\/wp\/v2\/product_brand?post=19474"},{"taxonomy":"product_cat","embeddable":true,"href":"https:\/\/bigbuy.tupique.com\/en\/wp-json\/wp\/v2\/product_cat?post=19474"},{"taxonomy":"product_tag","embeddable":true,"href":"https:\/\/bigbuy.tupique.com\/en\/wp-json\/wp\/v2\/product_tag?post=19474"}],"curies":[{"name":"wp","href":"https:\/\/api.w.org\/{rel}","templated":true}]}}