{"id":193668,"date":"2026-04-16T13:38:08","date_gmt":"2026-04-16T12:38:08","guid":{"rendered":"https:\/\/bigbuy.tupique.com\/produto\/ecran-samsung-m7-s43fm701uu-43\/"},"modified":"2026-04-16T13:47:11","modified_gmt":"2026-04-16T12:47:11","slug":"ecran-samsung-m7-s43fm701uu-43","status":"publish","type":"product","link":"https:\/\/bigbuy.tupique.com\/en\/produto\/ecran-samsung-m7-s43fm701uu-43\/","title":{"rendered":"\u00c9cran Samsung M7 S43FM701UU 43&#8243;"},"content":{"rendered":"<p>Si vous \u00eates \u00e0 la recherche de nouvelles tendances sur le march\u00e9, nous vous pr\u00e9sentons <b>\u00c9cran Samsung M7 S43FM701UU 43&#8243;<\/b> !<\/p>\n<p>Le <b>Smart Monitor Samsung M7 S43FM701UU<\/b> est un <b>moniteur<\/b> qui combine la fonction d\u2019\u00e9cran multim\u00e9dia avec les capacit\u00e9s d\u2019un Smart TV, s\u2019adaptant aussi bien aux environnements professionnels que de loisirs. Il pr\u00e9sente une taille g\u00e9n\u00e9reuse de <b>43 pouces<\/b> avec un panneau <b>IPS<\/b> offrant un large angle de vision et une meilleure qualit\u00e9 d\u2019image, ainsi qu\u2019une technologie <b>LED<\/b> garantissant des images lumineuses et des couleurs vives. Sa r\u00e9solution <b>4K<\/b> fournit un niveau de d\u00e9tail \u00e9lev\u00e9, id\u00e9al pour profiter de contenus multim\u00e9dias avec nettet\u00e9 et r\u00e9alisme. Ce mod\u00e8le se distingue par son bo\u00eetier en finition <b>blanc et noir<\/b>, apportant un design \u00e9l\u00e9gant et polyvalent, s\u2019int\u00e9grant facilement dans tout espace. De plus, il dispose d\u2019une connectivit\u00e9 <b>HDMI<\/b>, facilitant la connexion \u00e0 divers appareils externes, et offre un format panoramique <b>16:9<\/b>, standard pour la plupart des applications audiovisuelles. Sa compatibilit\u00e9 avec les fonctions intelligentes fait de cet \u00e9quipement une solution pratique pour ceux qui recherchent un moniteur fonctionnant aussi comme Smart TV, permettant d\u2019acc\u00e9der aux applications et plateformes de streaming sans appareils suppl\u00e9mentaires. La qualit\u00e9 d\u2019image et les fonctionnalit\u00e9s multim\u00e9dias font du Samsung M7 S43FM701UU une alternative int\u00e9ressante dans la cat\u00e9gorie des moniteurs grand format \u00e0 capacit\u00e9s intelligentes. Globalement, ce produit offre un \u00e9quilibre entre usage professionnel et divertissement domestique avec la garantie de la marque Samsung.<\/p>\n<ul>\n<li>Type: \u00c9cran<\/li>\n<li>Couleur:\n<ul>\n<li>Noir<\/li>\n<li>Blanc<\/li>\n<\/ul>\n<\/li>\n<li>Connexions: HDMI<\/li>\n<li>Classification \u00e9nerg\u00e9tique: F<\/li>\n<li>Bloc d\u2019Alimentation: r\u00e9seau \u00e9lectrique<\/li>\n<li>TV intelligente: Oui<\/li>\n<li>R\u00e9solution: 4K Ultra HD<\/li>\n<li>Type de prise: Prise EU<\/li>\n<li>Produit \u00e0 brancher: Oui<\/li>\n<li>Temps de r\u00e9ponse:\n<ul>\n<li>4 ms<\/li>\n<li>1 ms<\/li>\n<\/ul>\n<\/li>\n<li>Technologie:\n<ul>\n<li>LCD<\/li>\n<li>LED<\/li>\n<li>IPS<\/li>\n<li>4K IPS<\/li>\n<li>HDR<\/li>\n<\/ul>\n<\/li>\n<li>Caract\u00e9ristiques:\n<ul>\n<li>TV intelligente<\/li>\n<li>4K<\/li>\n<\/ul>\n<\/li>\n<li>Rapport d&#8217;aspect: 16:9<\/li>\n<li>Connectivit\u00e9:\n<ul>\n<li>Bluetooth<\/li>\n<li>Wi-Fi<\/li>\n<\/ul>\n<\/li>\n<li>Format: 16:9<\/li>\n<li>Montage:\n<ul>\n<li>Ind\u00e9pendant<\/li>\n<li>Montage mural<\/li>\n<\/ul>\n<\/li>\n<li>Ecran: 43&#8243;<\/li>\n<li>Fr\u00e9quence: 60 Hz<\/li>\n<li>Utilisation recommand\u00e9e:\n<ul>\n<li>Universel<\/li>\n<li>Bureau\/Centre d&#8217;appels<\/li>\n<\/ul>\n<\/li>\n<li>R\u00e9solution (px): 3840 x 2160 px<\/li>\n<li>Diagonale de l&#8217;\u00e9cran (cm): 109,2 cm<\/li>\n<\/ul>","protected":false},"excerpt":{"rendered":"<p>Si vous \u00eates \u00e0 la recherche de nouvelles tendances sur le march\u00e9, nous vous pr\u00e9sentons \u00c9cran Samsung M7 S43FM701UU 43&#8243; ! Le Smart Monitor Samsung M7 S43FM701UU est un moniteur qui combine la fonction d\u2019\u00e9cran multim\u00e9dia avec les capacit\u00e9s d\u2019un Smart TV, s\u2019adaptant aussi bien aux environnements professionnels que de loisirs. Il pr\u00e9sente une taille [&hellip;]<\/p>\n","protected":false},"featured_media":193661,"comment_status":"open","ping_status":"closed","template":"","meta":[],"product_brand":[183],"product_cat":[65,581,616],"product_tag":[213,106],"class_list":{"0":"post-193668","1":"product","2":"type-product","3":"status-publish","4":"has-post-thumbnail","6":"product_brand-brandp_576","7":"product_cat-informatique-electronique","8":"product_cat-informatique-peripheriques-et-consommables","9":"product_cat-moniteurs","10":"product_tag-tag_933","11":"product_tag-tag_1295","13":"first","14":"instock","15":"taxable","16":"shipping-taxable","17":"purchasable","18":"product-type-simple"},"_links":{"self":[{"href":"https:\/\/bigbuy.tupique.com\/en\/wp-json\/wp\/v2\/product\/193668","targetHints":{"allow":["GET"]}}],"collection":[{"href":"https:\/\/bigbuy.tupique.com\/en\/wp-json\/wp\/v2\/product"}],"about":[{"href":"https:\/\/bigbuy.tupique.com\/en\/wp-json\/wp\/v2\/types\/product"}],"replies":[{"embeddable":true,"href":"https:\/\/bigbuy.tupique.com\/en\/wp-json\/wp\/v2\/comments?post=193668"}],"wp:featuredmedia":[{"embeddable":true,"href":"https:\/\/bigbuy.tupique.com\/en\/wp-json\/wp\/v2\/media\/193661"}],"wp:attachment":[{"href":"https:\/\/bigbuy.tupique.com\/en\/wp-json\/wp\/v2\/media?parent=193668"}],"wp:term":[{"taxonomy":"product_brand","embeddable":true,"href":"https:\/\/bigbuy.tupique.com\/en\/wp-json\/wp\/v2\/product_brand?post=193668"},{"taxonomy":"product_cat","embeddable":true,"href":"https:\/\/bigbuy.tupique.com\/en\/wp-json\/wp\/v2\/product_cat?post=193668"},{"taxonomy":"product_tag","embeddable":true,"href":"https:\/\/bigbuy.tupique.com\/en\/wp-json\/wp\/v2\/product_tag?post=193668"}],"curies":[{"name":"wp","href":"https:\/\/api.w.org\/{rel}","templated":true}]}}