{"id":193642,"date":"2026-04-16T13:36:59","date_gmt":"2026-04-16T12:36:59","guid":{"rendered":"https:\/\/bigbuy.tupique.com\/produto\/hotte-ilot-cata-bennuslim1200x\/"},"modified":"2026-04-16T23:20:23","modified_gmt":"2026-04-16T22:20:23","slug":"hotte-ilot-cata-bennuslim1200x","status":"publish","type":"product","link":"https:\/\/bigbuy.tupique.com\/en\/produto\/hotte-ilot-cata-bennuslim1200x\/","title":{"rendered":"Hotte \u00eelot Cata BENNUSLIM1200X"},"content":{"rendered":"<p>Si vous aimez prendre soin de chaque d\u00e9tail de votre maison et d&#8217;\u00eatre \u00e0 la derni\u00e8re mode en mati\u00e8re de produits qui vous rendront la vie plus facile, achetez <b>Hotte \u00eelot Cata BENNUSLIM1200X<\/b> au meilleur prix.<\/p>\n<ul>\n<li>Capacit\u00e9 d\u2019extraction: 620 m3\/h<\/li>\n<li>Type de prise: Prise EU<\/li>\n<li>Type: De toit<\/li>\n<li>Couleur: Acier<\/li>\n<li>Largeur: 116 cm<\/li>\n<li>Caract\u00e9ristiques: Commande tactile<\/li>\n<li>Classification \u00e9nerg\u00e9tique: B<\/li>\n<li>puissance: 105 W<\/li>\n<li>Filtre: Lavable<\/li>\n<li>Mati\u00e8re: Acier<\/li>\n<li>\u00c9lev\u00e9: 17,8 cm<\/li>\n<li>Inclut: Manuel d\u2019utilisation<\/li>\n<li>Niveau sonore: 50 dB<\/li>\n<li>Type d&#8217;installation: Montage mural<\/li>\n<li>Vitesse: 3 vitesses<\/li>\n<\/ul>","protected":false},"excerpt":{"rendered":"<p>Si vous aimez prendre soin de chaque d\u00e9tail de votre maison et d&#8217;\u00eatre \u00e0 la derni\u00e8re mode en mati\u00e8re de produits qui vous rendront la vie plus facile, achetez Hotte \u00eelot Cata BENNUSLIM1200X au meilleur prix. Capacit\u00e9 d\u2019extraction: 620 m3\/h Type de prise: Prise EU Type: De toit Couleur: Acier Largeur: 116 cm Caract\u00e9ristiques: Commande [&hellip;]<\/p>\n","protected":false},"featured_media":193637,"comment_status":"open","ping_status":"closed","template":"","meta":[],"product_brand":[155],"product_cat":[60,61,62],"product_tag":[],"class_list":{"0":"post-193642","1":"product","2":"type-product","3":"status-publish","4":"has-post-thumbnail","6":"product_brand-brandp_1208","7":"product_cat-cuisine-gourmet","8":"product_cat-equipement-de-cuisine","9":"product_cat-hottes-de-cuisine","11":"first","12":"instock","13":"taxable","14":"shipping-taxable","15":"purchasable","16":"product-type-simple"},"_links":{"self":[{"href":"https:\/\/bigbuy.tupique.com\/en\/wp-json\/wp\/v2\/product\/193642","targetHints":{"allow":["GET"]}}],"collection":[{"href":"https:\/\/bigbuy.tupique.com\/en\/wp-json\/wp\/v2\/product"}],"about":[{"href":"https:\/\/bigbuy.tupique.com\/en\/wp-json\/wp\/v2\/types\/product"}],"replies":[{"embeddable":true,"href":"https:\/\/bigbuy.tupique.com\/en\/wp-json\/wp\/v2\/comments?post=193642"}],"wp:featuredmedia":[{"embeddable":true,"href":"https:\/\/bigbuy.tupique.com\/en\/wp-json\/wp\/v2\/media\/193637"}],"wp:attachment":[{"href":"https:\/\/bigbuy.tupique.com\/en\/wp-json\/wp\/v2\/media?parent=193642"}],"wp:term":[{"taxonomy":"product_brand","embeddable":true,"href":"https:\/\/bigbuy.tupique.com\/en\/wp-json\/wp\/v2\/product_brand?post=193642"},{"taxonomy":"product_cat","embeddable":true,"href":"https:\/\/bigbuy.tupique.com\/en\/wp-json\/wp\/v2\/product_cat?post=193642"},{"taxonomy":"product_tag","embeddable":true,"href":"https:\/\/bigbuy.tupique.com\/en\/wp-json\/wp\/v2\/product_tag?post=193642"}],"curies":[{"name":"wp","href":"https:\/\/api.w.org\/{rel}","templated":true}]}}