{"id":193605,"date":"2026-04-16T13:35:18","date_gmt":"2026-04-16T12:35:18","guid":{"rendered":"https:\/\/bigbuy.tupique.com\/produto\/hotte-standard-cata-thalassapro90ggr-gris\/"},"modified":"2026-04-16T23:20:24","modified_gmt":"2026-04-16T22:20:24","slug":"hotte-standard-cata-thalassapro90ggr-gris","status":"publish","type":"product","link":"https:\/\/bigbuy.tupique.com\/en\/produto\/hotte-standard-cata-thalassapro90ggr-gris\/","title":{"rendered":"Hotte standard Cata THALASSAPRO90GGR Gris"},"content":{"rendered":"<p>Si vous \u00eates \u00e0 la recherche de nouvelles tendances sur le march\u00e9, nous vous pr\u00e9sentons <b>Hotte standard Cata THALASSAPRO90GGR Gris<\/b> !<\/p>\n<ul>\n<li>Type:\n<ul>\n<li>Hotte standard<\/li>\n<li>Mural<\/li>\n<\/ul>\n<\/li>\n<li>Produit \u00e0 brancher: Oui<\/li>\n<li>Type de prise: Prise EU<\/li>\n<li>Bloc d\u2019Alimentation: r\u00e9seau \u00e9lectrique<\/li>\n<li>Filtres: 3<\/li>\n<li>Niveau sonore: 64 dB<\/li>\n<li>Moteur: 1<\/li>\n<li>Vitesse: 6 vitesses<\/li>\n<li>Type d&#8217;ampoule: LED<\/li>\n<li>\u00c9lev\u00e9: 113 cm<\/li>\n<li>puissance: 138 w<\/li>\n<li>Classification \u00e9nerg\u00e9tique: A+++<\/li>\n<li>Caract\u00e9ristiques:\n<ul>\n<li>\u00c9cran integr\u00e9<\/li>\n<li>Commande tactile<\/li>\n<\/ul>\n<\/li>\n<li>Largeur: 90 cm<\/li>\n<li>Couleur: Gris<\/li>\n<li>Capacit\u00e9 d\u2019extraction: 842 m3\/h<\/li>\n<li>Taille: 90 cm<\/li>\n<li>Finition: Semi-mat<\/li>\n<li>Niveaux de puissance: 6<\/li>\n<li>Inclut:\n<ul>\n<li>Kit de Montage<\/li>\n<li>Filtre<\/li>\n<li>Manuel de l&#8217;utilisateur<\/li>\n<li>Filtre \u00e0 charbon<\/li>\n<\/ul>\n<\/li>\n<li>Contr\u00f4le: Boutons<\/li>\n<li>Type d&#8217;installation: Montage mural<\/li>\n<li>Filtre: Carbone<\/li>\n<li>Mati\u00e8re: Charbon<\/li>\n<\/ul>","protected":false},"excerpt":{"rendered":"<p><span class=\"unit-info\">579.9889 &euro; \/ 1 m<\/span><\/p>","protected":false},"featured_media":193603,"comment_status":"open","ping_status":"closed","template":"","meta":[],"product_brand":[155],"product_cat":[60,61,62],"product_tag":[56],"class_list":{"0":"post-193605","1":"product","2":"type-product","3":"status-publish","4":"has-post-thumbnail","6":"product_brand-brandp_1208","7":"product_cat-cuisine-gourmet","8":"product_cat-equipement-de-cuisine","9":"product_cat-hottes-de-cuisine","10":"product_tag-tag_930","12":"first","13":"instock","14":"taxable","15":"shipping-taxable","16":"purchasable","17":"product-type-simple"},"_links":{"self":[{"href":"https:\/\/bigbuy.tupique.com\/en\/wp-json\/wp\/v2\/product\/193605","targetHints":{"allow":["GET"]}}],"collection":[{"href":"https:\/\/bigbuy.tupique.com\/en\/wp-json\/wp\/v2\/product"}],"about":[{"href":"https:\/\/bigbuy.tupique.com\/en\/wp-json\/wp\/v2\/types\/product"}],"replies":[{"embeddable":true,"href":"https:\/\/bigbuy.tupique.com\/en\/wp-json\/wp\/v2\/comments?post=193605"}],"wp:featuredmedia":[{"embeddable":true,"href":"https:\/\/bigbuy.tupique.com\/en\/wp-json\/wp\/v2\/media\/193603"}],"wp:attachment":[{"href":"https:\/\/bigbuy.tupique.com\/en\/wp-json\/wp\/v2\/media?parent=193605"}],"wp:term":[{"taxonomy":"product_brand","embeddable":true,"href":"https:\/\/bigbuy.tupique.com\/en\/wp-json\/wp\/v2\/product_brand?post=193605"},{"taxonomy":"product_cat","embeddable":true,"href":"https:\/\/bigbuy.tupique.com\/en\/wp-json\/wp\/v2\/product_cat?post=193605"},{"taxonomy":"product_tag","embeddable":true,"href":"https:\/\/bigbuy.tupique.com\/en\/wp-json\/wp\/v2\/product_tag?post=193605"}],"curies":[{"name":"wp","href":"https:\/\/api.w.org\/{rel}","templated":true}]}}