{"id":192954,"date":"2026-04-16T07:18:33","date_gmt":"2026-04-16T06:18:33","guid":{"rendered":"https:\/\/bigbuy.tupique.com\/produto\/protection-pour-telephone-portable-apple-jaune-apple\/"},"modified":"2026-05-11T20:02:13","modified_gmt":"2026-05-11T18:02:13","slug":"protection-pour-telephone-portable-apple-jaune-apple","status":"publish","type":"product","link":"https:\/\/bigbuy.tupique.com\/en\/produto\/protection-pour-telephone-portable-apple-jaune-apple\/","title":{"rendered":"Protection pour t\u00e9l\u00e9phone portable Apple Jaune Apple"},"content":{"rendered":"<p>Si vous \u00eates passionn\u00e9 d&#8217;<b>informatique et d&#8217;\u00e9lectronique<\/b>, si vous \u00eates \u00e0 la pointe de la technologie et qu&#8217;aucun d\u00e9tail ne vous \u00e9chappe, achetez <b>Protection pour t\u00e9l\u00e9phone portable Apple Jaune Apple<\/b> au meilleur prix.<\/p>\n<ul>\n<li>Type:\n<ul>\n<li>Protection pour t\u00e9l\u00e9phone portable<\/li>\n<li>\u00c9tui<\/li>\n<\/ul>\n<\/li>\n<li>Couleur: Jaune<\/li>\n<li>Pile incluse: Non<\/li>\n<li>Ecran: 6,9&#8243;<\/li>\n<li>Compatible: Apple<\/li>\n<\/ul>","protected":false},"excerpt":{"rendered":"<p>Si vous \u00eates passionn\u00e9 d&#8217;informatique et d&#8217;\u00e9lectronique, si vous \u00eates \u00e0 la pointe de la technologie et qu&#8217;aucun d\u00e9tail ne vous \u00e9chappe, achetez Protection pour t\u00e9l\u00e9phone portable Apple Jaune Apple au meilleur prix. Type: Protection pour t\u00e9l\u00e9phone portable \u00c9tui Couleur: Jaune Pile incluse: Non Ecran: 6,9&#8243; Compatible: Apple<\/p>","protected":false},"featured_media":192948,"comment_status":"open","ping_status":"closed","template":"","meta":[],"product_brand":[979],"product_cat":[575,65],"product_tag":[59,566],"class_list":{"0":"post-192954","1":"product","2":"type-product","3":"status-publish","4":"has-post-thumbnail","6":"product_brand-brandp_533","7":"product_cat-electronique-telephonie-et-tablettes","8":"product_cat-informatique-electronique","9":"product_tag-tag_1304","10":"product_tag-tag_547","12":"first","13":"instock","14":"taxable","15":"shipping-taxable","16":"purchasable","17":"product-type-simple"},"_links":{"self":[{"href":"https:\/\/bigbuy.tupique.com\/en\/wp-json\/wp\/v2\/product\/192954","targetHints":{"allow":["GET"]}}],"collection":[{"href":"https:\/\/bigbuy.tupique.com\/en\/wp-json\/wp\/v2\/product"}],"about":[{"href":"https:\/\/bigbuy.tupique.com\/en\/wp-json\/wp\/v2\/types\/product"}],"replies":[{"embeddable":true,"href":"https:\/\/bigbuy.tupique.com\/en\/wp-json\/wp\/v2\/comments?post=192954"}],"wp:featuredmedia":[{"embeddable":true,"href":"https:\/\/bigbuy.tupique.com\/en\/wp-json\/wp\/v2\/media\/192948"}],"wp:attachment":[{"href":"https:\/\/bigbuy.tupique.com\/en\/wp-json\/wp\/v2\/media?parent=192954"}],"wp:term":[{"taxonomy":"product_brand","embeddable":true,"href":"https:\/\/bigbuy.tupique.com\/en\/wp-json\/wp\/v2\/product_brand?post=192954"},{"taxonomy":"product_cat","embeddable":true,"href":"https:\/\/bigbuy.tupique.com\/en\/wp-json\/wp\/v2\/product_cat?post=192954"},{"taxonomy":"product_tag","embeddable":true,"href":"https:\/\/bigbuy.tupique.com\/en\/wp-json\/wp\/v2\/product_tag?post=192954"}],"curies":[{"name":"wp","href":"https:\/\/api.w.org\/{rel}","templated":true}]}}